{"id":14834,"date":"2025-08-15T01:22:15","date_gmt":"2025-08-15T01:22:15","guid":{"rendered":"https:\/\/engagingsafetysolutions.com\/esp\/?post_type=product&#038;p=14834"},"modified":"2025-08-18T16:46:05","modified_gmt":"2025-08-18T16:46:05","slug":"introduccion-al-readiestramiento-de-hazwoper-2","status":"publish","type":"product","link":"https:\/\/engagingsafetysolutions.com\/esp\/product\/introduccion-al-readiestramiento-de-hazwoper-2\/","title":{"rendered":"Introduccion al Readiestramiento de HAZWOPER"},"content":{"rendered":"<p>Introducci\u00f3n a la recapacitaci\u00f3n de HAZWOPER El programa HAZWOPER ayuda a las instalaciones a cumplir con los requisitos de capacitaci\u00f3n de los empleados de la regulaci\u00f3n HAZWOPER de OSHA (29 CFR 1910.120), y recuerda a los empleados que manejan materiales peligrosos la importancia de identificar, evaluar y controlar los peligros qu\u00edmicos. Los materiales y desechos peligrosos son parte de muchas situaciones de trabajo y se pueden encontrar en muchos tipos de sitios de trabajo. OSHA considera que es tan importante que los empleados sepan c\u00f3mo reconocer estas sustancias potencialmente peligrosas (as\u00ed como c\u00f3mo manipularlas y desecharlas adecuadamente) que han ordenado que cualquier persona que trabaje con estas sustancias reciba una capacitaci\u00f3n integral en esta \u00e1rea. En 1976, la Agencia de Protecci\u00f3n Ambiental de EE. UU. (EPA) emiti\u00f3 la Ley de Conservaci\u00f3n y Recuperaci\u00f3n de Recursos (RCRA) para regular el manejo de desechos peligrosos desde la cuna hasta la tumba. Desde entonces, le han seguido otras regulaciones, incluida la 29 CFR 1910.120 de OSHA, tambi\u00e9n conocida como HAZWOPER. Como parte de estas regulaciones, existen diferentes requisitos para la capacitaci\u00f3n de los empleados, seg\u00fan el nivel espec\u00edfico de participaci\u00f3n de un empleado con materiales peligrosos. Las \u00e1reas cubiertas en el programa incluyen antecedentes de las regulaciones de HAZWOPER, el plan de seguridad y salud del sitio, el plan de respuesta a emergencias, la caracterizaci\u00f3n del sitio y el programa de control del sitio, los sistemas de controles, los procedimientos operativos est\u00e1ndar, el equipo de protecci\u00f3n personal, el monitoreo de la exposici\u00f3n, la descontaminaci\u00f3n y los programas de vigilancia m\u00e9dica, y m\u00e1s.<\/p>\n","protected":false},"excerpt":{"rendered":"<p>Introducci\u00f3n al reentrenamiento de HAZWOPER El programa HAZWOPER ayuda a las instalaciones a cumplir con los requisitos de capacitaci\u00f3n de los empleados de la regulaci\u00f3n HAZWOPER de OSHA (29 CFR 1910.120), y recuerda a los empleados que manejan materiales peligrosos la importancia de identificar, evaluar y controlar los peligros qu\u00edmicos. El programa se puede utilizar como base para aproximadamente dos horas de capacitaci\u00f3n en el aula.<\/p>\n","protected":false},"featured_media":14838,"template":"","meta":{"_uag_custom_page_level_css":""},"product_brand":[],"product_cat":[68,32,52],"product_tag":[],"class_list":{"0":"post-14834","1":"product","2":"type-product","3":"status-publish","4":"has-post-thumbnail","6":"product_cat-dvd-2","7":"product_cat-usb","8":"product_cat-videos-en-demanda","10":"first","11":"instock","12":"taxable","13":"shipping-taxable","14":"purchasable","15":"product-type-variable","16":"has-default-attributes"},"aioseo_notices":[],"uagb_featured_image_src":{"full":["https:\/\/engagingsafetysolutions.com\/esp\/wp-content\/uploads\/haz_185_intro-hazwoper-retrain-1.jpg",720,480,false],"thumbnail":["https:\/\/engagingsafetysolutions.com\/esp\/wp-content\/uploads\/haz_185_intro-hazwoper-retrain-1-150x150.jpg",150,150,true],"medium":["https:\/\/engagingsafetysolutions.com\/esp\/wp-content\/uploads\/haz_185_intro-hazwoper-retrain-1-300x200.jpg",300,200,true],"medium_large":["https:\/\/engagingsafetysolutions.com\/esp\/wp-content\/uploads\/haz_185_intro-hazwoper-retrain-1.jpg",720,480,false],"large":["https:\/\/engagingsafetysolutions.com\/esp\/wp-content\/uploads\/haz_185_intro-hazwoper-retrain-1.jpg",720,480,false],"1536x1536":["https:\/\/engagingsafetysolutions.com\/esp\/wp-content\/uploads\/haz_185_intro-hazwoper-retrain-1.jpg",720,480,false],"2048x2048":["https:\/\/engagingsafetysolutions.com\/esp\/wp-content\/uploads\/haz_185_intro-hazwoper-retrain-1.jpg",720,480,false],"woocommerce_thumbnail":["https:\/\/engagingsafetysolutions.com\/esp\/wp-content\/uploads\/haz_185_intro-hazwoper-retrain-1-300x225.jpg",300,225,true],"woocommerce_single":["https:\/\/engagingsafetysolutions.com\/esp\/wp-content\/uploads\/haz_185_intro-hazwoper-retrain-1-640x427.jpg",640,427,true],"woocommerce_gallery_thumbnail":["https:\/\/engagingsafetysolutions.com\/esp\/wp-content\/uploads\/haz_185_intro-hazwoper-retrain-1-100x100.jpg",100,100,true],"dgwt-wcas-product-suggestion":["https:\/\/engagingsafetysolutions.com\/esp\/wp-content\/uploads\/haz_185_intro-hazwoper-retrain-1-64x43.jpg",64,43,true]},"uagb_author_info":{"display_name":"evagomez","author_link":"https:\/\/engagingsafetysolutions.com\/esp\/author\/"},"uagb_comment_info":0,"uagb_excerpt":"Introducci\u00f3n al reentrenamiento de HAZWOPER El programa HAZWOPER ayuda a las instalaciones a cumplir con los requisitos de capacitaci\u00f3n de los empleados de la regulaci\u00f3n HAZWOPER de OSHA (29 CFR 1910.120), y recuerda a los empleados que manejan materiales peligrosos la importancia de identificar, evaluar y controlar los peligros qu\u00edmicos. El programa se puede utilizar&hellip;","_links":{"self":[{"href":"https:\/\/engagingsafetysolutions.com\/esp\/wp-json\/wp\/v2\/product\/14834","targetHints":{"allow":["GET"]}}],"collection":[{"href":"https:\/\/engagingsafetysolutions.com\/esp\/wp-json\/wp\/v2\/product"}],"about":[{"href":"https:\/\/engagingsafetysolutions.com\/esp\/wp-json\/wp\/v2\/types\/product"}],"version-history":[{"count":1,"href":"https:\/\/engagingsafetysolutions.com\/esp\/wp-json\/wp\/v2\/product\/14834\/revisions"}],"predecessor-version":[{"id":14839,"href":"https:\/\/engagingsafetysolutions.com\/esp\/wp-json\/wp\/v2\/product\/14834\/revisions\/14839"}],"wp:featuredmedia":[{"embeddable":true,"href":"https:\/\/engagingsafetysolutions.com\/esp\/wp-json\/wp\/v2\/media\/14838"}],"wp:attachment":[{"href":"https:\/\/engagingsafetysolutions.com\/esp\/wp-json\/wp\/v2\/media?parent=14834"}],"wp:term":[{"taxonomy":"product_brand","embeddable":true,"href":"https:\/\/engagingsafetysolutions.com\/esp\/wp-json\/wp\/v2\/product_brand?post=14834"},{"taxonomy":"product_cat","embeddable":true,"href":"https:\/\/engagingsafetysolutions.com\/esp\/wp-json\/wp\/v2\/product_cat?post=14834"},{"taxonomy":"product_tag","embeddable":true,"href":"https:\/\/engagingsafetysolutions.com\/esp\/wp-json\/wp\/v2\/product_tag?post=14834"}],"curies":[{"name":"wp","href":"https:\/\/api.w.org\/{rel}","templated":true}]}}