{"id":14821,"date":"2025-08-14T20:28:47","date_gmt":"2025-08-14T20:28:47","guid":{"rendered":"https:\/\/engagingsafetysolutions.com\/esp\/?post_type=product&#038;p=14821"},"modified":"2025-08-18T16:46:05","modified_gmt":"2025-08-18T16:46:05","slug":"superficies-donde-se-camina-y-trabaja-2","status":"publish","type":"product","link":"https:\/\/engagingsafetysolutions.com\/esp\/product\/superficies-donde-se-camina-y-trabaja-2\/","title":{"rendered":"Superficies Donde se Camina y Trabaja"},"content":{"rendered":"<p>El programa Superficies Donde se Camina y Trabaja analiza los peligros asociados con las diferentes superficies para caminar que los empleados pueden encontrar en el trabajo y proporciona informaci\u00f3n pr\u00e1ctica que necesitan para protegerse de da\u00f1os. El programa viene con una gu\u00eda completa para l\u00edderes, un formulario de programaci\u00f3n y asistencia reproducible, un cuestionario para empleados, un certificado de capacitaci\u00f3n y un registro de capacitaci\u00f3n.<\/p>\n","protected":false},"excerpt":{"rendered":"<p>El programa de superficies para caminar y trabajar analiza los peligros asociados con las diferentes superficies para caminar que los empleados pueden encontrar en el trabajo y proporciona informaci\u00f3n pr\u00e1ctica que necesitan para protegerse de da\u00f1os. Ya sea que estemos de pie, caminando o escalando, dependemos de las superficies sobre las que caminamos para brindarnos el apoyo que necesitamos para posicionarnos correctamente, usar nuestros m\u00fasculos de manera eficiente, mantener el equilibrio &#8230; y hacer nuestro trabajo de manera segura. Sin embargo, los resbalones, tropiezos y ca\u00eddas contin\u00faan representando el 20% de las lesiones ocupacionales incapacitantes y miles de muertes cada a\u00f1o. Afortunadamente, la mayor\u00eda de estos accidentes se pueden prevenir. El programa incluye informaci\u00f3n sobre los peligros asociados con diferentes superficies para caminar y trabajar, c\u00f3mo mantenerse seguro al navegar por pisos y pasillos, requisitos de seguridad para escaleras y escaleras fijas, inspeccionar y configurar adecuadamente una escalera port\u00e1til, tipos de protecci\u00f3n contra ca\u00eddas que se utilizan en un andamio y m\u00e1s.<\/p>\n","protected":false},"featured_media":14826,"template":"","meta":{"_uag_custom_page_level_css":""},"product_brand":[],"product_cat":[68,51,32,52],"product_tag":[],"class_list":{"0":"post-14821","1":"product","2":"type-product","3":"status-publish","4":"has-post-thumbnail","6":"product_cat-dvd-2","7":"product_cat-elearning","8":"product_cat-usb","9":"product_cat-videos-en-demanda","11":"first","12":"instock","13":"taxable","14":"shipping-taxable","15":"purchasable","16":"product-type-variable","17":"has-default-attributes"},"aioseo_notices":[],"uagb_featured_image_src":{"full":["https:\/\/engagingsafetysolutions.com\/esp\/wp-content\/uploads\/vlcsnap-2022-10-18-14h56m44s500.jpg",1920,1080,false],"thumbnail":["https:\/\/engagingsafetysolutions.com\/esp\/wp-content\/uploads\/vlcsnap-2022-10-18-14h56m44s500-150x150.jpg",150,150,true],"medium":["https:\/\/engagingsafetysolutions.com\/esp\/wp-content\/uploads\/vlcsnap-2022-10-18-14h56m44s500-300x169.jpg",300,169,true],"medium_large":["https:\/\/engagingsafetysolutions.com\/esp\/wp-content\/uploads\/vlcsnap-2022-10-18-14h56m44s500-768x432.jpg",768,432,true],"large":["https:\/\/engagingsafetysolutions.com\/esp\/wp-content\/uploads\/vlcsnap-2022-10-18-14h56m44s500-1024x576.jpg",1024,576,true],"1536x1536":["https:\/\/engagingsafetysolutions.com\/esp\/wp-content\/uploads\/vlcsnap-2022-10-18-14h56m44s500-1536x864.jpg",1536,864,true],"2048x2048":["https:\/\/engagingsafetysolutions.com\/esp\/wp-content\/uploads\/vlcsnap-2022-10-18-14h56m44s500.jpg",1920,1080,false],"woocommerce_thumbnail":["https:\/\/engagingsafetysolutions.com\/esp\/wp-content\/uploads\/vlcsnap-2022-10-18-14h56m44s500-300x225.jpg",300,225,true],"woocommerce_single":["https:\/\/engagingsafetysolutions.com\/esp\/wp-content\/uploads\/vlcsnap-2022-10-18-14h56m44s500-640x360.jpg",640,360,true],"woocommerce_gallery_thumbnail":["https:\/\/engagingsafetysolutions.com\/esp\/wp-content\/uploads\/vlcsnap-2022-10-18-14h56m44s500-100x100.jpg",100,100,true],"dgwt-wcas-product-suggestion":["https:\/\/engagingsafetysolutions.com\/esp\/wp-content\/uploads\/vlcsnap-2022-10-18-14h56m44s500-64x36.jpg",64,36,true]},"uagb_author_info":{"display_name":"evagomez","author_link":"https:\/\/engagingsafetysolutions.com\/esp\/author\/"},"uagb_comment_info":0,"uagb_excerpt":"El programa de superficies para caminar y trabajar analiza los peligros asociados con las diferentes superficies para caminar que los empleados pueden encontrar en el trabajo y proporciona informaci\u00f3n pr\u00e1ctica que necesitan para protegerse de da\u00f1os. Ya sea que estemos de pie, caminando o escalando, dependemos de las superficies sobre las que caminamos para brindarnos&hellip;","_links":{"self":[{"href":"https:\/\/engagingsafetysolutions.com\/esp\/wp-json\/wp\/v2\/product\/14821","targetHints":{"allow":["GET"]}}],"collection":[{"href":"https:\/\/engagingsafetysolutions.com\/esp\/wp-json\/wp\/v2\/product"}],"about":[{"href":"https:\/\/engagingsafetysolutions.com\/esp\/wp-json\/wp\/v2\/types\/product"}],"version-history":[{"count":3,"href":"https:\/\/engagingsafetysolutions.com\/esp\/wp-json\/wp\/v2\/product\/14821\/revisions"}],"predecessor-version":[{"id":14829,"href":"https:\/\/engagingsafetysolutions.com\/esp\/wp-json\/wp\/v2\/product\/14821\/revisions\/14829"}],"wp:featuredmedia":[{"embeddable":true,"href":"https:\/\/engagingsafetysolutions.com\/esp\/wp-json\/wp\/v2\/media\/14826"}],"wp:attachment":[{"href":"https:\/\/engagingsafetysolutions.com\/esp\/wp-json\/wp\/v2\/media?parent=14821"}],"wp:term":[{"taxonomy":"product_brand","embeddable":true,"href":"https:\/\/engagingsafetysolutions.com\/esp\/wp-json\/wp\/v2\/product_brand?post=14821"},{"taxonomy":"product_cat","embeddable":true,"href":"https:\/\/engagingsafetysolutions.com\/esp\/wp-json\/wp\/v2\/product_cat?post=14821"},{"taxonomy":"product_tag","embeddable":true,"href":"https:\/\/engagingsafetysolutions.com\/esp\/wp-json\/wp\/v2\/product_tag?post=14821"}],"curies":[{"name":"wp","href":"https:\/\/api.w.org\/{rel}","templated":true}]}}