{"id":14814,"date":"2025-08-14T19:33:43","date_gmt":"2025-08-14T19:33:43","guid":{"rendered":"https:\/\/engagingsafetysolutions.com\/esp\/?post_type=product&#038;p=14814"},"modified":"2025-08-18T16:46:05","modified_gmt":"2025-08-18T16:46:05","slug":"covid-19-en-ambientes-de-atencion-de-salud-norma-temporal-de-emergencia-de-osha","status":"publish","type":"product","link":"https:\/\/engagingsafetysolutions.com\/esp\/product\/covid-19-en-ambientes-de-atencion-de-salud-norma-temporal-de-emergencia-de-osha\/","title":{"rendered":"COVID-19 en Ambientes de Atenci\u00f3n de Salud (Norma Temporal de Emergencia de OSHA)"},"content":{"rendered":"<p>El curso COVID-19 en entornos de atenci\u00f3n m\u00e9dica (Est\u00e1ndar temporal de emergencia de OSHA) analiza los requisitos de la norma, lo \u00faltimo en mandatos de vacunas y c\u00f3mo puede protegerse contra la infecci\u00f3n. Aunque el coronavirus surgi\u00f3 en los EE. UU. a principios de 2020, parece que hemos estado viviendo con \u00e9l desde siempre&#8230; en nuestros lugares de trabajo, hogares y comunidades, as\u00ed como en los medios de comunicaci\u00f3n e Internet. El Coronavirus es una enfermedad grave, y los trabajadores sanitarios son uno de los grupos que tienen mayor riesgo de contagio. Como resultado, OSHA ha creado un &#8220;Est\u00e1ndar temporal de emergencia&#8221; para los centros de atenci\u00f3n m\u00e9dica. Las \u00e1reas cubiertas en el curso incluyen el Plan COVID-19 y las precauciones requeridas, las consideraciones f\u00edsicas y la administraci\u00f3n, el Coronavirus, la vacunaci\u00f3n, las pruebas y el rastreo, el lavado de manos y la &#8220;disciplina t\u00e1ctil&#8221;, el distanciamiento social y la &#8220;etiqueta respiratoria&#8221;, qu\u00e9 hacer si cree que se est\u00e1 enfermando y regresar al trabajo durante la pandemia. Utilizando una poderosa combinaci\u00f3n de audio, video de movimiento completo, texto y gr\u00e1ficos coloridos, este curso proporciona la capacitaci\u00f3n en seguridad y cumplimiento normativo m\u00e1s rentable disponible en la actualidad.<\/p>\n","protected":false},"excerpt":{"rendered":"<p>El curso COVID-19 en entornos de atenci\u00f3n m\u00e9dica (Est\u00e1ndar temporal de emergencia de OSHA) analiza los requisitos de la norma, lo \u00faltimo en mandatos de vacunas y c\u00f3mo puede protegerse contra la infecci\u00f3n. Utilizando una poderosa combinaci\u00f3n de audio, video de movimiento completo, texto y gr\u00e1ficos coloridos, este curso proporciona la capacitaci\u00f3n en seguridad y cumplimiento normativo m\u00e1s rentable disponible en la actualidad. El curso est\u00e1 dividido en una serie de secciones l\u00f3gicas para que la informaci\u00f3n se entienda f\u00e1cilmente&#8230; y retenido.<\/p>\n","protected":false},"featured_media":14820,"template":"","meta":{"_uag_custom_page_level_css":""},"product_brand":[],"product_cat":[51,52],"product_tag":[],"class_list":{"0":"post-14814","1":"product","2":"type-product","3":"status-publish","4":"has-post-thumbnail","6":"product_cat-elearning","7":"product_cat-videos-en-demanda","9":"first","10":"instock","11":"taxable","12":"shipping-taxable","13":"purchasable","14":"product-type-variable","15":"has-default-attributes"},"aioseo_notices":[],"uagb_featured_image_src":{"full":["https:\/\/engagingsafetysolutions.com\/esp\/wp-content\/uploads\/CH1.jpg",1920,1080,false],"thumbnail":["https:\/\/engagingsafetysolutions.com\/esp\/wp-content\/uploads\/CH1-150x150.jpg",150,150,true],"medium":["https:\/\/engagingsafetysolutions.com\/esp\/wp-content\/uploads\/CH1-300x169.jpg",300,169,true],"medium_large":["https:\/\/engagingsafetysolutions.com\/esp\/wp-content\/uploads\/CH1-768x432.jpg",768,432,true],"large":["https:\/\/engagingsafetysolutions.com\/esp\/wp-content\/uploads\/CH1-1024x576.jpg",1024,576,true],"1536x1536":["https:\/\/engagingsafetysolutions.com\/esp\/wp-content\/uploads\/CH1-1536x864.jpg",1536,864,true],"2048x2048":["https:\/\/engagingsafetysolutions.com\/esp\/wp-content\/uploads\/CH1.jpg",1920,1080,false],"woocommerce_thumbnail":["https:\/\/engagingsafetysolutions.com\/esp\/wp-content\/uploads\/CH1-300x225.jpg",300,225,true],"woocommerce_single":["https:\/\/engagingsafetysolutions.com\/esp\/wp-content\/uploads\/CH1-640x360.jpg",640,360,true],"woocommerce_gallery_thumbnail":["https:\/\/engagingsafetysolutions.com\/esp\/wp-content\/uploads\/CH1-100x100.jpg",100,100,true],"dgwt-wcas-product-suggestion":["https:\/\/engagingsafetysolutions.com\/esp\/wp-content\/uploads\/CH1-64x36.jpg",64,36,true]},"uagb_author_info":{"display_name":"evagomez","author_link":"https:\/\/engagingsafetysolutions.com\/esp\/author\/"},"uagb_comment_info":0,"uagb_excerpt":"El curso COVID-19 en entornos de atenci\u00f3n m\u00e9dica (Est\u00e1ndar temporal de emergencia de OSHA) analiza los requisitos de la norma, lo \u00faltimo en mandatos de vacunas y c\u00f3mo puede protegerse contra la infecci\u00f3n. Utilizando una poderosa combinaci\u00f3n de audio, video de movimiento completo, texto y gr\u00e1ficos coloridos, este curso proporciona la capacitaci\u00f3n en seguridad y&hellip;","_links":{"self":[{"href":"https:\/\/engagingsafetysolutions.com\/esp\/wp-json\/wp\/v2\/product\/14814","targetHints":{"allow":["GET"]}}],"collection":[{"href":"https:\/\/engagingsafetysolutions.com\/esp\/wp-json\/wp\/v2\/product"}],"about":[{"href":"https:\/\/engagingsafetysolutions.com\/esp\/wp-json\/wp\/v2\/types\/product"}],"version-history":[{"count":2,"href":"https:\/\/engagingsafetysolutions.com\/esp\/wp-json\/wp\/v2\/product\/14814\/revisions"}],"predecessor-version":[{"id":14846,"href":"https:\/\/engagingsafetysolutions.com\/esp\/wp-json\/wp\/v2\/product\/14814\/revisions\/14846"}],"wp:featuredmedia":[{"embeddable":true,"href":"https:\/\/engagingsafetysolutions.com\/esp\/wp-json\/wp\/v2\/media\/14820"}],"wp:attachment":[{"href":"https:\/\/engagingsafetysolutions.com\/esp\/wp-json\/wp\/v2\/media?parent=14814"}],"wp:term":[{"taxonomy":"product_brand","embeddable":true,"href":"https:\/\/engagingsafetysolutions.com\/esp\/wp-json\/wp\/v2\/product_brand?post=14814"},{"taxonomy":"product_cat","embeddable":true,"href":"https:\/\/engagingsafetysolutions.com\/esp\/wp-json\/wp\/v2\/product_cat?post=14814"},{"taxonomy":"product_tag","embeddable":true,"href":"https:\/\/engagingsafetysolutions.com\/esp\/wp-json\/wp\/v2\/product_tag?post=14814"}],"curies":[{"name":"wp","href":"https:\/\/api.w.org\/{rel}","templated":true}]}}