{"id":13739,"date":"2025-07-28T18:30:33","date_gmt":"2025-07-28T18:30:33","guid":{"rendered":"https:\/\/engagingsafetysolutions.com\/esp\/?post_type=product&#038;p=13739"},"modified":"2025-08-18T16:45:30","modified_gmt":"2025-08-18T16:45:30","slug":"sga-sistema-globalmente-armonizado-paquete-3-programas","status":"publish","type":"product","link":"https:\/\/engagingsafetysolutions.com\/esp\/product\/sga-sistema-globalmente-armonizado-paquete-3-programas\/","title":{"rendered":"El Sistema Globalmente Armonizado (SGA) (Paquete de tres Programas)"},"content":{"rendered":"<p>El paquete GHS (Sistema Globalmente Armonizado para la Clasificaci\u00f3n y Etiquetado de Productos Qu\u00edmicos) para entornos de construcci\u00f3n consta de 3 programas, Introducci\u00f3n al GHS, Hojas de datos de seguridad del GHS y Etiquetado de contenedores del GHS. Cada programa viene con una gu\u00eda completa para l\u00edderes, un formulario de programaci\u00f3n y asistencia reproducible, un cuestionario para empleados, un certificado de capacitaci\u00f3n y un registro de capacitaci\u00f3n. El programa Introducci\u00f3n al GHS revisa los requisitos de las regulaciones del GHS que OSHA incorpor\u00f3 en el Est\u00e1ndar de Comunicaci\u00f3n de Peligros. Las hojas de datos de seguridad GHS analizan el formato utilizado en una hoja de datos de seguridad, en qu\u00e9 se diferencia de la antigua hoja de datos de seguridad de materiales y qu\u00e9 informaci\u00f3n se incluye en cada secci\u00f3n de la hoja de datos. GHS Etiquetado de Contenedores muestra a los empleados qu\u00e9 elementos se utilizan en una etiqueta qu\u00edmica GHS, los pictogramas que utiliza el sistema de etiquetado GHS y qu\u00e9 informaci\u00f3n contiene cada uno de los elementos de texto de la etiqueta.<\/p>\n","protected":false},"excerpt":{"rendered":"<p>El paquete GHS (3 programas) presenta a los empleados los requisitos del GHS (Sistema Globalmente Armonizado para la Clasificaci\u00f3n y Etiquetado de Productos Qu\u00edmicos) que se han incorporado a la Norma de Comunicaci\u00f3n de Peligros de OSHA, y revisa la informaci\u00f3n en una hoja de datos de seguridad del GHS y en las etiquetas de los contenedores de productos qu\u00edmicos del GHS<\/p>\n","protected":false},"featured_media":13740,"template":"","meta":{"_uag_custom_page_level_css":""},"product_brand":[],"product_cat":[68,51,32,52],"product_tag":[],"class_list":{"0":"post-13739","1":"product","2":"type-product","3":"status-publish","4":"has-post-thumbnail","6":"product_cat-dvd-2","7":"product_cat-elearning","8":"product_cat-usb","9":"product_cat-videos-en-demanda","11":"first","12":"instock","13":"taxable","14":"shipping-taxable","15":"purchasable","16":"product-type-variable","17":"has-default-attributes"},"aioseo_notices":[],"uagb_featured_image_src":{"full":["https:\/\/engagingsafetysolutions.com\/esp\/wp-content\/uploads\/Intro-to-GHS-IND.Still003.jpg",360,240,false],"thumbnail":["https:\/\/engagingsafetysolutions.com\/esp\/wp-content\/uploads\/Intro-to-GHS-IND.Still003-150x150.jpg",150,150,true],"medium":["https:\/\/engagingsafetysolutions.com\/esp\/wp-content\/uploads\/Intro-to-GHS-IND.Still003-300x200.jpg",300,200,true],"medium_large":["https:\/\/engagingsafetysolutions.com\/esp\/wp-content\/uploads\/Intro-to-GHS-IND.Still003.jpg",360,240,false],"large":["https:\/\/engagingsafetysolutions.com\/esp\/wp-content\/uploads\/Intro-to-GHS-IND.Still003.jpg",360,240,false],"1536x1536":["https:\/\/engagingsafetysolutions.com\/esp\/wp-content\/uploads\/Intro-to-GHS-IND.Still003.jpg",360,240,false],"2048x2048":["https:\/\/engagingsafetysolutions.com\/esp\/wp-content\/uploads\/Intro-to-GHS-IND.Still003.jpg",360,240,false],"woocommerce_thumbnail":["https:\/\/engagingsafetysolutions.com\/esp\/wp-content\/uploads\/Intro-to-GHS-IND.Still003-300x225.jpg",300,225,true],"woocommerce_single":["https:\/\/engagingsafetysolutions.com\/esp\/wp-content\/uploads\/Intro-to-GHS-IND.Still003.jpg",360,240,false],"woocommerce_gallery_thumbnail":["https:\/\/engagingsafetysolutions.com\/esp\/wp-content\/uploads\/Intro-to-GHS-IND.Still003-100x100.jpg",100,100,true],"dgwt-wcas-product-suggestion":["https:\/\/engagingsafetysolutions.com\/esp\/wp-content\/uploads\/Intro-to-GHS-IND.Still003-64x43.jpg",64,43,true]},"uagb_author_info":{"display_name":"evagomez","author_link":"https:\/\/engagingsafetysolutions.com\/esp\/author\/"},"uagb_comment_info":0,"uagb_excerpt":"El paquete GHS (3 programas) presenta a los empleados los requisitos del GHS (Sistema Globalmente Armonizado para la Clasificaci\u00f3n y Etiquetado de Productos Qu\u00edmicos) que se han incorporado a la Norma de Comunicaci\u00f3n de Peligros de OSHA, y revisa la informaci\u00f3n en una hoja de datos de seguridad del GHS y en las etiquetas de&hellip;","_links":{"self":[{"href":"https:\/\/engagingsafetysolutions.com\/esp\/wp-json\/wp\/v2\/product\/13739","targetHints":{"allow":["GET"]}}],"collection":[{"href":"https:\/\/engagingsafetysolutions.com\/esp\/wp-json\/wp\/v2\/product"}],"about":[{"href":"https:\/\/engagingsafetysolutions.com\/esp\/wp-json\/wp\/v2\/types\/product"}],"version-history":[{"count":5,"href":"https:\/\/engagingsafetysolutions.com\/esp\/wp-json\/wp\/v2\/product\/13739\/revisions"}],"predecessor-version":[{"id":14807,"href":"https:\/\/engagingsafetysolutions.com\/esp\/wp-json\/wp\/v2\/product\/13739\/revisions\/14807"}],"wp:featuredmedia":[{"embeddable":true,"href":"https:\/\/engagingsafetysolutions.com\/esp\/wp-json\/wp\/v2\/media\/13740"}],"wp:attachment":[{"href":"https:\/\/engagingsafetysolutions.com\/esp\/wp-json\/wp\/v2\/media?parent=13739"}],"wp:term":[{"taxonomy":"product_brand","embeddable":true,"href":"https:\/\/engagingsafetysolutions.com\/esp\/wp-json\/wp\/v2\/product_brand?post=13739"},{"taxonomy":"product_cat","embeddable":true,"href":"https:\/\/engagingsafetysolutions.com\/esp\/wp-json\/wp\/v2\/product_cat?post=13739"},{"taxonomy":"product_tag","embeddable":true,"href":"https:\/\/engagingsafetysolutions.com\/esp\/wp-json\/wp\/v2\/product_tag?post=13739"}],"curies":[{"name":"wp","href":"https:\/\/api.w.org\/{rel}","templated":true}]}}