{"id":13602,"date":"2025-07-25T00:00:19","date_gmt":"2025-07-25T00:00:19","guid":{"rendered":"https:\/\/engagingsafetysolutions.com\/esp\/?post_type=product&#038;p=13602"},"modified":"2025-08-18T16:45:18","modified_gmt":"2025-08-18T16:45:18","slug":"levantar-de-manera-segura-en-ambientes-de-salud-para-personal-de-oficinas-y-centros","status":"publish","type":"product","link":"https:\/\/engagingsafetysolutions.com\/esp\/product\/levantar-de-manera-segura-en-ambientes-de-salud-para-personal-de-oficinas-y-centros\/","title":{"rendered":"Levantar de Manera Segura en Ambientes de Salud para Personal de Oficinas y Centros"},"content":{"rendered":"<p>El levantamiento seguro en entornos sanitarios&#8230; para el programa de personal de oficina y mantenimiento analiza c\u00f3mo levantar y transportar cosas puede afectar la espalda, y c\u00f3mo el personal no m\u00e9dico puede usar t\u00e9cnicas de levantamiento seguras para ayudarlos a evitar lesiones en la espalda en un centro de atenci\u00f3n m\u00e9dica. Todos hemos experimentado dolor de espalda en un momento u otro, y probablemente fue el resultado de levantar algo incorrectamente. Tal vez la carga era demasiado grande o demasiado pesada, o la levantamos desde una posici\u00f3n inc\u00f3moda. Pero si desea evitar lesiones, debe asegurarse de usar su espalda de la &#8220;manera correcta&#8221;. El programa incluye informaci\u00f3n sobre la mec\u00e1nica del levantamiento seguro en un centro de atenci\u00f3n m\u00e9dica, c\u00f3mo &#8220;escuchar&#8221; su espalda, tipos de lesiones en la espalda, preparaci\u00f3n para levantar algo de una manera que proteja su espalda, c\u00f3mo mantener su espalda segura cuando levanta &#8220;por debajo de la cintura&#8221; y m\u00e1s.<\/p>\n","protected":false},"excerpt":{"rendered":"<p>Levantamiento seguro en entornos sanitarios&#8230; para el programa de personal de oficinas e instalaciones analiza c\u00f3mo levantar y transportar cosas puede afectar la espalda, y c\u00f3mo el personal no m\u00e9dico puede usar t\u00e9cnicas de levantamiento seguras para ayudarlos a evitar lesiones en la espalda en un centro de atenci\u00f3n m\u00e9dica.<\/p>\n","protected":false},"featured_media":13607,"template":"","meta":{"_uag_custom_page_level_css":""},"product_brand":[],"product_cat":[68,51,32,52],"product_tag":[],"class_list":{"0":"post-13602","1":"product","2":"type-product","3":"status-publish","4":"has-post-thumbnail","6":"product_cat-dvd-2","7":"product_cat-elearning","8":"product_cat-usb","9":"product_cat-videos-en-demanda","11":"first","12":"instock","13":"taxable","14":"shipping-taxable","15":"purchasable","16":"product-type-variable","17":"has-default-attributes"},"aioseo_notices":[],"uagb_featured_image_src":{"full":["https:\/\/engagingsafetysolutions.com\/esp\/wp-content\/uploads\/vlcsnap-2022-11-30-09h40m13s792.jpg",1920,1080,false],"thumbnail":["https:\/\/engagingsafetysolutions.com\/esp\/wp-content\/uploads\/vlcsnap-2022-11-30-09h40m13s792-150x150.jpg",150,150,true],"medium":["https:\/\/engagingsafetysolutions.com\/esp\/wp-content\/uploads\/vlcsnap-2022-11-30-09h40m13s792-300x169.jpg",300,169,true],"medium_large":["https:\/\/engagingsafetysolutions.com\/esp\/wp-content\/uploads\/vlcsnap-2022-11-30-09h40m13s792-768x432.jpg",768,432,true],"large":["https:\/\/engagingsafetysolutions.com\/esp\/wp-content\/uploads\/vlcsnap-2022-11-30-09h40m13s792-1024x576.jpg",1024,576,true],"1536x1536":["https:\/\/engagingsafetysolutions.com\/esp\/wp-content\/uploads\/vlcsnap-2022-11-30-09h40m13s792-1536x864.jpg",1536,864,true],"2048x2048":["https:\/\/engagingsafetysolutions.com\/esp\/wp-content\/uploads\/vlcsnap-2022-11-30-09h40m13s792.jpg",1920,1080,false],"woocommerce_thumbnail":["https:\/\/engagingsafetysolutions.com\/esp\/wp-content\/uploads\/vlcsnap-2022-11-30-09h40m13s792-300x225.jpg",300,225,true],"woocommerce_single":["https:\/\/engagingsafetysolutions.com\/esp\/wp-content\/uploads\/vlcsnap-2022-11-30-09h40m13s792-640x360.jpg",640,360,true],"woocommerce_gallery_thumbnail":["https:\/\/engagingsafetysolutions.com\/esp\/wp-content\/uploads\/vlcsnap-2022-11-30-09h40m13s792-100x100.jpg",100,100,true],"dgwt-wcas-product-suggestion":["https:\/\/engagingsafetysolutions.com\/esp\/wp-content\/uploads\/vlcsnap-2022-11-30-09h40m13s792-64x36.jpg",64,36,true]},"uagb_author_info":{"display_name":"evagomez","author_link":"https:\/\/engagingsafetysolutions.com\/esp\/author\/"},"uagb_comment_info":0,"uagb_excerpt":"Levantamiento seguro en entornos sanitarios... para el programa de personal de oficinas e instalaciones analiza c\u00f3mo levantar y transportar cosas puede afectar la espalda, y c\u00f3mo el personal no m\u00e9dico puede usar t\u00e9cnicas de levantamiento seguras para ayudarlos a evitar lesiones en la espalda en un centro de atenci\u00f3n m\u00e9dica.","_links":{"self":[{"href":"https:\/\/engagingsafetysolutions.com\/esp\/wp-json\/wp\/v2\/product\/13602","targetHints":{"allow":["GET"]}}],"collection":[{"href":"https:\/\/engagingsafetysolutions.com\/esp\/wp-json\/wp\/v2\/product"}],"about":[{"href":"https:\/\/engagingsafetysolutions.com\/esp\/wp-json\/wp\/v2\/types\/product"}],"version-history":[{"count":4,"href":"https:\/\/engagingsafetysolutions.com\/esp\/wp-json\/wp\/v2\/product\/13602\/revisions"}],"predecessor-version":[{"id":14843,"href":"https:\/\/engagingsafetysolutions.com\/esp\/wp-json\/wp\/v2\/product\/13602\/revisions\/14843"}],"wp:featuredmedia":[{"embeddable":true,"href":"https:\/\/engagingsafetysolutions.com\/esp\/wp-json\/wp\/v2\/media\/13607"}],"wp:attachment":[{"href":"https:\/\/engagingsafetysolutions.com\/esp\/wp-json\/wp\/v2\/media?parent=13602"}],"wp:term":[{"taxonomy":"product_brand","embeddable":true,"href":"https:\/\/engagingsafetysolutions.com\/esp\/wp-json\/wp\/v2\/product_brand?post=13602"},{"taxonomy":"product_cat","embeddable":true,"href":"https:\/\/engagingsafetysolutions.com\/esp\/wp-json\/wp\/v2\/product_cat?post=13602"},{"taxonomy":"product_tag","embeddable":true,"href":"https:\/\/engagingsafetysolutions.com\/esp\/wp-json\/wp\/v2\/product_tag?post=13602"}],"curies":[{"name":"wp","href":"https:\/\/api.w.org\/{rel}","templated":true}]}}