{"id":13562,"date":"2025-07-24T20:45:11","date_gmt":"2025-07-24T20:45:11","guid":{"rendered":"https:\/\/engagingsafetysolutions.com\/esp\/?post_type=product&#038;p=13562"},"modified":"2025-08-18T16:45:12","modified_gmt":"2025-08-18T16:45:12","slug":"limpieza-y-desinfeccion-en-ambientes-de-procesado-y-manipulacion-de-alimentos-desinfeccion","status":"publish","type":"product","link":"https:\/\/engagingsafetysolutions.com\/esp\/product\/limpieza-y-desinfeccion-en-ambientes-de-procesado-y-manipulacion-de-alimentos-desinfeccion\/","title":{"rendered":"Limpieza y Desinfecci\u00f3n en Ambientes de Procesado y Manipulaci\u00f3n de Alimentos Desinfecci\u00f3n"},"content":{"rendered":"<p>Limpieza y desinfecci\u00f3n en entornos de procesamiento y manipulaci\u00f3n de alimentos&#8230; El programa de desinfecci\u00f3n proporciona a los empleados informaci\u00f3n valiosa sobre el proceso de desinfecci\u00f3n y los procedimientos de desinfecci\u00f3n que pueden usar para ayudar a mantener los productos alimenticios libres de contaminaci\u00f3n. En las instalaciones de procesamiento y manipulaci\u00f3n de alimentos, es de vital importancia mantener los productos alimenticios libres de microorganismos da\u00f1inos, como bacterias, moho, esporas y virus. Todos estos pueden contaminar los productos alimenticios&#8230; y potencialmente causar un brote de enfermedades transmitidas por los alimentos. Si bien la &#8220;limpieza&#8221; es un primer paso importante para proteger los productos alimenticios de la contaminaci\u00f3n, la &#8220;desinfecci\u00f3n&#8221; es lo que realmente elimina los microorganismos da\u00f1inos de las superficies y los equipos. Y eso es lo que hace que los alimentos sean seguros para que los clientes los coman. El programa incluye informaci\u00f3n sobre lo que hace el proceso de desinfecci\u00f3n y por qu\u00e9 es importante, varios m\u00e9todos que se pueden usar para desinfectar, productos qu\u00edmicos que se usan para desinfectar y c\u00f3mo determinar cu\u00e1l usar, c\u00f3mo preparar una superficie para desinfectar, procedimientos b\u00e1sicos de desinfecci\u00f3n que los empleados pueden usar en sus instalaciones y m\u00e1s.<\/p>\n","protected":false},"excerpt":{"rendered":"<p>La limpieza y desinfecci\u00f3n en entornos de procesamiento y manipulaci\u00f3n de alimentos&#8230; El programa de desinfecci\u00f3n proporciona a los empleados informaci\u00f3n valiosa sobre el proceso de desinfecci\u00f3n y los procedimientos de desinfecci\u00f3n que pueden usar para ayudar a mantener los productos alimenticios libres de contaminaci\u00f3n. <\/p>\n","protected":false},"featured_media":13567,"template":"","meta":{"_uag_custom_page_level_css":""},"product_brand":[],"product_cat":[68,51,32,52],"product_tag":[],"class_list":{"0":"post-13562","1":"product","2":"type-product","3":"status-publish","4":"has-post-thumbnail","6":"product_cat-dvd-2","7":"product_cat-elearning","8":"product_cat-usb","9":"product_cat-videos-en-demanda","11":"first","12":"instock","13":"taxable","14":"shipping-taxable","15":"purchasable","16":"product-type-variable","17":"has-default-attributes"},"aioseo_notices":[],"uagb_featured_image_src":{"full":["https:\/\/engagingsafetysolutions.com\/esp\/wp-content\/uploads\/vlcsnap-2023-01-25-15h43m42s436.jpg",1920,1080,false],"thumbnail":["https:\/\/engagingsafetysolutions.com\/esp\/wp-content\/uploads\/vlcsnap-2023-01-25-15h43m42s436-150x150.jpg",150,150,true],"medium":["https:\/\/engagingsafetysolutions.com\/esp\/wp-content\/uploads\/vlcsnap-2023-01-25-15h43m42s436-300x169.jpg",300,169,true],"medium_large":["https:\/\/engagingsafetysolutions.com\/esp\/wp-content\/uploads\/vlcsnap-2023-01-25-15h43m42s436-768x432.jpg",768,432,true],"large":["https:\/\/engagingsafetysolutions.com\/esp\/wp-content\/uploads\/vlcsnap-2023-01-25-15h43m42s436-1024x576.jpg",1024,576,true],"1536x1536":["https:\/\/engagingsafetysolutions.com\/esp\/wp-content\/uploads\/vlcsnap-2023-01-25-15h43m42s436-1536x864.jpg",1536,864,true],"2048x2048":["https:\/\/engagingsafetysolutions.com\/esp\/wp-content\/uploads\/vlcsnap-2023-01-25-15h43m42s436.jpg",1920,1080,false],"woocommerce_thumbnail":["https:\/\/engagingsafetysolutions.com\/esp\/wp-content\/uploads\/vlcsnap-2023-01-25-15h43m42s436-300x225.jpg",300,225,true],"woocommerce_single":["https:\/\/engagingsafetysolutions.com\/esp\/wp-content\/uploads\/vlcsnap-2023-01-25-15h43m42s436-640x360.jpg",640,360,true],"woocommerce_gallery_thumbnail":["https:\/\/engagingsafetysolutions.com\/esp\/wp-content\/uploads\/vlcsnap-2023-01-25-15h43m42s436-100x100.jpg",100,100,true],"dgwt-wcas-product-suggestion":["https:\/\/engagingsafetysolutions.com\/esp\/wp-content\/uploads\/vlcsnap-2023-01-25-15h43m42s436-64x36.jpg",64,36,true]},"uagb_author_info":{"display_name":"evagomez","author_link":"https:\/\/engagingsafetysolutions.com\/esp\/author\/"},"uagb_comment_info":0,"uagb_excerpt":"La limpieza y desinfecci\u00f3n en entornos de procesamiento y manipulaci\u00f3n de alimentos... El programa de desinfecci\u00f3n proporciona a los empleados informaci\u00f3n valiosa sobre el proceso de desinfecci\u00f3n y los procedimientos de desinfecci\u00f3n que pueden usar para ayudar a mantener los productos alimenticios libres de contaminaci\u00f3n.","_links":{"self":[{"href":"https:\/\/engagingsafetysolutions.com\/esp\/wp-json\/wp\/v2\/product\/13562","targetHints":{"allow":["GET"]}}],"collection":[{"href":"https:\/\/engagingsafetysolutions.com\/esp\/wp-json\/wp\/v2\/product"}],"about":[{"href":"https:\/\/engagingsafetysolutions.com\/esp\/wp-json\/wp\/v2\/types\/product"}],"version-history":[{"count":5,"href":"https:\/\/engagingsafetysolutions.com\/esp\/wp-json\/wp\/v2\/product\/13562\/revisions"}],"predecessor-version":[{"id":14799,"href":"https:\/\/engagingsafetysolutions.com\/esp\/wp-json\/wp\/v2\/product\/13562\/revisions\/14799"}],"wp:featuredmedia":[{"embeddable":true,"href":"https:\/\/engagingsafetysolutions.com\/esp\/wp-json\/wp\/v2\/media\/13567"}],"wp:attachment":[{"href":"https:\/\/engagingsafetysolutions.com\/esp\/wp-json\/wp\/v2\/media?parent=13562"}],"wp:term":[{"taxonomy":"product_brand","embeddable":true,"href":"https:\/\/engagingsafetysolutions.com\/esp\/wp-json\/wp\/v2\/product_brand?post=13562"},{"taxonomy":"product_cat","embeddable":true,"href":"https:\/\/engagingsafetysolutions.com\/esp\/wp-json\/wp\/v2\/product_cat?post=13562"},{"taxonomy":"product_tag","embeddable":true,"href":"https:\/\/engagingsafetysolutions.com\/esp\/wp-json\/wp\/v2\/product_tag?post=13562"}],"curies":[{"name":"wp","href":"https:\/\/api.w.org\/{rel}","templated":true}]}}