{"id":13524,"date":"2025-07-24T19:45:37","date_gmt":"2025-07-24T19:45:37","guid":{"rendered":"https:\/\/engagingsafetysolutions.com\/esp\/?post_type=product&#038;p=13524"},"modified":"2025-08-18T16:45:06","modified_gmt":"2025-08-18T16:45:06","slug":"planificacion-ante-emergencias-en-ambientes-de-construccion","status":"publish","type":"product","link":"https:\/\/engagingsafetysolutions.com\/esp\/product\/planificacion-ante-emergencias-en-ambientes-de-construccion\/","title":{"rendered":"Planificaci\u00f3n Ante Emergencias en Ambientes de Construcci\u00f3n"},"content":{"rendered":"<p>El programa de planificaci\u00f3n de emergencias en entornos de construcci\u00f3n analiza los tipos de emergencias que pueden ocurrir en un sitio de construcci\u00f3n y c\u00f3mo deben responder los empleados durante una emergencia. Las emergencias pueden llegar desde cualquier direcci\u00f3n&#8230; en cualquier momento. Pueden provenir de causas naturales&#8230; o error humano&#8230; y puede incluir problemas m\u00e9dicos, fugas de gas, incendios, explosiones, huracanes, inundaciones, disturbios y actos de terrorismo&#8230; incluso un &#8220;tirador activo&#8221;. El programa incluye informaci\u00f3n sobre la creaci\u00f3n de un Plan de Emergencia, la amenaza del terrorismo, las situaciones de &#8220;tirador activo&#8221;, su papel en la planificaci\u00f3n de emergencias, el proceso de &#8220;simulacros de acci\u00f3n de emergencia&#8221;, el desempe\u00f1o de su papel en los &#8220;simulacros de acci\u00f3n de emergencia&#8221; y m\u00e1s.<\/p>\n","protected":false},"excerpt":{"rendered":"<p>El programa de planificaci\u00f3n de emergencias en entornos de construcci\u00f3n analiza los tipos de emergencias que pueden ocurrir en un sitio de construcci\u00f3n y c\u00f3mo deben responder los empleados durante una emergencia. <\/p>\n","protected":false},"featured_media":13529,"template":"","meta":{"_uag_custom_page_level_css":""},"product_brand":[],"product_cat":[68,51,32,52],"product_tag":[],"class_list":{"0":"post-13524","1":"product","2":"type-product","3":"status-publish","4":"has-post-thumbnail","6":"product_cat-dvd-2","7":"product_cat-elearning","8":"product_cat-usb","9":"product_cat-videos-en-demanda","11":"first","12":"instock","13":"taxable","14":"shipping-taxable","15":"purchasable","16":"product-type-variable","17":"has-default-attributes"},"aioseo_notices":[],"uagb_featured_image_src":{"full":["https:\/\/engagingsafetysolutions.com\/esp\/wp-content\/uploads\/vlcsnap-2024-02-27-14h37m31s029.png",1920,1080,false],"thumbnail":["https:\/\/engagingsafetysolutions.com\/esp\/wp-content\/uploads\/vlcsnap-2024-02-27-14h37m31s029-150x150.png",150,150,true],"medium":["https:\/\/engagingsafetysolutions.com\/esp\/wp-content\/uploads\/vlcsnap-2024-02-27-14h37m31s029-300x169.png",300,169,true],"medium_large":["https:\/\/engagingsafetysolutions.com\/esp\/wp-content\/uploads\/vlcsnap-2024-02-27-14h37m31s029-768x432.png",768,432,true],"large":["https:\/\/engagingsafetysolutions.com\/esp\/wp-content\/uploads\/vlcsnap-2024-02-27-14h37m31s029-1024x576.png",1024,576,true],"1536x1536":["https:\/\/engagingsafetysolutions.com\/esp\/wp-content\/uploads\/vlcsnap-2024-02-27-14h37m31s029-1536x864.png",1536,864,true],"2048x2048":["https:\/\/engagingsafetysolutions.com\/esp\/wp-content\/uploads\/vlcsnap-2024-02-27-14h37m31s029.png",1920,1080,false],"woocommerce_thumbnail":["https:\/\/engagingsafetysolutions.com\/esp\/wp-content\/uploads\/vlcsnap-2024-02-27-14h37m31s029-300x225.png",300,225,true],"woocommerce_single":["https:\/\/engagingsafetysolutions.com\/esp\/wp-content\/uploads\/vlcsnap-2024-02-27-14h37m31s029-640x360.png",640,360,true],"woocommerce_gallery_thumbnail":["https:\/\/engagingsafetysolutions.com\/esp\/wp-content\/uploads\/vlcsnap-2024-02-27-14h37m31s029-100x100.png",100,100,true],"dgwt-wcas-product-suggestion":["https:\/\/engagingsafetysolutions.com\/esp\/wp-content\/uploads\/vlcsnap-2024-02-27-14h37m31s029-64x36.png",64,36,true]},"uagb_author_info":{"display_name":"evagomez","author_link":"https:\/\/engagingsafetysolutions.com\/esp\/author\/"},"uagb_comment_info":0,"uagb_excerpt":"El programa de planificaci\u00f3n de emergencias en entornos de construcci\u00f3n analiza los tipos de emergencias que pueden ocurrir en un sitio de construcci\u00f3n y c\u00f3mo deben responder los empleados durante una emergencia.","_links":{"self":[{"href":"https:\/\/engagingsafetysolutions.com\/esp\/wp-json\/wp\/v2\/product\/13524","targetHints":{"allow":["GET"]}}],"collection":[{"href":"https:\/\/engagingsafetysolutions.com\/esp\/wp-json\/wp\/v2\/product"}],"about":[{"href":"https:\/\/engagingsafetysolutions.com\/esp\/wp-json\/wp\/v2\/types\/product"}],"version-history":[{"count":3,"href":"https:\/\/engagingsafetysolutions.com\/esp\/wp-json\/wp\/v2\/product\/13524\/revisions"}],"predecessor-version":[{"id":14794,"href":"https:\/\/engagingsafetysolutions.com\/esp\/wp-json\/wp\/v2\/product\/13524\/revisions\/14794"}],"wp:featuredmedia":[{"embeddable":true,"href":"https:\/\/engagingsafetysolutions.com\/esp\/wp-json\/wp\/v2\/media\/13529"}],"wp:attachment":[{"href":"https:\/\/engagingsafetysolutions.com\/esp\/wp-json\/wp\/v2\/media?parent=13524"}],"wp:term":[{"taxonomy":"product_brand","embeddable":true,"href":"https:\/\/engagingsafetysolutions.com\/esp\/wp-json\/wp\/v2\/product_brand?post=13524"},{"taxonomy":"product_cat","embeddable":true,"href":"https:\/\/engagingsafetysolutions.com\/esp\/wp-json\/wp\/v2\/product_cat?post=13524"},{"taxonomy":"product_tag","embeddable":true,"href":"https:\/\/engagingsafetysolutions.com\/esp\/wp-json\/wp\/v2\/product_tag?post=13524"}],"curies":[{"name":"wp","href":"https:\/\/api.w.org\/{rel}","templated":true}]}}