{"id":13493,"date":"2025-07-24T16:53:33","date_gmt":"2025-07-24T16:53:33","guid":{"rendered":"https:\/\/engagingsafetysolutions.com\/esp\/?post_type=product&#038;p=13493"},"modified":"2025-08-18T16:45:06","modified_gmt":"2025-08-18T16:45:06","slug":"prevencion-de-las-enfermedades-relacionadas-con-el-calor-en-lugares-de-trabajo-de-california","status":"publish","type":"product","link":"https:\/\/engagingsafetysolutions.com\/esp\/product\/prevencion-de-las-enfermedades-relacionadas-con-el-calor-en-lugares-de-trabajo-de-california\/","title":{"rendered":"Prevenci\u00f3n de las enfermedades relacionadas con el calor en lugares de trabajo de California"},"content":{"rendered":"<p>El Programa de Prevenci\u00f3n de Enfermedades por Calor para Lugares de Trabajo de California analiza c\u00f3mo el calor afecta el cuerpo y puede provocar enfermedades relacionadas con el calor. Tambi\u00e9n proporciona orientaci\u00f3n pr\u00e1ctica sobre c\u00f3mo cumplir con los Est\u00e1ndares de Prevenci\u00f3n de Enfermedades por Calor en interiores y exteriores de California, as\u00ed como tambi\u00e9n revisa lo que los trabajadores pueden hacer para ayudar a prevenir enfermedades relacionadas con el calor. Enfrentar con el calor puede ser inevitable en algunos entornos de trabajo. Los trabajadores deben comprender c\u00f3mo protegerse de las enfermedades relacionadas con el calor a trav\u00e9s de una preparaci\u00f3n adecuada, pr\u00e1cticas de trabajo seguras y controles de ingenier\u00eda. Pero no tienen que hacer esto solos&#8230; Los Est\u00e1ndares de Prevenci\u00f3n de Enfermedades por Calor al aire libre y en interiores de California establecen las pautas que los trabajadores pueden usar para &#8220;combatir el calor&#8221; y volver a casa de manera segura al final del d\u00eda. El programa incluye informaci\u00f3n sobre el calor y el sistema de enfriamiento del cuerpo, enfermedades relacionadas con el calor, tratamiento de enfermedades relacionadas con el calor, preparaci\u00f3n para trabajar en ambientes de alto calor, trabajo seguro en ambientes de alto calor y m\u00e1s.<\/p>\n","protected":false},"excerpt":{"rendered":"<p>El programa de prevenci\u00f3n de enfermedades causadas por el calor para los lugares de trabajo de California analiza c\u00f3mo el calor afecta el cuerpo y puede provocar enfermedades relacionadas con el calor. Tambi\u00e9n proporciona orientaci\u00f3n pr\u00e1ctica sobre c\u00f3mo cumplir con los Est\u00e1ndares de Prevenci\u00f3n de Enfermedades por Calor en interiores y exteriores de California, as\u00ed como tambi\u00e9n revisa lo que los trabajadores pueden hacer para ayudar a prevenir enfermedades relacionadas con el calor. <\/p>\n","protected":false},"featured_media":13494,"template":"","meta":{"_uag_custom_page_level_css":""},"product_brand":[],"product_cat":[68,51,32,52],"product_tag":[],"class_list":{"0":"post-13493","1":"product","2":"type-product","3":"status-publish","4":"has-post-thumbnail","6":"product_cat-dvd-2","7":"product_cat-elearning","8":"product_cat-usb","9":"product_cat-videos-en-demanda","11":"first","12":"instock","13":"taxable","14":"shipping-taxable","15":"purchasable","16":"product-type-variable"},"aioseo_notices":[],"uagb_featured_image_src":{"full":["https:\/\/engagingsafetysolutions.com\/esp\/wp-content\/uploads\/caheat.jpg",1920,1080,false],"thumbnail":["https:\/\/engagingsafetysolutions.com\/esp\/wp-content\/uploads\/caheat-150x150.jpg",150,150,true],"medium":["https:\/\/engagingsafetysolutions.com\/esp\/wp-content\/uploads\/caheat-300x169.jpg",300,169,true],"medium_large":["https:\/\/engagingsafetysolutions.com\/esp\/wp-content\/uploads\/caheat-768x432.jpg",768,432,true],"large":["https:\/\/engagingsafetysolutions.com\/esp\/wp-content\/uploads\/caheat-1024x576.jpg",1024,576,true],"1536x1536":["https:\/\/engagingsafetysolutions.com\/esp\/wp-content\/uploads\/caheat-1536x864.jpg",1536,864,true],"2048x2048":["https:\/\/engagingsafetysolutions.com\/esp\/wp-content\/uploads\/caheat.jpg",1920,1080,false],"woocommerce_thumbnail":["https:\/\/engagingsafetysolutions.com\/esp\/wp-content\/uploads\/caheat-300x225.jpg",300,225,true],"woocommerce_single":["https:\/\/engagingsafetysolutions.com\/esp\/wp-content\/uploads\/caheat-640x360.jpg",640,360,true],"woocommerce_gallery_thumbnail":["https:\/\/engagingsafetysolutions.com\/esp\/wp-content\/uploads\/caheat-100x100.jpg",100,100,true],"dgwt-wcas-product-suggestion":["https:\/\/engagingsafetysolutions.com\/esp\/wp-content\/uploads\/caheat-64x36.jpg",64,36,true]},"uagb_author_info":{"display_name":"evagomez","author_link":"https:\/\/engagingsafetysolutions.com\/esp\/author\/"},"uagb_comment_info":0,"uagb_excerpt":"El programa de prevenci\u00f3n de enfermedades causadas por el calor para los lugares de trabajo de California analiza c\u00f3mo el calor afecta el cuerpo y puede provocar enfermedades relacionadas con el calor. Tambi\u00e9n proporciona orientaci\u00f3n pr\u00e1ctica sobre c\u00f3mo cumplir con los Est\u00e1ndares de Prevenci\u00f3n de Enfermedades por Calor en interiores y exteriores de California, as\u00ed&hellip;","_links":{"self":[{"href":"https:\/\/engagingsafetysolutions.com\/esp\/wp-json\/wp\/v2\/product\/13493","targetHints":{"allow":["GET"]}}],"collection":[{"href":"https:\/\/engagingsafetysolutions.com\/esp\/wp-json\/wp\/v2\/product"}],"about":[{"href":"https:\/\/engagingsafetysolutions.com\/esp\/wp-json\/wp\/v2\/types\/product"}],"version-history":[{"count":4,"href":"https:\/\/engagingsafetysolutions.com\/esp\/wp-json\/wp\/v2\/product\/13493\/revisions"}],"predecessor-version":[{"id":14793,"href":"https:\/\/engagingsafetysolutions.com\/esp\/wp-json\/wp\/v2\/product\/13493\/revisions\/14793"}],"wp:featuredmedia":[{"embeddable":true,"href":"https:\/\/engagingsafetysolutions.com\/esp\/wp-json\/wp\/v2\/media\/13494"}],"wp:attachment":[{"href":"https:\/\/engagingsafetysolutions.com\/esp\/wp-json\/wp\/v2\/media?parent=13493"}],"wp:term":[{"taxonomy":"product_brand","embeddable":true,"href":"https:\/\/engagingsafetysolutions.com\/esp\/wp-json\/wp\/v2\/product_brand?post=13493"},{"taxonomy":"product_cat","embeddable":true,"href":"https:\/\/engagingsafetysolutions.com\/esp\/wp-json\/wp\/v2\/product_cat?post=13493"},{"taxonomy":"product_tag","embeddable":true,"href":"https:\/\/engagingsafetysolutions.com\/esp\/wp-json\/wp\/v2\/product_tag?post=13493"}],"curies":[{"name":"wp","href":"https:\/\/api.w.org\/{rel}","templated":true}]}}