{"id":13486,"date":"2025-07-24T16:36:33","date_gmt":"2025-07-24T16:36:33","guid":{"rendered":"https:\/\/engagingsafetysolutions.com\/esp\/?post_type=product&#038;p=13486"},"modified":"2025-08-18T16:45:00","modified_gmt":"2025-08-18T16:45:00","slug":"heat-stress-in-transportation-and-warehouse-environments","status":"publish","type":"product","link":"https:\/\/engagingsafetysolutions.com\/esp\/product\/heat-stress-in-transportation-and-warehouse-environments\/","title":{"rendered":"Estr\u00e9s T\u00e9rmico en Ambientes de Transporte y Almacenamiento"},"content":{"rendered":"<p>El programa Estr\u00e9s por calor en entornos de transporte y almac\u00e9n analiza c\u00f3mo funciona y responde el sistema de enfriamiento del cuerpo al calor, los tipos de enfermedades relacionadas con el calor y c\u00f3mo tratarlas, y c\u00f3mo prepararse para trabajar en entornos de transporte y almac\u00e9n calientes de manera segura. Tambi\u00e9n proporciona orientaci\u00f3n sobre c\u00f3mo dise\u00f1ar controles para entornos calientes. Nuestros cuerpos son fuertes, flexibles y capaces de realizar una variedad de tareas exigentes&#8230; Pero el estr\u00e9s por calor puede interferir con sus procesos naturales. Cuando esto sucede, los resultados pueden ser graves, incluso fatales. Pero no tienen por qu\u00e9 serlo. El programa incluye informaci\u00f3n sobre c\u00f3mo el calor afecta el &#8220;sistema de enfriamiento&#8221; del cuerpo, los tipos de enfermedades relacionadas con el calor y sus s\u00edntomas, el tratamiento de enfermedades relacionadas con el calor, c\u00f3mo prepararse para trabajar en ambientes calurosos, c\u00f3mo dise\u00f1ar controles para ambientes c\u00e1lidos y m\u00e1s.<\/p>\n","protected":false},"excerpt":{"rendered":"<p>Estr\u00e9s t\u00e9rmico en ambientes de transporte y almacenamiento calor, los tipos de enfermedades relacionadas con el calor y c\u00f3mo tratarlas, y c\u00f3mo prepararse para trabajar en entornos de construcci\u00f3n calurosos de manera segura. El programa  viene con una gu\u00eda completa para l\u00edderes, un formulario de programaci\u00f3n y asistencia reproducible, un cuestionario para empleados, un certificado de capacitaci\u00f3n y un registro de capacitaci\u00f3n.<\/p>\n","protected":false},"featured_media":13491,"template":"","meta":{"_uag_custom_page_level_css":""},"product_brand":[],"product_cat":[68,51,32,52],"product_tag":[],"class_list":{"0":"post-13486","1":"product","2":"type-product","3":"status-publish","4":"has-post-thumbnail","6":"product_cat-dvd-2","7":"product_cat-elearning","8":"product_cat-usb","9":"product_cat-videos-en-demanda","11":"first","12":"instock","13":"taxable","14":"shipping-taxable","15":"purchasable","16":"product-type-variable","17":"has-default-attributes"},"aioseo_notices":[],"uagb_featured_image_src":{"full":["https:\/\/engagingsafetysolutions.com\/esp\/wp-content\/uploads\/c_goals-1.jpg",1920,1080,false],"thumbnail":["https:\/\/engagingsafetysolutions.com\/esp\/wp-content\/uploads\/c_goals-1-150x150.jpg",150,150,true],"medium":["https:\/\/engagingsafetysolutions.com\/esp\/wp-content\/uploads\/c_goals-1-300x169.jpg",300,169,true],"medium_large":["https:\/\/engagingsafetysolutions.com\/esp\/wp-content\/uploads\/c_goals-1-768x432.jpg",768,432,true],"large":["https:\/\/engagingsafetysolutions.com\/esp\/wp-content\/uploads\/c_goals-1-1024x576.jpg",1024,576,true],"1536x1536":["https:\/\/engagingsafetysolutions.com\/esp\/wp-content\/uploads\/c_goals-1-1536x864.jpg",1536,864,true],"2048x2048":["https:\/\/engagingsafetysolutions.com\/esp\/wp-content\/uploads\/c_goals-1.jpg",1920,1080,false],"woocommerce_thumbnail":["https:\/\/engagingsafetysolutions.com\/esp\/wp-content\/uploads\/c_goals-1-300x225.jpg",300,225,true],"woocommerce_single":["https:\/\/engagingsafetysolutions.com\/esp\/wp-content\/uploads\/c_goals-1-640x360.jpg",640,360,true],"woocommerce_gallery_thumbnail":["https:\/\/engagingsafetysolutions.com\/esp\/wp-content\/uploads\/c_goals-1-100x100.jpg",100,100,true],"dgwt-wcas-product-suggestion":["https:\/\/engagingsafetysolutions.com\/esp\/wp-content\/uploads\/c_goals-1-64x36.jpg",64,36,true]},"uagb_author_info":{"display_name":"evagomez","author_link":"https:\/\/engagingsafetysolutions.com\/esp\/author\/"},"uagb_comment_info":0,"uagb_excerpt":"Estr\u00e9s t\u00e9rmico en ambientes de transporte y almacenamiento calor, los tipos de enfermedades relacionadas con el calor y c\u00f3mo tratarlas, y c\u00f3mo prepararse para trabajar en entornos de construcci\u00f3n calurosos de manera segura. El programa viene con una gu\u00eda completa para l\u00edderes, un formulario de programaci\u00f3n y asistencia reproducible, un cuestionario para empleados, un certificado&hellip;","_links":{"self":[{"href":"https:\/\/engagingsafetysolutions.com\/esp\/wp-json\/wp\/v2\/product\/13486","targetHints":{"allow":["GET"]}}],"collection":[{"href":"https:\/\/engagingsafetysolutions.com\/esp\/wp-json\/wp\/v2\/product"}],"about":[{"href":"https:\/\/engagingsafetysolutions.com\/esp\/wp-json\/wp\/v2\/types\/product"}],"version-history":[{"count":5,"href":"https:\/\/engagingsafetysolutions.com\/esp\/wp-json\/wp\/v2\/product\/13486\/revisions"}],"predecessor-version":[{"id":14792,"href":"https:\/\/engagingsafetysolutions.com\/esp\/wp-json\/wp\/v2\/product\/13486\/revisions\/14792"}],"wp:featuredmedia":[{"embeddable":true,"href":"https:\/\/engagingsafetysolutions.com\/esp\/wp-json\/wp\/v2\/media\/13491"}],"wp:attachment":[{"href":"https:\/\/engagingsafetysolutions.com\/esp\/wp-json\/wp\/v2\/media?parent=13486"}],"wp:term":[{"taxonomy":"product_brand","embeddable":true,"href":"https:\/\/engagingsafetysolutions.com\/esp\/wp-json\/wp\/v2\/product_brand?post=13486"},{"taxonomy":"product_cat","embeddable":true,"href":"https:\/\/engagingsafetysolutions.com\/esp\/wp-json\/wp\/v2\/product_cat?post=13486"},{"taxonomy":"product_tag","embeddable":true,"href":"https:\/\/engagingsafetysolutions.com\/esp\/wp-json\/wp\/v2\/product_tag?post=13486"}],"curies":[{"name":"wp","href":"https:\/\/api.w.org\/{rel}","templated":true}]}}