{"id":13387,"date":"2024-10-24T15:20:36","date_gmt":"2024-10-24T15:20:36","guid":{"rendered":"https:\/\/engagingsafetysolutions.com\/esp\/?post_type=product&#038;p=13387"},"modified":"2025-08-18T16:44:54","modified_gmt":"2025-08-18T16:44:54","slug":"seguridad-con-montacargas-carretillas-elevadoras-industriales-con-contrapeso","status":"publish","type":"product","link":"https:\/\/engagingsafetysolutions.com\/esp\/product\/seguridad-con-montacargas-carretillas-elevadoras-industriales-con-contrapeso\/","title":{"rendered":"Seguridad con Montacargas&#8230; Carretillas Elevadoras Industriales con Contrapeso"},"content":{"rendered":"<p>El programa de carretillas elevadoras industriales de seguridad de carretillas elevadoras industriales brinda a los empleados la informaci\u00f3n que necesitan para mantener adecuadamente y operar de manera segura una carretilla elevadora, el tipo m\u00e1s com\u00fan de carretilla elevadora contrapesada industrial. Mover materiales por el lugar de trabajo de manera r\u00e1pida y eficiente requiere mucha habilidad. Y es una gran responsabilidad. A menudo, la mejor &#8220;herramienta&#8221; para el trabajo es una pieza especializada de equipo de &#8220;manejo de materiales&#8221; que la mayor\u00eda de nosotros llamamos &#8220;montacargas&#8221;. Aunque estos veh\u00edculos pueden facilitar mucho ciertos trabajos, tambi\u00e9n pueden ser muy peligrosos. Miles de trabajadores resultan gravemente heridos en accidentes de montacargas cada a\u00f1o &#8230; y m\u00e1s de 100 mueren. Y las personas que resultan heridas incluye tanto a los &#8220;peatones&#8221; como a los operadores de montacargas. Adem\u00e1s del costo humano, los accidentes con montacargas tambi\u00e9n pueden causar da\u00f1os a los materiales, las instalaciones y los propios montacargas. Afortunadamente, estos accidentes se pueden prevenir si los operadores de montacargas comprenden las limitaciones de un montacargas &#8230; y aprender a manejarlo de forma segura. El programa incluye informaci\u00f3n sobre el dise\u00f1o, las capacidades y las limitaciones de los montacargas, los conceptos b\u00e1sicos de la estabilidad del montacargas, los peligros asociados con la operaci\u00f3n de un montacargas, c\u00f3mo mantener e inspeccionar los montacargas, las pr\u00e1cticas de trabajo seguras utilizadas al operar un montacargas y m\u00e1s.<\/p>\n","protected":false},"excerpt":{"rendered":"<p>El programa de carretillas elevadoras industriales de seguridad de carretillas elevadoras proporciona a los empleados la informaci\u00f3n que necesitan para mantener adecuadamente y operar de forma segura una carretilla elevadora, el tipo m\u00e1s com\u00fan de carretilla elevadora contrapesada industrial. <\/p>\n","protected":false},"featured_media":13392,"template":"","meta":{"_uag_custom_page_level_css":""},"product_brand":[],"product_cat":[68,51,32,52],"product_tag":[],"class_list":{"0":"post-13387","1":"product","2":"type-product","3":"status-publish","4":"has-post-thumbnail","6":"product_cat-dvd-2","7":"product_cat-elearning","8":"product_cat-usb","9":"product_cat-videos-en-demanda","11":"first","12":"instock","13":"taxable","14":"shipping-taxable","15":"purchasable","16":"product-type-variable","17":"has-default-attributes"},"aioseo_notices":[],"uagb_featured_image_src":{"full":["https:\/\/engagingsafetysolutions.com\/esp\/wp-content\/uploads\/IND_423.jpg",1897,1072,false],"thumbnail":["https:\/\/engagingsafetysolutions.com\/esp\/wp-content\/uploads\/IND_423-150x150.jpg",150,150,true],"medium":["https:\/\/engagingsafetysolutions.com\/esp\/wp-content\/uploads\/IND_423-300x170.jpg",300,170,true],"medium_large":["https:\/\/engagingsafetysolutions.com\/esp\/wp-content\/uploads\/IND_423-768x434.jpg",768,434,true],"large":["https:\/\/engagingsafetysolutions.com\/esp\/wp-content\/uploads\/IND_423-1024x579.jpg",1024,579,true],"1536x1536":["https:\/\/engagingsafetysolutions.com\/esp\/wp-content\/uploads\/IND_423-1536x868.jpg",1536,868,true],"2048x2048":["https:\/\/engagingsafetysolutions.com\/esp\/wp-content\/uploads\/IND_423.jpg",1897,1072,false],"woocommerce_thumbnail":["https:\/\/engagingsafetysolutions.com\/esp\/wp-content\/uploads\/IND_423-300x225.jpg",300,225,true],"woocommerce_single":["https:\/\/engagingsafetysolutions.com\/esp\/wp-content\/uploads\/IND_423-640x362.jpg",640,362,true],"woocommerce_gallery_thumbnail":["https:\/\/engagingsafetysolutions.com\/esp\/wp-content\/uploads\/IND_423-100x100.jpg",100,100,true],"dgwt-wcas-product-suggestion":["https:\/\/engagingsafetysolutions.com\/esp\/wp-content\/uploads\/IND_423-64x36.jpg",64,36,true]},"uagb_author_info":{"display_name":"evagomez","author_link":"https:\/\/engagingsafetysolutions.com\/esp\/author\/"},"uagb_comment_info":0,"uagb_excerpt":"El programa de carretillas elevadoras industriales de seguridad de carretillas elevadoras proporciona a los empleados la informaci\u00f3n que necesitan para mantener adecuadamente y operar de forma segura una carretilla elevadora, el tipo m\u00e1s com\u00fan de carretilla elevadora contrapesada industrial.","_links":{"self":[{"href":"https:\/\/engagingsafetysolutions.com\/esp\/wp-json\/wp\/v2\/product\/13387","targetHints":{"allow":["GET"]}}],"collection":[{"href":"https:\/\/engagingsafetysolutions.com\/esp\/wp-json\/wp\/v2\/product"}],"about":[{"href":"https:\/\/engagingsafetysolutions.com\/esp\/wp-json\/wp\/v2\/types\/product"}],"version-history":[{"count":5,"href":"https:\/\/engagingsafetysolutions.com\/esp\/wp-json\/wp\/v2\/product\/13387\/revisions"}],"predecessor-version":[{"id":14788,"href":"https:\/\/engagingsafetysolutions.com\/esp\/wp-json\/wp\/v2\/product\/13387\/revisions\/14788"}],"wp:featuredmedia":[{"embeddable":true,"href":"https:\/\/engagingsafetysolutions.com\/esp\/wp-json\/wp\/v2\/media\/13392"}],"wp:attachment":[{"href":"https:\/\/engagingsafetysolutions.com\/esp\/wp-json\/wp\/v2\/media?parent=13387"}],"wp:term":[{"taxonomy":"product_brand","embeddable":true,"href":"https:\/\/engagingsafetysolutions.com\/esp\/wp-json\/wp\/v2\/product_brand?post=13387"},{"taxonomy":"product_cat","embeddable":true,"href":"https:\/\/engagingsafetysolutions.com\/esp\/wp-json\/wp\/v2\/product_cat?post=13387"},{"taxonomy":"product_tag","embeddable":true,"href":"https:\/\/engagingsafetysolutions.com\/esp\/wp-json\/wp\/v2\/product_tag?post=13387"}],"curies":[{"name":"wp","href":"https:\/\/api.w.org\/{rel}","templated":true}]}}