{"id":13372,"date":"2024-10-24T14:27:19","date_gmt":"2024-10-24T14:27:19","guid":{"rendered":"https:\/\/engagingsafetysolutions.com\/esp\/?post_type=product&#038;p=13372"},"modified":"2025-08-18T16:44:54","modified_gmt":"2025-08-18T16:44:54","slug":"violencia-en-el-lugar-de-trabajo-para-gerentes-y-supervisores-de-california","status":"publish","type":"product","link":"https:\/\/engagingsafetysolutions.com\/esp\/product\/violencia-en-el-lugar-de-trabajo-para-gerentes-y-supervisores-de-california\/","title":{"rendered":"Violencia en el Lugar de Trabajo Para Gerentes y Supervisores de California"},"content":{"rendered":"<p>Violencia en el lugar de trabajo para gerentes y supervisores de California El programa analiza los diferentes tipos de violencia que pueden ocurrir en el lugar de trabajo, c\u00f3mo anticipar la violencia y c\u00f3mo manejar el comportamiento agresivo y violento. Tambi\u00e9n proporciona orientaci\u00f3n pr\u00e1ctica sobre c\u00f3mo crear e implementar un Plan de Prevenci\u00f3n de la Violencia en el Lugar de Trabajo que cumpla con el proyecto de ley SB 553 de California. A veces puede ser dif\u00edcil para los gerentes y supervisores &#8220;mantener el orden&#8221; en su lugar de trabajo cuando aumentan las tensiones. Cuando un empleado se vuelve agresivo o violento, o aparece una &#8220;amenaza externa&#8221;, los empleados a menudo recurren a sus l\u00edderes en busca de ayuda. Una forma de prepararse para esto es que los empleadores tengan un &#8220;Plan de Prevenci\u00f3n de la Violencia en el Lugar de Trabajo&#8221; que cumpla con el proyecto de ley SB 553 de California. El programa incluye informaci\u00f3n sobre la definici\u00f3n de &#8220;violencia&#8221;, c\u00f3mo reconocer signos de violencia potencial, manejar el comportamiento agresivo, c\u00f3mo Enfrentar con el comportamiento violento, implementar un &#8220;Plan de prevenci\u00f3n de la violencia en el lugar de trabajo&#8221; y m\u00e1s.<\/p>\n","protected":false},"excerpt":{"rendered":"<p>Violencia en el lugar de trabajo&#8230; para gerentes y supervisores de California El programa analiza los diferentes tipos de violencia que pueden ocurrir en el lugar de trabajo, c\u00f3mo anticipar la violencia y c\u00f3mo manejar el comportamiento agresivo y violento. Tambi\u00e9n proporciona orientaci\u00f3n pr\u00e1ctica sobre c\u00f3mo crear e implementar un Plan de Prevenci\u00f3n de la Violencia en el Lugar de Trabajo que cumpla con el proyecto de ley SB 553 de California.<\/p>\n","protected":false},"featured_media":13377,"template":"","meta":{"_uag_custom_page_level_css":""},"product_brand":[],"product_cat":[68,51,32,52],"product_tag":[],"class_list":{"0":"post-13372","1":"product","2":"type-product","3":"status-publish","4":"has-post-thumbnail","6":"product_cat-dvd-2","7":"product_cat-elearning","8":"product_cat-usb","9":"product_cat-videos-en-demanda","11":"first","12":"instock","13":"taxable","14":"shipping-taxable","15":"purchasable","16":"product-type-variable","17":"has-default-attributes"},"aioseo_notices":[],"uagb_featured_image_src":{"full":["https:\/\/engagingsafetysolutions.com\/esp\/wp-content\/uploads\/GEN_455.jpg",1917,1084,false],"thumbnail":["https:\/\/engagingsafetysolutions.com\/esp\/wp-content\/uploads\/GEN_455-150x150.jpg",150,150,true],"medium":["https:\/\/engagingsafetysolutions.com\/esp\/wp-content\/uploads\/GEN_455-300x170.jpg",300,170,true],"medium_large":["https:\/\/engagingsafetysolutions.com\/esp\/wp-content\/uploads\/GEN_455-768x434.jpg",768,434,true],"large":["https:\/\/engagingsafetysolutions.com\/esp\/wp-content\/uploads\/GEN_455-1024x579.jpg",1024,579,true],"1536x1536":["https:\/\/engagingsafetysolutions.com\/esp\/wp-content\/uploads\/GEN_455-1536x869.jpg",1536,869,true],"2048x2048":["https:\/\/engagingsafetysolutions.com\/esp\/wp-content\/uploads\/GEN_455.jpg",1917,1084,false],"woocommerce_thumbnail":["https:\/\/engagingsafetysolutions.com\/esp\/wp-content\/uploads\/GEN_455-300x225.jpg",300,225,true],"woocommerce_single":["https:\/\/engagingsafetysolutions.com\/esp\/wp-content\/uploads\/GEN_455-640x362.jpg",640,362,true],"woocommerce_gallery_thumbnail":["https:\/\/engagingsafetysolutions.com\/esp\/wp-content\/uploads\/GEN_455-100x100.jpg",100,100,true],"dgwt-wcas-product-suggestion":["https:\/\/engagingsafetysolutions.com\/esp\/wp-content\/uploads\/GEN_455-64x36.jpg",64,36,true]},"uagb_author_info":{"display_name":"evagomez","author_link":"https:\/\/engagingsafetysolutions.com\/esp\/author\/"},"uagb_comment_info":0,"uagb_excerpt":"Violencia en el lugar de trabajo... para gerentes y supervisores de California El programa analiza los diferentes tipos de violencia que pueden ocurrir en el lugar de trabajo, c\u00f3mo anticipar la violencia y c\u00f3mo manejar el comportamiento agresivo y violento. Tambi\u00e9n proporciona orientaci\u00f3n pr\u00e1ctica sobre c\u00f3mo crear e implementar un Plan de Prevenci\u00f3n de la&hellip;","_links":{"self":[{"href":"https:\/\/engagingsafetysolutions.com\/esp\/wp-json\/wp\/v2\/product\/13372","targetHints":{"allow":["GET"]}}],"collection":[{"href":"https:\/\/engagingsafetysolutions.com\/esp\/wp-json\/wp\/v2\/product"}],"about":[{"href":"https:\/\/engagingsafetysolutions.com\/esp\/wp-json\/wp\/v2\/types\/product"}],"version-history":[{"count":5,"href":"https:\/\/engagingsafetysolutions.com\/esp\/wp-json\/wp\/v2\/product\/13372\/revisions"}],"predecessor-version":[{"id":14786,"href":"https:\/\/engagingsafetysolutions.com\/esp\/wp-json\/wp\/v2\/product\/13372\/revisions\/14786"}],"wp:featuredmedia":[{"embeddable":true,"href":"https:\/\/engagingsafetysolutions.com\/esp\/wp-json\/wp\/v2\/media\/13377"}],"wp:attachment":[{"href":"https:\/\/engagingsafetysolutions.com\/esp\/wp-json\/wp\/v2\/media?parent=13372"}],"wp:term":[{"taxonomy":"product_brand","embeddable":true,"href":"https:\/\/engagingsafetysolutions.com\/esp\/wp-json\/wp\/v2\/product_brand?post=13372"},{"taxonomy":"product_cat","embeddable":true,"href":"https:\/\/engagingsafetysolutions.com\/esp\/wp-json\/wp\/v2\/product_cat?post=13372"},{"taxonomy":"product_tag","embeddable":true,"href":"https:\/\/engagingsafetysolutions.com\/esp\/wp-json\/wp\/v2\/product_tag?post=13372"}],"curies":[{"name":"wp","href":"https:\/\/api.w.org\/{rel}","templated":true}]}}