{"id":13362,"date":"2024-10-24T14:01:21","date_gmt":"2024-10-24T14:01:21","guid":{"rendered":"https:\/\/engagingsafetysolutions.com\/esp\/?post_type=product&#038;p=13362"},"modified":"2025-08-18T16:44:54","modified_gmt":"2025-08-18T16:44:54","slug":"violencia-en-el-lugar-de-trabajo-para-empleados-de-california","status":"publish","type":"product","link":"https:\/\/engagingsafetysolutions.com\/esp\/product\/violencia-en-el-lugar-de-trabajo-para-empleados-de-california\/","title":{"rendered":"Violencia en el Lugar de Trabajo Para Empleados de California"},"content":{"rendered":"<p>Violencia en el lugar de trabajo  El Programa para Empleados de California analiza los diferentes tipos de violencia que los empleados pueden encontrar en el lugar de trabajo, las &#8220;se\u00f1ales de advertencia&#8221; que pueden buscar y c\u00f3mo manejar el comportamiento agresivo o violento si ocurre. El curso tambi\u00e9n proporciona orientaci\u00f3n pr\u00e1ctica sobre c\u00f3mo ayudar a implementar un Plan de Prevenci\u00f3n de la Violencia en el Lugar de Trabajo que cumpla con el proyecto de ley SB 553 de California. Cuando los empleados pasan tantas horas de vigilia en el trabajo, hay momentos en que seguramente tendr\u00e1n algunos &#8220;d\u00edas malos&#8221;. Pero cuando el temperamento de alguien se sale de control y se vuelve agresivo o violento, pone en peligro la seguridad de todos. Y ese no es el \u00fanico tipo de violencia potencial en el lugar de trabajo del que preocuparse. Tambi\u00e9n hay amenazas externas, como clientes insatisfechos o intentos de robo. Y aunque la violencia potencial a menudo conduce al p\u00e1nico y al caos&#8230; no tiene por qu\u00e9 ser as\u00ed. Por lo tanto, es importante que todos los empleados sepan c\u00f3mo anticipar, prevenir y denunciar la violencia en el lugar de trabajo. El programa incluye informaci\u00f3n sobre la definici\u00f3n de &#8220;violencia&#8221;, c\u00f3mo reconocer signos de violencia potencial, manejar el comportamiento agresivo, c\u00f3mo Enfrentar con el comportamiento violento, implementar un &#8220;Plan de prevenci\u00f3n de la violencia en el lugar de trabajo&#8221; y m\u00e1s.<\/p>\n","protected":false},"excerpt":{"rendered":"<p>Violencia en el lugar de trabajo&#8230; El Programa para Empleados de California analiza los diferentes tipos de violencia que los empleados pueden encontrar en el lugar de trabajo, las &#8220;se\u00f1ales de advertencia&#8221; que pueden buscar y c\u00f3mo manejar el comportamiento agresivo o violento si ocurre. El curso tambi\u00e9n proporciona orientaci\u00f3n pr\u00e1ctica sobre c\u00f3mo ayudar a implementar un Plan de Prevenci\u00f3n de la Violencia en el Lugar de Trabajo que cumpla con el proyecto de ley SB 553 de California. <\/p>\n","protected":false},"featured_media":13367,"template":"","meta":{"_uag_custom_page_level_css":""},"product_brand":[],"product_cat":[68,51,32,52],"product_tag":[],"class_list":{"0":"post-13362","1":"product","2":"type-product","3":"status-publish","4":"has-post-thumbnail","6":"product_cat-dvd-2","7":"product_cat-elearning","8":"product_cat-usb","9":"product_cat-videos-en-demanda","11":"first","12":"instock","13":"taxable","14":"shipping-taxable","15":"purchasable","16":"product-type-variable","17":"has-default-attributes"},"aioseo_notices":[],"uagb_featured_image_src":{"full":["https:\/\/engagingsafetysolutions.com\/esp\/wp-content\/uploads\/GEN_454.jpg",1906,1075,false],"thumbnail":["https:\/\/engagingsafetysolutions.com\/esp\/wp-content\/uploads\/GEN_454-150x150.jpg",150,150,true],"medium":["https:\/\/engagingsafetysolutions.com\/esp\/wp-content\/uploads\/GEN_454-300x169.jpg",300,169,true],"medium_large":["https:\/\/engagingsafetysolutions.com\/esp\/wp-content\/uploads\/GEN_454-768x433.jpg",768,433,true],"large":["https:\/\/engagingsafetysolutions.com\/esp\/wp-content\/uploads\/GEN_454-1024x578.jpg",1024,578,true],"1536x1536":["https:\/\/engagingsafetysolutions.com\/esp\/wp-content\/uploads\/GEN_454-1536x866.jpg",1536,866,true],"2048x2048":["https:\/\/engagingsafetysolutions.com\/esp\/wp-content\/uploads\/GEN_454.jpg",1906,1075,false],"woocommerce_thumbnail":["https:\/\/engagingsafetysolutions.com\/esp\/wp-content\/uploads\/GEN_454-300x225.jpg",300,225,true],"woocommerce_single":["https:\/\/engagingsafetysolutions.com\/esp\/wp-content\/uploads\/GEN_454-640x361.jpg",640,361,true],"woocommerce_gallery_thumbnail":["https:\/\/engagingsafetysolutions.com\/esp\/wp-content\/uploads\/GEN_454-100x100.jpg",100,100,true],"dgwt-wcas-product-suggestion":["https:\/\/engagingsafetysolutions.com\/esp\/wp-content\/uploads\/GEN_454-64x36.jpg",64,36,true]},"uagb_author_info":{"display_name":"evagomez","author_link":"https:\/\/engagingsafetysolutions.com\/esp\/author\/"},"uagb_comment_info":0,"uagb_excerpt":"Violencia en el lugar de trabajo... El Programa para Empleados de California analiza los diferentes tipos de violencia que los empleados pueden encontrar en el lugar de trabajo, las \"se\u00f1ales de advertencia\" que pueden buscar y c\u00f3mo manejar el comportamiento agresivo o violento si ocurre. El curso tambi\u00e9n proporciona orientaci\u00f3n pr\u00e1ctica sobre c\u00f3mo ayudar a&hellip;","_links":{"self":[{"href":"https:\/\/engagingsafetysolutions.com\/esp\/wp-json\/wp\/v2\/product\/13362","targetHints":{"allow":["GET"]}}],"collection":[{"href":"https:\/\/engagingsafetysolutions.com\/esp\/wp-json\/wp\/v2\/product"}],"about":[{"href":"https:\/\/engagingsafetysolutions.com\/esp\/wp-json\/wp\/v2\/types\/product"}],"version-history":[{"count":5,"href":"https:\/\/engagingsafetysolutions.com\/esp\/wp-json\/wp\/v2\/product\/13362\/revisions"}],"predecessor-version":[{"id":14785,"href":"https:\/\/engagingsafetysolutions.com\/esp\/wp-json\/wp\/v2\/product\/13362\/revisions\/14785"}],"wp:featuredmedia":[{"embeddable":true,"href":"https:\/\/engagingsafetysolutions.com\/esp\/wp-json\/wp\/v2\/media\/13367"}],"wp:attachment":[{"href":"https:\/\/engagingsafetysolutions.com\/esp\/wp-json\/wp\/v2\/media?parent=13362"}],"wp:term":[{"taxonomy":"product_brand","embeddable":true,"href":"https:\/\/engagingsafetysolutions.com\/esp\/wp-json\/wp\/v2\/product_brand?post=13362"},{"taxonomy":"product_cat","embeddable":true,"href":"https:\/\/engagingsafetysolutions.com\/esp\/wp-json\/wp\/v2\/product_cat?post=13362"},{"taxonomy":"product_tag","embeddable":true,"href":"https:\/\/engagingsafetysolutions.com\/esp\/wp-json\/wp\/v2\/product_tag?post=13362"}],"curies":[{"name":"wp","href":"https:\/\/api.w.org\/{rel}","templated":true}]}}