{"id":13229,"date":"2024-10-22T22:50:09","date_gmt":"2024-10-22T22:50:09","guid":{"rendered":"https:\/\/engagingsafetysolutions.com\/esp\/?post_type=product&#038;p=13229"},"modified":"2025-08-18T16:44:39","modified_gmt":"2025-08-18T16:44:39","slug":"prevenir-y-manejar-el-cansancio-para-conductores-de-cmv","status":"publish","type":"product","link":"https:\/\/engagingsafetysolutions.com\/esp\/product\/prevenir-y-manejar-el-cansancio-para-conductores-de-cmv\/","title":{"rendered":"Prevenir y Manejar el Cansancio Para Conductores de CMV"},"content":{"rendered":"<p>Prevenci\u00f3n y manejo de la fatiga &#8230; para conductores de CMV El programa analiza c\u00f3mo puede controlar la fatiga cuando est\u00e1 en la carretera &#8230; as\u00ed como &#8220;estrategias de sue\u00f1o&#8221; que puede usar tanto en la carretera como en casa para asegurarse de que est\u00e1 durmiendo lo suficiente y de buena calidad. La resoluci\u00f3n de problemas, la toma de decisiones r\u00e1pida y el buen juicio son habilidades que los conductores de CMV necesitan para conducir de manera segura. Y si no duerme lo suficiente durante un per\u00edodo prolongado de tiempo, puede &#8220;fatigarse&#8221;&#8230; lo que puede degradar estas habilidades y aumentar las posibilidades de tener un accidente cuando est\u00e1s detr\u00e1s del volante. Pero hay cosas que puede hacer para ayudarlo a dormir lo que necesita para estar despierto y alerta cuando est\u00e1 en la carretera. El programa incluye informaci\u00f3n sobre las estrategias de sue\u00f1o en la carretera, el manejo de su fatiga en la carretera, las estrategias de sue\u00f1o en el hogar y m\u00e1s.<\/p>\n","protected":false},"excerpt":{"rendered":"<p>Prevenci\u00f3n y manejo de la fatiga&#8230; para conductores de CMV El programa analiza c\u00f3mo puede controlar la fatiga cuando est\u00e1 en la carretera &#8230; as\u00ed como &#8220;estrategias de sue\u00f1o&#8221; que puede usar tanto en la carretera como en casa para asegurarse de que est\u00e1 durmiendo lo suficiente y de buena calidad. <\/p>\n","protected":false},"featured_media":13236,"template":"","meta":{"_uag_custom_page_level_css":""},"product_brand":[],"product_cat":[68,51,32,52],"product_tag":[],"class_list":{"0":"post-13229","1":"product","2":"type-product","3":"status-publish","4":"has-post-thumbnail","6":"product_cat-dvd-2","7":"product_cat-elearning","8":"product_cat-usb","9":"product_cat-videos-en-demanda","11":"first","12":"instock","13":"taxable","14":"shipping-taxable","15":"purchasable","16":"product-type-variable","17":"has-default-attributes"},"aioseo_notices":[],"uagb_featured_image_src":{"full":["https:\/\/engagingsafetysolutions.com\/esp\/wp-content\/uploads\/TRN_433.jpg",1914,1069,false],"thumbnail":["https:\/\/engagingsafetysolutions.com\/esp\/wp-content\/uploads\/TRN_433-150x150.jpg",150,150,true],"medium":["https:\/\/engagingsafetysolutions.com\/esp\/wp-content\/uploads\/TRN_433-300x168.jpg",300,168,true],"medium_large":["https:\/\/engagingsafetysolutions.com\/esp\/wp-content\/uploads\/TRN_433-768x429.jpg",768,429,true],"large":["https:\/\/engagingsafetysolutions.com\/esp\/wp-content\/uploads\/TRN_433-1024x572.jpg",1024,572,true],"1536x1536":["https:\/\/engagingsafetysolutions.com\/esp\/wp-content\/uploads\/TRN_433-1536x858.jpg",1536,858,true],"2048x2048":["https:\/\/engagingsafetysolutions.com\/esp\/wp-content\/uploads\/TRN_433.jpg",1914,1069,false],"woocommerce_thumbnail":["https:\/\/engagingsafetysolutions.com\/esp\/wp-content\/uploads\/TRN_433-300x225.jpg",300,225,true],"woocommerce_single":["https:\/\/engagingsafetysolutions.com\/esp\/wp-content\/uploads\/TRN_433-640x357.jpg",640,357,true],"woocommerce_gallery_thumbnail":["https:\/\/engagingsafetysolutions.com\/esp\/wp-content\/uploads\/TRN_433-100x100.jpg",100,100,true],"dgwt-wcas-product-suggestion":["https:\/\/engagingsafetysolutions.com\/esp\/wp-content\/uploads\/TRN_433-64x36.jpg",64,36,true]},"uagb_author_info":{"display_name":"evagomez","author_link":"https:\/\/engagingsafetysolutions.com\/esp\/author\/"},"uagb_comment_info":0,"uagb_excerpt":"Prevenci\u00f3n y manejo de la fatiga... para conductores de CMV El programa analiza c\u00f3mo puede controlar la fatiga cuando est\u00e1 en la carretera ... as\u00ed como \"estrategias de sue\u00f1o\" que puede usar tanto en la carretera como en casa para asegurarse de que est\u00e1 durmiendo lo suficiente y de buena calidad.","_links":{"self":[{"href":"https:\/\/engagingsafetysolutions.com\/esp\/wp-json\/wp\/v2\/product\/13229","targetHints":{"allow":["GET"]}}],"collection":[{"href":"https:\/\/engagingsafetysolutions.com\/esp\/wp-json\/wp\/v2\/product"}],"about":[{"href":"https:\/\/engagingsafetysolutions.com\/esp\/wp-json\/wp\/v2\/types\/product"}],"version-history":[{"count":4,"href":"https:\/\/engagingsafetysolutions.com\/esp\/wp-json\/wp\/v2\/product\/13229\/revisions"}],"predecessor-version":[{"id":14777,"href":"https:\/\/engagingsafetysolutions.com\/esp\/wp-json\/wp\/v2\/product\/13229\/revisions\/14777"}],"wp:featuredmedia":[{"embeddable":true,"href":"https:\/\/engagingsafetysolutions.com\/esp\/wp-json\/wp\/v2\/media\/13236"}],"wp:attachment":[{"href":"https:\/\/engagingsafetysolutions.com\/esp\/wp-json\/wp\/v2\/media?parent=13229"}],"wp:term":[{"taxonomy":"product_brand","embeddable":true,"href":"https:\/\/engagingsafetysolutions.com\/esp\/wp-json\/wp\/v2\/product_brand?post=13229"},{"taxonomy":"product_cat","embeddable":true,"href":"https:\/\/engagingsafetysolutions.com\/esp\/wp-json\/wp\/v2\/product_cat?post=13229"},{"taxonomy":"product_tag","embeddable":true,"href":"https:\/\/engagingsafetysolutions.com\/esp\/wp-json\/wp\/v2\/product_tag?post=13229"}],"curies":[{"name":"wp","href":"https:\/\/api.w.org\/{rel}","templated":true}]}}