{"id":13222,"date":"2024-10-22T22:35:01","date_gmt":"2024-10-22T22:35:01","guid":{"rendered":"https:\/\/engagingsafetysolutions.com\/esp\/?post_type=product&#038;p=13222"},"modified":"2025-08-18T16:44:38","modified_gmt":"2025-08-18T16:44:38","slug":"el-cansancio-y-sus-efectos-para-conductores-de-cmv","status":"publish","type":"product","link":"https:\/\/engagingsafetysolutions.com\/esp\/product\/el-cansancio-y-sus-efectos-para-conductores-de-cmv\/","title":{"rendered":"El Cansancio y sus Efectos&#8230; para Conductores de CMV"},"content":{"rendered":"<p>La fatiga y sus efectos&#8230; para el programa de conductores de CMV analiza los factores que contribuyen a la fatiga, los peligros de conducir mientras est\u00e1n fatigados &#8230; y las regulaciones de &#8220;Hora de servicio&#8221; de la Administraci\u00f3n Federal de Seguridad de Autotransportes que abordan estos problemas. La resoluci\u00f3n de problemas, la toma de decisiones r\u00e1pida y el buen juicio son habilidades que los conductores de CMV necesitan para conducir de manera segura. Pero si no duerme lo suficiente, puede afectar seriamente estas habilidades. De hecho, estar despierto durante 24 horas seguidas puede afectar su conducci\u00f3n tanto como si estuviera legalmente ebrio. Y si no duerme lo suficiente durante un per\u00edodo prolongado de tiempo, puede &#8220;fatigarse&#8221;&#8230; lo que puede aumentar a\u00fan m\u00e1s las posibilidades de tener un accidente cuando est\u00e1 detr\u00e1s del volante. El programa incluye informaci\u00f3n sobre los conceptos b\u00e1sicos de la fatiga, los tipos de fatiga y los trastornos del sue\u00f1o, la regulaci\u00f3n de las horas de servicio de la FMCSA y m\u00e1s.<\/p>\n","protected":false},"excerpt":{"rendered":"<p>La fatiga y sus efectos&#8230; para el programa de conductores de CMV analiza los factores que contribuyen a la fatiga, los peligros de conducir mientras est\u00e1n fatigados &#8230; y las regulaciones de &#8220;Hora de servicio&#8221; de la Administraci\u00f3n Federal de Seguridad de Autotransportes que abordan estos problemas. <\/p>\n","protected":false},"featured_media":13228,"template":"","meta":{"_uag_custom_page_level_css":""},"product_brand":[],"product_cat":[68,51,32,52],"product_tag":[],"class_list":{"0":"post-13222","1":"product","2":"type-product","3":"status-publish","4":"has-post-thumbnail","6":"product_cat-dvd-2","7":"product_cat-elearning","8":"product_cat-usb","9":"product_cat-videos-en-demanda","11":"first","12":"instock","13":"taxable","14":"shipping-taxable","15":"purchasable","16":"product-type-variable","17":"has-default-attributes"},"aioseo_notices":[],"uagb_featured_image_src":{"full":["https:\/\/engagingsafetysolutions.com\/esp\/wp-content\/uploads\/trn_429_action_photo.jpg",1920,1080,false],"thumbnail":["https:\/\/engagingsafetysolutions.com\/esp\/wp-content\/uploads\/trn_429_action_photo-150x150.jpg",150,150,true],"medium":["https:\/\/engagingsafetysolutions.com\/esp\/wp-content\/uploads\/trn_429_action_photo-300x169.jpg",300,169,true],"medium_large":["https:\/\/engagingsafetysolutions.com\/esp\/wp-content\/uploads\/trn_429_action_photo-768x432.jpg",768,432,true],"large":["https:\/\/engagingsafetysolutions.com\/esp\/wp-content\/uploads\/trn_429_action_photo-1024x576.jpg",1024,576,true],"1536x1536":["https:\/\/engagingsafetysolutions.com\/esp\/wp-content\/uploads\/trn_429_action_photo-1536x864.jpg",1536,864,true],"2048x2048":["https:\/\/engagingsafetysolutions.com\/esp\/wp-content\/uploads\/trn_429_action_photo.jpg",1920,1080,false],"woocommerce_thumbnail":["https:\/\/engagingsafetysolutions.com\/esp\/wp-content\/uploads\/trn_429_action_photo-300x225.jpg",300,225,true],"woocommerce_single":["https:\/\/engagingsafetysolutions.com\/esp\/wp-content\/uploads\/trn_429_action_photo-640x360.jpg",640,360,true],"woocommerce_gallery_thumbnail":["https:\/\/engagingsafetysolutions.com\/esp\/wp-content\/uploads\/trn_429_action_photo-100x100.jpg",100,100,true],"dgwt-wcas-product-suggestion":["https:\/\/engagingsafetysolutions.com\/esp\/wp-content\/uploads\/trn_429_action_photo-64x36.jpg",64,36,true]},"uagb_author_info":{"display_name":"evagomez","author_link":"https:\/\/engagingsafetysolutions.com\/esp\/author\/"},"uagb_comment_info":0,"uagb_excerpt":"La fatiga y sus efectos... para el programa de conductores de CMV analiza los factores que contribuyen a la fatiga, los peligros de conducir mientras est\u00e1n fatigados ... y las regulaciones de \"Hora de servicio\" de la Administraci\u00f3n Federal de Seguridad de Autotransportes que abordan estos problemas.","_links":{"self":[{"href":"https:\/\/engagingsafetysolutions.com\/esp\/wp-json\/wp\/v2\/product\/13222","targetHints":{"allow":["GET"]}}],"collection":[{"href":"https:\/\/engagingsafetysolutions.com\/esp\/wp-json\/wp\/v2\/product"}],"about":[{"href":"https:\/\/engagingsafetysolutions.com\/esp\/wp-json\/wp\/v2\/types\/product"}],"version-history":[{"count":3,"href":"https:\/\/engagingsafetysolutions.com\/esp\/wp-json\/wp\/v2\/product\/13222\/revisions"}],"predecessor-version":[{"id":14776,"href":"https:\/\/engagingsafetysolutions.com\/esp\/wp-json\/wp\/v2\/product\/13222\/revisions\/14776"}],"wp:featuredmedia":[{"embeddable":true,"href":"https:\/\/engagingsafetysolutions.com\/esp\/wp-json\/wp\/v2\/media\/13228"}],"wp:attachment":[{"href":"https:\/\/engagingsafetysolutions.com\/esp\/wp-json\/wp\/v2\/media?parent=13222"}],"wp:term":[{"taxonomy":"product_brand","embeddable":true,"href":"https:\/\/engagingsafetysolutions.com\/esp\/wp-json\/wp\/v2\/product_brand?post=13222"},{"taxonomy":"product_cat","embeddable":true,"href":"https:\/\/engagingsafetysolutions.com\/esp\/wp-json\/wp\/v2\/product_cat?post=13222"},{"taxonomy":"product_tag","embeddable":true,"href":"https:\/\/engagingsafetysolutions.com\/esp\/wp-json\/wp\/v2\/product_tag?post=13222"}],"curies":[{"name":"wp","href":"https:\/\/api.w.org\/{rel}","templated":true}]}}