{"id":13209,"date":"2024-10-22T21:38:30","date_gmt":"2024-10-22T21:38:30","guid":{"rendered":"https:\/\/engagingsafetysolutions.com\/esp\/?post_type=product&#038;p=13209"},"modified":"2025-08-18T16:44:38","modified_gmt":"2025-08-18T16:44:38","slug":"pruebas-de-deteccion-por-sospecha-razonable-del-dot-para-gerentes-y-supervisores-parte-ii","status":"publish","type":"product","link":"https:\/\/engagingsafetysolutions.com\/esp\/product\/pruebas-de-deteccion-por-sospecha-razonable-del-dot-para-gerentes-y-supervisores-parte-ii\/","title":{"rendered":"Pruebas de Detecci\u00f3n por Sospecha Razonable del DOT para Gerentes y Supervisores Parte II"},"content":{"rendered":"<p>El segundo de una serie de dos partes sobre pruebas de sospecha razonable, el objetivo de las pruebas de &#8220;sospecha razonable&#8221; del DOT &#8230; para gerentes y supervisores (Parte II) El programa analiza c\u00f3mo reconocer que alguien ha estado bebiendo, el proceso de prueba en s\u00ed (incluida la nueva opci\u00f3n de &#8220;prueba de fluidos orales&#8221;) y retirar a los empleados de sus trabajos, as\u00ed como hacer que regresen al trabajo. Asegurarse de que los conductores y otros empleados con trabajos &#8220;sensibles a la seguridad&#8221; no se vean afectados por las drogas o el alcohol mientras trabajan es una parte importante del trabajo de los gerentes y supervisores. Parte de esta responsabilidad es conocer los indicadores de deterioro del alcohol o las drogas y cu\u00e1ndo se debe enviar a un empleado a una prueba de drogas o alcohol de &#8220;sospecha razonable&#8221;. El programa incluye informaci\u00f3n sobre los signos conductuales del abuso de alcohol, los signos f\u00edsicos del abuso de alcohol, c\u00f3mo acercarse al empleado, conceptos b\u00e1sicos de las pruebas de drogas y alcohol, c\u00f3mo se realizan las pruebas de drogas y alcohol, el proceso de &#8220;Retiro del trabajo&#8221; y &#8220;Regreso al trabajo&#8221;, obtener ayuda para los trastornos por uso de sustancias y m\u00e1s.<\/p>\n","protected":false},"excerpt":{"rendered":"<p>El segundo de una serie de dos partes sobre pruebas de sospecha razonable, el objetivo de las pruebas de &#8220;sospecha razonable&#8221; del DOT &#8230; para gerentes y supervisores (Parte II) El programa analiza c\u00f3mo reconocer que alguien ha estado bebiendo, el proceso de prueba en s\u00ed (incluida la nueva opci\u00f3n de &#8220;prueba de fluidos orales&#8221;) y retirar a los empleados de sus trabajos, as\u00ed como hacer que regresen al trabajo<\/p>\n","protected":false},"featured_media":13263,"template":"","meta":{"_uag_custom_page_level_css":""},"product_brand":[],"product_cat":[68,51,32,52],"product_tag":[],"class_list":{"0":"post-13209","1":"product","2":"type-product","3":"status-publish","4":"has-post-thumbnail","6":"product_cat-dvd-2","7":"product_cat-elearning","8":"product_cat-usb","9":"product_cat-videos-en-demanda","11":"first","12":"instock","13":"taxable","14":"shipping-taxable","15":"purchasable","16":"product-type-variable","17":"has-default-attributes"},"aioseo_notices":[],"uagb_featured_image_src":{"full":["https:\/\/engagingsafetysolutions.com\/esp\/wp-content\/uploads\/TR_439-2.png",1915,1077,false],"thumbnail":["https:\/\/engagingsafetysolutions.com\/esp\/wp-content\/uploads\/TR_439-2-150x150.png",150,150,true],"medium":["https:\/\/engagingsafetysolutions.com\/esp\/wp-content\/uploads\/TR_439-2-300x169.png",300,169,true],"medium_large":["https:\/\/engagingsafetysolutions.com\/esp\/wp-content\/uploads\/TR_439-2-768x432.png",768,432,true],"large":["https:\/\/engagingsafetysolutions.com\/esp\/wp-content\/uploads\/TR_439-2-1024x576.png",1024,576,true],"1536x1536":["https:\/\/engagingsafetysolutions.com\/esp\/wp-content\/uploads\/TR_439-2-1536x864.png",1536,864,true],"2048x2048":["https:\/\/engagingsafetysolutions.com\/esp\/wp-content\/uploads\/TR_439-2.png",1915,1077,false],"woocommerce_thumbnail":["https:\/\/engagingsafetysolutions.com\/esp\/wp-content\/uploads\/TR_439-2-300x225.png",300,225,true],"woocommerce_single":["https:\/\/engagingsafetysolutions.com\/esp\/wp-content\/uploads\/TR_439-2-640x360.png",640,360,true],"woocommerce_gallery_thumbnail":["https:\/\/engagingsafetysolutions.com\/esp\/wp-content\/uploads\/TR_439-2-100x100.png",100,100,true],"dgwt-wcas-product-suggestion":["https:\/\/engagingsafetysolutions.com\/esp\/wp-content\/uploads\/TR_439-2-64x36.png",64,36,true]},"uagb_author_info":{"display_name":"evagomez","author_link":"https:\/\/engagingsafetysolutions.com\/esp\/author\/"},"uagb_comment_info":0,"uagb_excerpt":"El segundo de una serie de dos partes sobre pruebas de sospecha razonable, el objetivo de las pruebas de \"sospecha razonable\" del DOT ... para gerentes y supervisores (Parte II) El programa analiza c\u00f3mo reconocer que alguien ha estado bebiendo, el proceso de prueba en s\u00ed (incluida la nueva opci\u00f3n de \"prueba de fluidos orales\")&hellip;","_links":{"self":[{"href":"https:\/\/engagingsafetysolutions.com\/esp\/wp-json\/wp\/v2\/product\/13209","targetHints":{"allow":["GET"]}}],"collection":[{"href":"https:\/\/engagingsafetysolutions.com\/esp\/wp-json\/wp\/v2\/product"}],"about":[{"href":"https:\/\/engagingsafetysolutions.com\/esp\/wp-json\/wp\/v2\/types\/product"}],"version-history":[{"count":5,"href":"https:\/\/engagingsafetysolutions.com\/esp\/wp-json\/wp\/v2\/product\/13209\/revisions"}],"predecessor-version":[{"id":14775,"href":"https:\/\/engagingsafetysolutions.com\/esp\/wp-json\/wp\/v2\/product\/13209\/revisions\/14775"}],"wp:featuredmedia":[{"embeddable":true,"href":"https:\/\/engagingsafetysolutions.com\/esp\/wp-json\/wp\/v2\/media\/13263"}],"wp:attachment":[{"href":"https:\/\/engagingsafetysolutions.com\/esp\/wp-json\/wp\/v2\/media?parent=13209"}],"wp:term":[{"taxonomy":"product_brand","embeddable":true,"href":"https:\/\/engagingsafetysolutions.com\/esp\/wp-json\/wp\/v2\/product_brand?post=13209"},{"taxonomy":"product_cat","embeddable":true,"href":"https:\/\/engagingsafetysolutions.com\/esp\/wp-json\/wp\/v2\/product_cat?post=13209"},{"taxonomy":"product_tag","embeddable":true,"href":"https:\/\/engagingsafetysolutions.com\/esp\/wp-json\/wp\/v2\/product_tag?post=13209"}],"curies":[{"name":"wp","href":"https:\/\/api.w.org\/{rel}","templated":true}]}}