{"id":13194,"date":"2024-10-22T19:29:06","date_gmt":"2024-10-22T19:29:06","guid":{"rendered":"https:\/\/engagingsafetysolutions.com\/esp\/?post_type=product&#038;p=13194"},"modified":"2025-08-18T16:44:34","modified_gmt":"2025-08-18T16:44:34","slug":"seguridad-con-montacargas-para-peatones","status":"publish","type":"product","link":"https:\/\/engagingsafetysolutions.com\/esp\/product\/seguridad-con-montacargas-para-peatones\/","title":{"rendered":"Seguridad con Montacargas Para Peatones"},"content":{"rendered":"<p>El programa de seguridad de montacargas para peatones brinda a los empleados la informaci\u00f3n que necesitan para mantenerse seguros cuando caminan en un \u00e1rea donde operan montacargas. Cuando est\u00e1 a pie cerca de autom\u00f3viles, camiones u otros veh\u00edculos, seguir las reglas b\u00e1sicas de seguridad puede ayudar a evitar accidentes y las lesiones que pueden causar. Pero la carretera no es el \u00fanico lugar en el que puedes encontrar veh\u00edculos motorizados&#8230; tambi\u00e9n pueden estar presentes en su entorno de trabajo. En muchas instalaciones, los m\u00e1s comunes son las carretillas elevadoras. Pueden parecer peque\u00f1os, pero en realidad pueden pesar hasta tres veces m\u00e1s que un autom\u00f3vil. Y si uno est\u00e1 involucrado en un accidente, las personas podr\u00edan terminar gravemente heridas, incluso muertas. Es por eso que tanto los &#8220;peatones&#8221; como los operadores de montacargas deben trabajar juntos para compartir su espacio de manera segura&#8230; para que puedan mantenerse a s\u00ed mismos, y a los dem\u00e1s, fuera de peligro. El programa incluye informaci\u00f3n sobre c\u00f3mo y por qu\u00e9 ocurren los accidentes de montacargas que involucran a peatones, las precauciones de seguridad que las instalaciones pueden tomar para ayudar a reducir el riesgo de incidentes de peatones relacionados con montacargas, c\u00f3mo asegurarse de que un operador de montacargas pueda ver a los peatones, mantener una distancia segura de un montacargas en funcionamiento, caminar de manera segura alrededor de un montacargas, pr\u00e1cticas de trabajo seguras para peatones que se encuentran en \u00e1reas donde operan montacargas y m\u00e1s..<\/p>\n","protected":false},"excerpt":{"rendered":"<p>El programa de seguridad de montacargas para peatones brinda a los empleados la informaci\u00f3n que necesitan para mantenerse seguros cuando caminan en un \u00e1rea donde operan montacargas. <\/p>\n","protected":false},"featured_media":13200,"template":"","meta":{"_uag_custom_page_level_css":""},"product_brand":[],"product_cat":[51,32,52],"product_tag":[],"class_list":{"0":"post-13194","1":"product","2":"type-product","3":"status-publish","4":"has-post-thumbnail","6":"product_cat-elearning","7":"product_cat-usb","8":"product_cat-videos-en-demanda","10":"first","11":"instock","12":"taxable","13":"shipping-taxable","14":"purchasable","15":"product-type-variable","16":"has-default-attributes"},"aioseo_notices":[],"uagb_featured_image_src":{"full":["https:\/\/engagingsafetysolutions.com\/esp\/wp-content\/uploads\/ind_408_action_photo-2.jpg",1920,1080,false],"thumbnail":["https:\/\/engagingsafetysolutions.com\/esp\/wp-content\/uploads\/ind_408_action_photo-2-150x150.jpg",150,150,true],"medium":["https:\/\/engagingsafetysolutions.com\/esp\/wp-content\/uploads\/ind_408_action_photo-2-300x169.jpg",300,169,true],"medium_large":["https:\/\/engagingsafetysolutions.com\/esp\/wp-content\/uploads\/ind_408_action_photo-2-768x432.jpg",768,432,true],"large":["https:\/\/engagingsafetysolutions.com\/esp\/wp-content\/uploads\/ind_408_action_photo-2-1024x576.jpg",1024,576,true],"1536x1536":["https:\/\/engagingsafetysolutions.com\/esp\/wp-content\/uploads\/ind_408_action_photo-2-1536x864.jpg",1536,864,true],"2048x2048":["https:\/\/engagingsafetysolutions.com\/esp\/wp-content\/uploads\/ind_408_action_photo-2.jpg",1920,1080,false],"woocommerce_thumbnail":["https:\/\/engagingsafetysolutions.com\/esp\/wp-content\/uploads\/ind_408_action_photo-2-300x225.jpg",300,225,true],"woocommerce_single":["https:\/\/engagingsafetysolutions.com\/esp\/wp-content\/uploads\/ind_408_action_photo-2-640x360.jpg",640,360,true],"woocommerce_gallery_thumbnail":["https:\/\/engagingsafetysolutions.com\/esp\/wp-content\/uploads\/ind_408_action_photo-2-100x100.jpg",100,100,true],"dgwt-wcas-product-suggestion":["https:\/\/engagingsafetysolutions.com\/esp\/wp-content\/uploads\/ind_408_action_photo-2-64x36.jpg",64,36,true]},"uagb_author_info":{"display_name":"evagomez","author_link":"https:\/\/engagingsafetysolutions.com\/esp\/author\/"},"uagb_comment_info":0,"uagb_excerpt":"El programa de seguridad de montacargas para peatones brinda a los empleados la informaci\u00f3n que necesitan para mantenerse seguros cuando caminan en un \u00e1rea donde operan montacargas.","_links":{"self":[{"href":"https:\/\/engagingsafetysolutions.com\/esp\/wp-json\/wp\/v2\/product\/13194","targetHints":{"allow":["GET"]}}],"collection":[{"href":"https:\/\/engagingsafetysolutions.com\/esp\/wp-json\/wp\/v2\/product"}],"about":[{"href":"https:\/\/engagingsafetysolutions.com\/esp\/wp-json\/wp\/v2\/types\/product"}],"version-history":[{"count":5,"href":"https:\/\/engagingsafetysolutions.com\/esp\/wp-json\/wp\/v2\/product\/13194\/revisions"}],"predecessor-version":[{"id":14773,"href":"https:\/\/engagingsafetysolutions.com\/esp\/wp-json\/wp\/v2\/product\/13194\/revisions\/14773"}],"wp:featuredmedia":[{"embeddable":true,"href":"https:\/\/engagingsafetysolutions.com\/esp\/wp-json\/wp\/v2\/media\/13200"}],"wp:attachment":[{"href":"https:\/\/engagingsafetysolutions.com\/esp\/wp-json\/wp\/v2\/media?parent=13194"}],"wp:term":[{"taxonomy":"product_brand","embeddable":true,"href":"https:\/\/engagingsafetysolutions.com\/esp\/wp-json\/wp\/v2\/product_brand?post=13194"},{"taxonomy":"product_cat","embeddable":true,"href":"https:\/\/engagingsafetysolutions.com\/esp\/wp-json\/wp\/v2\/product_cat?post=13194"},{"taxonomy":"product_tag","embeddable":true,"href":"https:\/\/engagingsafetysolutions.com\/esp\/wp-json\/wp\/v2\/product_tag?post=13194"}],"curies":[{"name":"wp","href":"https:\/\/api.w.org\/{rel}","templated":true}]}}