{"id":13187,"date":"2024-10-22T17:43:36","date_gmt":"2024-10-22T17:43:36","guid":{"rendered":"https:\/\/engagingsafetysolutions.com\/esp\/?post_type=product&#038;p=13187"},"modified":"2025-08-18T16:44:34","modified_gmt":"2025-08-18T16:44:34","slug":"seguridad-de-peatones-al-conducir-montacargas-operadores","status":"publish","type":"product","link":"https:\/\/engagingsafetysolutions.com\/esp\/product\/seguridad-de-peatones-al-conducir-montacargas-operadores\/","title":{"rendered":"Seguridad de Peatones al Conducir Montacargas para Operadores"},"content":{"rendered":"<p>El programa de seguridad de peatones para operadores de montacargas brinda a los empleados la informaci\u00f3n que necesitan para operar un montacargas de manera segura en \u00e1reas peatonales y analiza c\u00f3mo pueden mantenerse seguros cuando ellos mismos son peatones. Cuando los empleados conducen una carretilla elevadora, est\u00e1n utilizando un equipo que puede pesar tres veces m\u00e1s que un autom\u00f3vil&#8230; Y si hay un accidente, podr\u00edan terminar gravemente heridos, incluso muertos. Pero no son los \u00fanicos que necesitan ser protegidos de cualquier da\u00f1o. La gente se mueve constantemente por sus instalaciones a pie para llegar a donde necesita ir &#8230; Y si los peatones y los operadores de montacargas no trabajan juntos para compartir su espacio de manera segura, puede generar grandes problemas. Mediante el uso de pr\u00e1cticas de trabajo seguras, los operadores de montacargas pueden ayudar a prevenir accidentes de montacargas que involucran a peatones &#8230; y llevar a todos a casa sanos y salvos al final del d\u00eda. El programa incluye informaci\u00f3n sobre por qu\u00e9 ocurren los accidentes de montacargas que involucran a peatones, las precauciones de seguridad que las instalaciones pueden tomar para prevenir accidentes de peatones con montacargas, la preparaci\u00f3n para conducir un montacargas de manera segura alrededor de los peatones, las pr\u00e1cticas de trabajo seguras al operar un montacargas alrededor de los peatones, c\u00f3mo los operadores de montacargas pueden mantenerse seguros cuando ellos mismos son peatones y m\u00e1s..<\/p>\n","protected":false},"excerpt":{"rendered":"<p>El programa de seguridad de peatones para operadores de montacargas brinda a los empleados la informaci\u00f3n que necesitan para operar un montacargas de manera segura en \u00e1reas peatonales y analiza c\u00f3mo pueden mantenerse seguros cuando ellos mismos son peatones. <\/p>\n","protected":false},"featured_media":13189,"template":"","meta":{"_uag_custom_page_level_css":""},"product_brand":[],"product_cat":[68,51,32,52],"product_tag":[],"class_list":{"0":"post-13187","1":"product","2":"type-product","3":"status-publish","4":"has-post-thumbnail","6":"product_cat-dvd-2","7":"product_cat-elearning","8":"product_cat-usb","9":"product_cat-videos-en-demanda","11":"first","12":"instock","13":"taxable","14":"shipping-taxable","15":"purchasable","16":"product-type-variable","17":"has-default-attributes"},"aioseo_notices":[],"uagb_featured_image_src":{"full":["https:\/\/engagingsafetysolutions.com\/esp\/wp-content\/uploads\/ind_425_action_photo.jpg.png",1912,1078,false],"thumbnail":["https:\/\/engagingsafetysolutions.com\/esp\/wp-content\/uploads\/ind_425_action_photo.jpg-150x150.png",150,150,true],"medium":["https:\/\/engagingsafetysolutions.com\/esp\/wp-content\/uploads\/ind_425_action_photo.jpg-300x169.png",300,169,true],"medium_large":["https:\/\/engagingsafetysolutions.com\/esp\/wp-content\/uploads\/ind_425_action_photo.jpg-768x433.png",768,433,true],"large":["https:\/\/engagingsafetysolutions.com\/esp\/wp-content\/uploads\/ind_425_action_photo.jpg-1024x577.png",1024,577,true],"1536x1536":["https:\/\/engagingsafetysolutions.com\/esp\/wp-content\/uploads\/ind_425_action_photo.jpg-1536x866.png",1536,866,true],"2048x2048":["https:\/\/engagingsafetysolutions.com\/esp\/wp-content\/uploads\/ind_425_action_photo.jpg.png",1912,1078,false],"woocommerce_thumbnail":["https:\/\/engagingsafetysolutions.com\/esp\/wp-content\/uploads\/ind_425_action_photo.jpg-300x225.png",300,225,true],"woocommerce_single":["https:\/\/engagingsafetysolutions.com\/esp\/wp-content\/uploads\/ind_425_action_photo.jpg-640x361.png",640,361,true],"woocommerce_gallery_thumbnail":["https:\/\/engagingsafetysolutions.com\/esp\/wp-content\/uploads\/ind_425_action_photo.jpg-100x100.png",100,100,true],"dgwt-wcas-product-suggestion":["https:\/\/engagingsafetysolutions.com\/esp\/wp-content\/uploads\/ind_425_action_photo.jpg-64x36.png",64,36,true]},"uagb_author_info":{"display_name":"evagomez","author_link":"https:\/\/engagingsafetysolutions.com\/esp\/author\/"},"uagb_comment_info":0,"uagb_excerpt":"El programa de seguridad de peatones para operadores de montacargas brinda a los empleados la informaci\u00f3n que necesitan para operar un montacargas de manera segura en \u00e1reas peatonales y analiza c\u00f3mo pueden mantenerse seguros cuando ellos mismos son peatones.","_links":{"self":[{"href":"https:\/\/engagingsafetysolutions.com\/esp\/wp-json\/wp\/v2\/product\/13187","targetHints":{"allow":["GET"]}}],"collection":[{"href":"https:\/\/engagingsafetysolutions.com\/esp\/wp-json\/wp\/v2\/product"}],"about":[{"href":"https:\/\/engagingsafetysolutions.com\/esp\/wp-json\/wp\/v2\/types\/product"}],"version-history":[{"count":3,"href":"https:\/\/engagingsafetysolutions.com\/esp\/wp-json\/wp\/v2\/product\/13187\/revisions"}],"predecessor-version":[{"id":14772,"href":"https:\/\/engagingsafetysolutions.com\/esp\/wp-json\/wp\/v2\/product\/13187\/revisions\/14772"}],"wp:featuredmedia":[{"embeddable":true,"href":"https:\/\/engagingsafetysolutions.com\/esp\/wp-json\/wp\/v2\/media\/13189"}],"wp:attachment":[{"href":"https:\/\/engagingsafetysolutions.com\/esp\/wp-json\/wp\/v2\/media?parent=13187"}],"wp:term":[{"taxonomy":"product_brand","embeddable":true,"href":"https:\/\/engagingsafetysolutions.com\/esp\/wp-json\/wp\/v2\/product_brand?post=13187"},{"taxonomy":"product_cat","embeddable":true,"href":"https:\/\/engagingsafetysolutions.com\/esp\/wp-json\/wp\/v2\/product_cat?post=13187"},{"taxonomy":"product_tag","embeddable":true,"href":"https:\/\/engagingsafetysolutions.com\/esp\/wp-json\/wp\/v2\/product_tag?post=13187"}],"curies":[{"name":"wp","href":"https:\/\/api.w.org\/{rel}","templated":true}]}}