{"id":13133,"date":"2024-10-22T13:57:56","date_gmt":"2024-10-22T13:57:56","guid":{"rendered":"https:\/\/engagingsafetysolutions.com\/esp\/?post_type=product&#038;p=13133"},"modified":"2025-08-18T16:44:30","modified_gmt":"2025-08-18T16:44:30","slug":"resbalones-tropiezos-y-caidas-en-ambientes-industriales","status":"publish","type":"product","link":"https:\/\/engagingsafetysolutions.com\/esp\/product\/resbalones-tropiezos-y-caidas-en-ambientes-industriales\/","title":{"rendered":"Resbalones, Tropiezos y Ca\u00eddas en Ambientes Industriales"},"content":{"rendered":"<p>El programa Resbalones, tropiezos y ca\u00eddas en entornos industriales contiene informaci\u00f3n valiosa sobre c\u00f3mo identificar, evitar y prevenir los peligros que causan resbalones, tropiezos y ca\u00eddas. Todos nos hemos resbalado en la nieve o el hielo en invierno&#8230; y tropezamos con un trozo de alfombra suelto o con los juguetes de nuestros hijos&#8230; y no pens\u00e9 mucho en ello. Pero en el trabajo, los resbalones, tropiezos y ca\u00eddas pueden ser problemas graves. De hecho, est\u00e1n involucrados en la mayor\u00eda de los accidentes que ocurren en los lugares de trabajo hoy en d\u00eda. Causan el 17% de las lesiones ocupacionales incapacitantes y el 15% de las muertes en el trabajo&#8230; Y no tienes que caer mucho para lastimarte. Afortunadamente, se pueden prevenir resbalones, tropiezos y ca\u00eddas. El programa incluye informaci\u00f3n sobre c\u00f3mo centrar su gravedad afecta su equilibrio y estabilidad, definir resbalones, tropiezos y ca\u00eddas, c\u00f3mo navegar por superficies para caminar de manera segura, calzado que ayudar\u00e1 a prevenir resbalones, tropiezos y ca\u00eddas, c\u00f3mo caer correctamente y m\u00e1s.<\/p>\n","protected":false},"excerpt":{"rendered":"<p>El programa Resbalones, tropiezos y ca\u00eddas en entornos industriales contiene informaci\u00f3n valiosa sobre c\u00f3mo identificar, evitar y prevenir los peligros que causan resbalones, tropiezos y ca\u00eddas. El programa viene con una gu\u00eda completa para l\u00edderes, un formulario de programaci\u00f3n y asistencia reproducible, un cuestionario para empleados, un certificado de capacitaci\u00f3n y un registro de capacitaci\u00f3n<\/p>\n","protected":false},"featured_media":13142,"template":"","meta":{"_uag_custom_page_level_css":""},"product_brand":[],"product_cat":[68,51,32,52],"product_tag":[],"class_list":{"0":"post-13133","1":"product","2":"type-product","3":"status-publish","4":"has-post-thumbnail","6":"product_cat-dvd-2","7":"product_cat-elearning","8":"product_cat-usb","9":"product_cat-videos-en-demanda","11":"first","12":"instock","13":"taxable","14":"shipping-taxable","15":"purchasable","16":"product-type-variable","17":"has-default-attributes"},"aioseo_notices":[],"uagb_featured_image_src":{"full":["https:\/\/engagingsafetysolutions.com\/esp\/wp-content\/uploads\/ind_408_action_photo-1.jpg",1920,1080,false],"thumbnail":["https:\/\/engagingsafetysolutions.com\/esp\/wp-content\/uploads\/ind_408_action_photo-1-150x150.jpg",150,150,true],"medium":["https:\/\/engagingsafetysolutions.com\/esp\/wp-content\/uploads\/ind_408_action_photo-1-300x169.jpg",300,169,true],"medium_large":["https:\/\/engagingsafetysolutions.com\/esp\/wp-content\/uploads\/ind_408_action_photo-1-768x432.jpg",768,432,true],"large":["https:\/\/engagingsafetysolutions.com\/esp\/wp-content\/uploads\/ind_408_action_photo-1-1024x576.jpg",1024,576,true],"1536x1536":["https:\/\/engagingsafetysolutions.com\/esp\/wp-content\/uploads\/ind_408_action_photo-1-1536x864.jpg",1536,864,true],"2048x2048":["https:\/\/engagingsafetysolutions.com\/esp\/wp-content\/uploads\/ind_408_action_photo-1.jpg",1920,1080,false],"woocommerce_thumbnail":["https:\/\/engagingsafetysolutions.com\/esp\/wp-content\/uploads\/ind_408_action_photo-1-300x225.jpg",300,225,true],"woocommerce_single":["https:\/\/engagingsafetysolutions.com\/esp\/wp-content\/uploads\/ind_408_action_photo-1-640x360.jpg",640,360,true],"woocommerce_gallery_thumbnail":["https:\/\/engagingsafetysolutions.com\/esp\/wp-content\/uploads\/ind_408_action_photo-1-100x100.jpg",100,100,true],"dgwt-wcas-product-suggestion":["https:\/\/engagingsafetysolutions.com\/esp\/wp-content\/uploads\/ind_408_action_photo-1-64x36.jpg",64,36,true]},"uagb_author_info":{"display_name":"evagomez","author_link":"https:\/\/engagingsafetysolutions.com\/esp\/author\/"},"uagb_comment_info":0,"uagb_excerpt":"El programa Resbalones, tropiezos y ca\u00eddas en entornos industriales contiene informaci\u00f3n valiosa sobre c\u00f3mo identificar, evitar y prevenir los peligros que causan resbalones, tropiezos y ca\u00eddas. El programa viene con una gu\u00eda completa para l\u00edderes, un formulario de programaci\u00f3n y asistencia reproducible, un cuestionario para empleados, un certificado de capacitaci\u00f3n y un registro de capacitaci\u00f3n","_links":{"self":[{"href":"https:\/\/engagingsafetysolutions.com\/esp\/wp-json\/wp\/v2\/product\/13133","targetHints":{"allow":["GET"]}}],"collection":[{"href":"https:\/\/engagingsafetysolutions.com\/esp\/wp-json\/wp\/v2\/product"}],"about":[{"href":"https:\/\/engagingsafetysolutions.com\/esp\/wp-json\/wp\/v2\/types\/product"}],"version-history":[{"count":3,"href":"https:\/\/engagingsafetysolutions.com\/esp\/wp-json\/wp\/v2\/product\/13133\/revisions"}],"predecessor-version":[{"id":14768,"href":"https:\/\/engagingsafetysolutions.com\/esp\/wp-json\/wp\/v2\/product\/13133\/revisions\/14768"}],"wp:featuredmedia":[{"embeddable":true,"href":"https:\/\/engagingsafetysolutions.com\/esp\/wp-json\/wp\/v2\/media\/13142"}],"wp:attachment":[{"href":"https:\/\/engagingsafetysolutions.com\/esp\/wp-json\/wp\/v2\/media?parent=13133"}],"wp:term":[{"taxonomy":"product_brand","embeddable":true,"href":"https:\/\/engagingsafetysolutions.com\/esp\/wp-json\/wp\/v2\/product_brand?post=13133"},{"taxonomy":"product_cat","embeddable":true,"href":"https:\/\/engagingsafetysolutions.com\/esp\/wp-json\/wp\/v2\/product_cat?post=13133"},{"taxonomy":"product_tag","embeddable":true,"href":"https:\/\/engagingsafetysolutions.com\/esp\/wp-json\/wp\/v2\/product_tag?post=13133"}],"curies":[{"name":"wp","href":"https:\/\/api.w.org\/{rel}","templated":true}]}}