{"id":13055,"date":"2024-01-14T04:43:17","date_gmt":"2024-01-14T04:43:17","guid":{"rendered":"https:\/\/engagingsafetysolutions.com\/esp\/?post_type=product&#038;p=13055"},"modified":"2025-08-18T16:44:26","modified_gmt":"2025-08-18T16:44:26","slug":"inspecciones-de-vehiculos-motorizados-comerciales-del-dot","status":"publish","type":"product","link":"https:\/\/engagingsafetysolutions.com\/esp\/product\/inspecciones-de-vehiculos-motorizados-comerciales-del-dot\/","title":{"rendered":"Inspecciones de Veh\u00edculos Motorizados Comerciales del DOT"},"content":{"rendered":"<p>El Programa de Inspecciones de Veh\u00edculos Motorizados Comerciales del DOT analiza los requisitos federales de inspecci\u00f3n y mantenimiento, c\u00f3mo se aplican a los conductores y c\u00f3mo los conductores pueden ayudar a prevenir accidentes y lesiones al cumplirlos. Se estima que 15.5 millones de camiones operan en las carreteras de los Estados Unidos. Para ayudar a mantener las carreteras seguras para todos los que las usan, el Departamento de Transporte requiere que los transportistas implementen un programa de inspecci\u00f3n y mantenimiento regulares para los camiones que operan&#8230; ya sea que tengan una gran flota o un solo cami\u00f3n. Los conductores comerciales juegan un papel importante en estos programas, y las inspecciones que realizan ayudan a garantizar que cualquier problema con un veh\u00edculo se identifique y repare antes de que salga a la carretera. El programa incluye una descripci\u00f3n general de las regulaciones de la FMCSA, inspecciones previas al viaje, inspecciones en ruta y en carretera, inspecciones posteriores al viaje y m\u00e1s.<\/p>\n","protected":false},"excerpt":{"rendered":"<p>El Programa de Inspecciones de Veh\u00edculos Motorizados Comerciales del DOT analiza los requisitos federales de inspecci\u00f3n y mantenimiento, c\u00f3mo se aplican a los conductores y c\u00f3mo los conductores pueden ayudar a prevenir accidentes y lesiones al cumplirlos. <\/p>\n","protected":false},"featured_media":13056,"template":"","meta":{"_uag_custom_page_level_css":""},"product_brand":[],"product_cat":[68,51,32,52],"product_tag":[],"class_list":{"0":"post-13055","1":"product","2":"type-product","3":"status-publish","4":"has-post-thumbnail","6":"product_cat-dvd-2","7":"product_cat-elearning","8":"product_cat-usb","9":"product_cat-videos-en-demanda","11":"first","12":"instock","13":"taxable","14":"shipping-taxable","15":"purchasable","16":"product-type-variable","17":"has-default-attributes"},"aioseo_notices":[],"uagb_featured_image_src":{"full":["https:\/\/engagingsafetysolutions.com\/esp\/wp-content\/uploads\/trn_397_action_photo.jpg",1920,1080,false],"thumbnail":["https:\/\/engagingsafetysolutions.com\/esp\/wp-content\/uploads\/trn_397_action_photo-150x150.jpg",150,150,true],"medium":["https:\/\/engagingsafetysolutions.com\/esp\/wp-content\/uploads\/trn_397_action_photo-300x169.jpg",300,169,true],"medium_large":["https:\/\/engagingsafetysolutions.com\/esp\/wp-content\/uploads\/trn_397_action_photo-768x432.jpg",768,432,true],"large":["https:\/\/engagingsafetysolutions.com\/esp\/wp-content\/uploads\/trn_397_action_photo-1024x576.jpg",1024,576,true],"1536x1536":["https:\/\/engagingsafetysolutions.com\/esp\/wp-content\/uploads\/trn_397_action_photo-1536x864.jpg",1536,864,true],"2048x2048":["https:\/\/engagingsafetysolutions.com\/esp\/wp-content\/uploads\/trn_397_action_photo.jpg",1920,1080,false],"woocommerce_thumbnail":["https:\/\/engagingsafetysolutions.com\/esp\/wp-content\/uploads\/trn_397_action_photo-300x225.jpg",300,225,true],"woocommerce_single":["https:\/\/engagingsafetysolutions.com\/esp\/wp-content\/uploads\/trn_397_action_photo-640x360.jpg",640,360,true],"woocommerce_gallery_thumbnail":["https:\/\/engagingsafetysolutions.com\/esp\/wp-content\/uploads\/trn_397_action_photo-100x100.jpg",100,100,true],"dgwt-wcas-product-suggestion":["https:\/\/engagingsafetysolutions.com\/esp\/wp-content\/uploads\/trn_397_action_photo-64x36.jpg",64,36,true]},"uagb_author_info":{"display_name":"evagomez","author_link":"https:\/\/engagingsafetysolutions.com\/esp\/author\/"},"uagb_comment_info":0,"uagb_excerpt":"El Programa de Inspecciones de Veh\u00edculos Motorizados Comerciales del DOT analiza los requisitos federales de inspecci\u00f3n y mantenimiento, c\u00f3mo se aplican a los conductores y c\u00f3mo los conductores pueden ayudar a prevenir accidentes y lesiones al cumplirlos.","_links":{"self":[{"href":"https:\/\/engagingsafetysolutions.com\/esp\/wp-json\/wp\/v2\/product\/13055","targetHints":{"allow":["GET"]}}],"collection":[{"href":"https:\/\/engagingsafetysolutions.com\/esp\/wp-json\/wp\/v2\/product"}],"about":[{"href":"https:\/\/engagingsafetysolutions.com\/esp\/wp-json\/wp\/v2\/types\/product"}],"version-history":[{"count":4,"href":"https:\/\/engagingsafetysolutions.com\/esp\/wp-json\/wp\/v2\/product\/13055\/revisions"}],"predecessor-version":[{"id":14763,"href":"https:\/\/engagingsafetysolutions.com\/esp\/wp-json\/wp\/v2\/product\/13055\/revisions\/14763"}],"wp:featuredmedia":[{"embeddable":true,"href":"https:\/\/engagingsafetysolutions.com\/esp\/wp-json\/wp\/v2\/media\/13056"}],"wp:attachment":[{"href":"https:\/\/engagingsafetysolutions.com\/esp\/wp-json\/wp\/v2\/media?parent=13055"}],"wp:term":[{"taxonomy":"product_brand","embeddable":true,"href":"https:\/\/engagingsafetysolutions.com\/esp\/wp-json\/wp\/v2\/product_brand?post=13055"},{"taxonomy":"product_cat","embeddable":true,"href":"https:\/\/engagingsafetysolutions.com\/esp\/wp-json\/wp\/v2\/product_cat?post=13055"},{"taxonomy":"product_tag","embeddable":true,"href":"https:\/\/engagingsafetysolutions.com\/esp\/wp-json\/wp\/v2\/product_tag?post=13055"}],"curies":[{"name":"wp","href":"https:\/\/api.w.org\/{rel}","templated":true}]}}