{"id":13047,"date":"2024-01-14T04:32:33","date_gmt":"2024-01-14T04:32:33","guid":{"rendered":"https:\/\/engagingsafetysolutions.com\/esp\/?post_type=product&#038;p=13047"},"modified":"2025-08-18T16:44:26","modified_gmt":"2025-08-18T16:44:26","slug":"sujecion-de-carga-del-dot","status":"publish","type":"product","link":"https:\/\/engagingsafetysolutions.com\/esp\/product\/sujecion-de-carga-del-dot\/","title":{"rendered":"Sujeci\u00f3n de Carga del DOT"},"content":{"rendered":"<p>El Programa de Aseguramiento de Carga del DOT analiza los objetivos del Est\u00e1ndar de Aseguramiento de Carga del DOT, los requisitos que el Est\u00e1ndar impone a los transportistas y conductores, y lo que los conductores deben hacer para garantizar que la carga en el cami\u00f3n que conducen permanezca en su lugar cuando est\u00e1n en la carretera. Hay muchas cosas que pueden causar un accidente en las carreteras. Al estudiar incidentes que involucran veh\u00edculos comerciales, la Administraci\u00f3n Federal de Seguridad de Autotransportes (FMCSA) del Departamento de Transporte determin\u00f3 que la carga que se carga y asegura incorrectamente tiene m\u00e1s probabilidades de causar un accidente que cualquier otro tipo de problema. Por lo tanto, el DOT ha establecido regulaciones de &#8220;sujeci\u00f3n de la carga&#8221; para especificar c\u00f3mo se deben cargar y asegurar los diferentes tipos de carga para que pueda transportarse de manera segura. El programa incluye el Est\u00e1ndar de Sujeci\u00f3n de Carga del DOT, sistemas de sujeci\u00f3n, trabajo con &#8220;l\u00edmites de carga&#8221;, carga y sujeci\u00f3n de carga y m\u00e1s.<\/p>\n","protected":false},"excerpt":{"rendered":"<p>El Programa de Aseguramiento de Carga del DOT analiza los objetivos del Est\u00e1ndar de Aseguramiento de Carga del DOT, los requisitos que el Est\u00e1ndar impone a los transportistas y conductores, y lo que los conductores deben hacer para asegurarse de que la carga en el cami\u00f3n que conducen permanezca en su lugar cuando est\u00e1n en la carretera. El programa viene con una gu\u00eda completa para l\u00edderes, un formulario de programaci\u00f3n y asistencia reproducible, un cuestionario para empleados, un certificado de capacitaci\u00f3n y un registro de capacitaci\u00f3n<\/p>\n","protected":false},"featured_media":13050,"template":"","meta":{"_uag_custom_page_level_css":""},"product_brand":[],"product_cat":[68,51,32,52],"product_tag":[],"class_list":{"0":"post-13047","1":"product","2":"type-product","3":"status-publish","4":"has-post-thumbnail","6":"product_cat-dvd-2","7":"product_cat-elearning","8":"product_cat-usb","9":"product_cat-videos-en-demanda","11":"first","12":"instock","13":"taxable","14":"shipping-taxable","15":"purchasable","16":"product-type-variable"},"aioseo_notices":[],"uagb_featured_image_src":{"full":["https:\/\/engagingsafetysolutions.com\/esp\/wp-content\/uploads\/trn_398_action_photo-1.jpg",1920,1080,false],"thumbnail":["https:\/\/engagingsafetysolutions.com\/esp\/wp-content\/uploads\/trn_398_action_photo-1-150x150.jpg",150,150,true],"medium":["https:\/\/engagingsafetysolutions.com\/esp\/wp-content\/uploads\/trn_398_action_photo-1-300x169.jpg",300,169,true],"medium_large":["https:\/\/engagingsafetysolutions.com\/esp\/wp-content\/uploads\/trn_398_action_photo-1-768x432.jpg",768,432,true],"large":["https:\/\/engagingsafetysolutions.com\/esp\/wp-content\/uploads\/trn_398_action_photo-1-1024x576.jpg",1024,576,true],"1536x1536":["https:\/\/engagingsafetysolutions.com\/esp\/wp-content\/uploads\/trn_398_action_photo-1-1536x864.jpg",1536,864,true],"2048x2048":["https:\/\/engagingsafetysolutions.com\/esp\/wp-content\/uploads\/trn_398_action_photo-1.jpg",1920,1080,false],"woocommerce_thumbnail":["https:\/\/engagingsafetysolutions.com\/esp\/wp-content\/uploads\/trn_398_action_photo-1-300x225.jpg",300,225,true],"woocommerce_single":["https:\/\/engagingsafetysolutions.com\/esp\/wp-content\/uploads\/trn_398_action_photo-1-640x360.jpg",640,360,true],"woocommerce_gallery_thumbnail":["https:\/\/engagingsafetysolutions.com\/esp\/wp-content\/uploads\/trn_398_action_photo-1-100x100.jpg",100,100,true],"dgwt-wcas-product-suggestion":["https:\/\/engagingsafetysolutions.com\/esp\/wp-content\/uploads\/trn_398_action_photo-1-64x36.jpg",64,36,true]},"uagb_author_info":{"display_name":"evagomez","author_link":"https:\/\/engagingsafetysolutions.com\/esp\/author\/"},"uagb_comment_info":0,"uagb_excerpt":"El Programa de Aseguramiento de Carga del DOT analiza los objetivos del Est\u00e1ndar de Aseguramiento de Carga del DOT, los requisitos que el Est\u00e1ndar impone a los transportistas y conductores, y lo que los conductores deben hacer para asegurarse de que la carga en el cami\u00f3n que conducen permanezca en su lugar cuando est\u00e1n en&hellip;","_links":{"self":[{"href":"https:\/\/engagingsafetysolutions.com\/esp\/wp-json\/wp\/v2\/product\/13047","targetHints":{"allow":["GET"]}}],"collection":[{"href":"https:\/\/engagingsafetysolutions.com\/esp\/wp-json\/wp\/v2\/product"}],"about":[{"href":"https:\/\/engagingsafetysolutions.com\/esp\/wp-json\/wp\/v2\/types\/product"}],"version-history":[{"count":3,"href":"https:\/\/engagingsafetysolutions.com\/esp\/wp-json\/wp\/v2\/product\/13047\/revisions"}],"predecessor-version":[{"id":14762,"href":"https:\/\/engagingsafetysolutions.com\/esp\/wp-json\/wp\/v2\/product\/13047\/revisions\/14762"}],"wp:featuredmedia":[{"embeddable":true,"href":"https:\/\/engagingsafetysolutions.com\/esp\/wp-json\/wp\/v2\/media\/13050"}],"wp:attachment":[{"href":"https:\/\/engagingsafetysolutions.com\/esp\/wp-json\/wp\/v2\/media?parent=13047"}],"wp:term":[{"taxonomy":"product_brand","embeddable":true,"href":"https:\/\/engagingsafetysolutions.com\/esp\/wp-json\/wp\/v2\/product_brand?post=13047"},{"taxonomy":"product_cat","embeddable":true,"href":"https:\/\/engagingsafetysolutions.com\/esp\/wp-json\/wp\/v2\/product_cat?post=13047"},{"taxonomy":"product_tag","embeddable":true,"href":"https:\/\/engagingsafetysolutions.com\/esp\/wp-json\/wp\/v2\/product_tag?post=13047"}],"curies":[{"name":"wp","href":"https:\/\/api.w.org\/{rel}","templated":true}]}}