{"id":12995,"date":"2024-01-14T01:44:01","date_gmt":"2024-01-14T01:44:01","guid":{"rendered":"https:\/\/engagingsafetysolutions.com\/esp\/?post_type=product&#038;p=12995"},"modified":"2025-08-18T16:44:21","modified_gmt":"2025-08-18T16:44:21","slug":"prevencion-de-lesiones-para-conductores-cdl","status":"publish","type":"product","link":"https:\/\/engagingsafetysolutions.com\/esp\/product\/prevencion-de-lesiones-para-conductores-cdl\/","title":{"rendered":"Prevenci\u00f3n de Lesiones para Conductores CDL"},"content":{"rendered":"<p>El Programa de Prevenci\u00f3n de Lesiones para Conductores de CDL analiza los tipos m\u00e1s comunes de lesiones que experimentan los conductores de CDL y c\u00f3mo se pueden evitar. Casi todos los d\u00edas se ven im\u00e1genes en las noticias de un horrible accidente en la carretera, muchos de ellos con camiones grandes. Pero la mayor\u00eda de las lesiones que sufren los conductores de CDL no son el resultado de colisiones en absoluto. Son los incidentes que ocurren dentro y alrededor del cami\u00f3n, como enganchar un remolque, cargar y descargar carga, o simplemente entrar y salir de la cabina, los que tienen m\u00e1s probabilidades de provocar una lesi\u00f3n. Cada a\u00f1o, casi el 10% de los conductores de camiones sufren una lesi\u00f3n lo suficientemente grave como para tener que faltar al trabajo durante un per\u00edodo prolongado de tiempo. Esto puede causar mucho dolor tanto al conductor como a su empresa, tanto f\u00edsica como financieramente. El programa incluye informaci\u00f3n sobre seguridad en la cabina, trabajo en la carrocer\u00eda de su cami\u00f3n, posicionamiento en un muelle de carga, carga y descarga de su cami\u00f3n, maniobras en un patio y m\u00e1s.<\/p>\n","protected":false},"excerpt":{"rendered":"<p>El programa de prevenci\u00f3n de lesiones para conductores de CDL analiza los tipos m\u00e1s comunes de lesiones que experimentan los conductores de CDL y c\u00f3mo se pueden evitar.<\/p>\n","protected":false},"featured_media":12996,"template":"","meta":{"_uag_custom_page_level_css":""},"product_brand":[],"product_cat":[68,51,32,52],"product_tag":[],"class_list":{"0":"post-12995","1":"product","2":"type-product","3":"status-publish","4":"has-post-thumbnail","6":"product_cat-dvd-2","7":"product_cat-elearning","8":"product_cat-usb","9":"product_cat-videos-en-demanda","11":"first","12":"instock","13":"taxable","14":"shipping-taxable","15":"purchasable","16":"product-type-variable","17":"has-default-attributes"},"aioseo_notices":[],"uagb_featured_image_src":{"full":["https:\/\/engagingsafetysolutions.com\/esp\/wp-content\/uploads\/trn_396_action_photo.png",1920,1080,false],"thumbnail":["https:\/\/engagingsafetysolutions.com\/esp\/wp-content\/uploads\/trn_396_action_photo-150x150.png",150,150,true],"medium":["https:\/\/engagingsafetysolutions.com\/esp\/wp-content\/uploads\/trn_396_action_photo-300x169.png",300,169,true],"medium_large":["https:\/\/engagingsafetysolutions.com\/esp\/wp-content\/uploads\/trn_396_action_photo-768x432.png",768,432,true],"large":["https:\/\/engagingsafetysolutions.com\/esp\/wp-content\/uploads\/trn_396_action_photo-1024x576.png",1024,576,true],"1536x1536":["https:\/\/engagingsafetysolutions.com\/esp\/wp-content\/uploads\/trn_396_action_photo-1536x864.png",1536,864,true],"2048x2048":["https:\/\/engagingsafetysolutions.com\/esp\/wp-content\/uploads\/trn_396_action_photo.png",1920,1080,false],"woocommerce_thumbnail":["https:\/\/engagingsafetysolutions.com\/esp\/wp-content\/uploads\/trn_396_action_photo-300x225.png",300,225,true],"woocommerce_single":["https:\/\/engagingsafetysolutions.com\/esp\/wp-content\/uploads\/trn_396_action_photo-640x360.png",640,360,true],"woocommerce_gallery_thumbnail":["https:\/\/engagingsafetysolutions.com\/esp\/wp-content\/uploads\/trn_396_action_photo-100x100.png",100,100,true],"dgwt-wcas-product-suggestion":["https:\/\/engagingsafetysolutions.com\/esp\/wp-content\/uploads\/trn_396_action_photo-64x36.png",64,36,true]},"uagb_author_info":{"display_name":"evagomez","author_link":"https:\/\/engagingsafetysolutions.com\/esp\/author\/"},"uagb_comment_info":0,"uagb_excerpt":"El programa de prevenci\u00f3n de lesiones para conductores de CDL analiza los tipos m\u00e1s comunes de lesiones que experimentan los conductores de CDL y c\u00f3mo se pueden evitar.","_links":{"self":[{"href":"https:\/\/engagingsafetysolutions.com\/esp\/wp-json\/wp\/v2\/product\/12995","targetHints":{"allow":["GET"]}}],"collection":[{"href":"https:\/\/engagingsafetysolutions.com\/esp\/wp-json\/wp\/v2\/product"}],"about":[{"href":"https:\/\/engagingsafetysolutions.com\/esp\/wp-json\/wp\/v2\/types\/product"}],"version-history":[{"count":3,"href":"https:\/\/engagingsafetysolutions.com\/esp\/wp-json\/wp\/v2\/product\/12995\/revisions"}],"predecessor-version":[{"id":14759,"href":"https:\/\/engagingsafetysolutions.com\/esp\/wp-json\/wp\/v2\/product\/12995\/revisions\/14759"}],"wp:featuredmedia":[{"embeddable":true,"href":"https:\/\/engagingsafetysolutions.com\/esp\/wp-json\/wp\/v2\/media\/12996"}],"wp:attachment":[{"href":"https:\/\/engagingsafetysolutions.com\/esp\/wp-json\/wp\/v2\/media?parent=12995"}],"wp:term":[{"taxonomy":"product_brand","embeddable":true,"href":"https:\/\/engagingsafetysolutions.com\/esp\/wp-json\/wp\/v2\/product_brand?post=12995"},{"taxonomy":"product_cat","embeddable":true,"href":"https:\/\/engagingsafetysolutions.com\/esp\/wp-json\/wp\/v2\/product_cat?post=12995"},{"taxonomy":"product_tag","embeddable":true,"href":"https:\/\/engagingsafetysolutions.com\/esp\/wp-json\/wp\/v2\/product_tag?post=12995"}],"curies":[{"name":"wp","href":"https:\/\/api.w.org\/{rel}","templated":true}]}}