{"id":12980,"date":"2024-01-14T01:14:44","date_gmt":"2024-01-14T01:14:44","guid":{"rendered":"https:\/\/engagingsafetysolutions.com\/esp\/?post_type=product&#038;p=12980"},"modified":"2025-08-18T16:44:21","modified_gmt":"2025-08-18T16:44:21","slug":"conduccion-a-la-defensiva-para-conductores-de-vehiculos-grandes-o-con-cdl-informacion-basica","status":"publish","type":"product","link":"https:\/\/engagingsafetysolutions.com\/esp\/product\/conduccion-a-la-defensiva-para-conductores-de-vehiculos-grandes-o-con-cdl-informacion-basica\/","title":{"rendered":"Conducci\u00f3n a la Defensiva para Conductores de Veh\u00edculos Grandes o con CDL Informaci\u00f3n B\u00e1sica"},"content":{"rendered":"<p>Conducir a la defensiva para conductores de CDL\/veh\u00edculos grandes: el programa B\u00e1sicas analiza c\u00f3mo los camioneros no solo pueden prepararse y defenderse de otros conductores, sino tambi\u00e9n de los peligros de la conducci\u00f3n, como la baja visibilidad, las zonas de trabajo y los peatones. Cuando conduces a la defensiva, siempre est\u00e1s &#8220;buscando problemas&#8221;. No es que quieras causar ninguno, sino para que puedas &#8220;defenderte&#8221; de otros conductores y los problemas que pueden crear. Ya sea que est\u00e9n acelerando, siguiendo de cerca o simplemente no prestando atenci\u00f3n a lo que est\u00e1n haciendo, otros conductores pueden ponerlo en riesgo&#8230; Pero no son el \u00fanico problema. El programa incluye el lado mental de conducir a la defensiva, prepararse para su viaje, salir a la carretera, usar las luces delanteras, negociar curvas y descensos, derecho de paso, control de carril y adelantamiento, giros e intersecciones y m\u00e1s.<\/p>\n","protected":false},"excerpt":{"rendered":"<p>Conducir a la defensiva para conductores de CDL\/veh\u00edculos grandes: el programa B\u00e1sico analiza c\u00f3mo los camioneros no solo pueden prepararse y defenderse de otros conductores, sino tambi\u00e9n de los peligros de la conducci\u00f3n, como la baja visibilidad, las zonas de trabajo y los peatones. <\/p>\n","protected":false},"featured_media":12981,"template":"","meta":{"_uag_custom_page_level_css":""},"product_brand":[],"product_cat":[68,51,32,52],"product_tag":[],"class_list":{"0":"post-12980","1":"product","2":"type-product","3":"status-publish","4":"has-post-thumbnail","6":"product_cat-dvd-2","7":"product_cat-elearning","8":"product_cat-usb","9":"product_cat-videos-en-demanda","11":"first","12":"instock","13":"taxable","14":"shipping-taxable","15":"purchasable","16":"product-type-variable","17":"has-default-attributes"},"aioseo_notices":[],"uagb_featured_image_src":{"full":["https:\/\/engagingsafetysolutions.com\/esp\/wp-content\/uploads\/trn_394_action_photo.jpg",1920,1080,false],"thumbnail":["https:\/\/engagingsafetysolutions.com\/esp\/wp-content\/uploads\/trn_394_action_photo-150x150.jpg",150,150,true],"medium":["https:\/\/engagingsafetysolutions.com\/esp\/wp-content\/uploads\/trn_394_action_photo-300x169.jpg",300,169,true],"medium_large":["https:\/\/engagingsafetysolutions.com\/esp\/wp-content\/uploads\/trn_394_action_photo-768x432.jpg",768,432,true],"large":["https:\/\/engagingsafetysolutions.com\/esp\/wp-content\/uploads\/trn_394_action_photo-1024x576.jpg",1024,576,true],"1536x1536":["https:\/\/engagingsafetysolutions.com\/esp\/wp-content\/uploads\/trn_394_action_photo-1536x864.jpg",1536,864,true],"2048x2048":["https:\/\/engagingsafetysolutions.com\/esp\/wp-content\/uploads\/trn_394_action_photo.jpg",1920,1080,false],"woocommerce_thumbnail":["https:\/\/engagingsafetysolutions.com\/esp\/wp-content\/uploads\/trn_394_action_photo-300x225.jpg",300,225,true],"woocommerce_single":["https:\/\/engagingsafetysolutions.com\/esp\/wp-content\/uploads\/trn_394_action_photo-640x360.jpg",640,360,true],"woocommerce_gallery_thumbnail":["https:\/\/engagingsafetysolutions.com\/esp\/wp-content\/uploads\/trn_394_action_photo-100x100.jpg",100,100,true],"dgwt-wcas-product-suggestion":["https:\/\/engagingsafetysolutions.com\/esp\/wp-content\/uploads\/trn_394_action_photo-64x36.jpg",64,36,true]},"uagb_author_info":{"display_name":"evagomez","author_link":"https:\/\/engagingsafetysolutions.com\/esp\/author\/"},"uagb_comment_info":0,"uagb_excerpt":"Conducir a la defensiva para conductores de CDL\/veh\u00edculos grandes: el programa B\u00e1sico analiza c\u00f3mo los camioneros no solo pueden prepararse y defenderse de otros conductores, sino tambi\u00e9n de los peligros de la conducci\u00f3n, como la baja visibilidad, las zonas de trabajo y los peatones.","_links":{"self":[{"href":"https:\/\/engagingsafetysolutions.com\/esp\/wp-json\/wp\/v2\/product\/12980","targetHints":{"allow":["GET"]}}],"collection":[{"href":"https:\/\/engagingsafetysolutions.com\/esp\/wp-json\/wp\/v2\/product"}],"about":[{"href":"https:\/\/engagingsafetysolutions.com\/esp\/wp-json\/wp\/v2\/types\/product"}],"version-history":[{"count":3,"href":"https:\/\/engagingsafetysolutions.com\/esp\/wp-json\/wp\/v2\/product\/12980\/revisions"}],"predecessor-version":[{"id":14757,"href":"https:\/\/engagingsafetysolutions.com\/esp\/wp-json\/wp\/v2\/product\/12980\/revisions\/14757"}],"wp:featuredmedia":[{"embeddable":true,"href":"https:\/\/engagingsafetysolutions.com\/esp\/wp-json\/wp\/v2\/media\/12981"}],"wp:attachment":[{"href":"https:\/\/engagingsafetysolutions.com\/esp\/wp-json\/wp\/v2\/media?parent=12980"}],"wp:term":[{"taxonomy":"product_brand","embeddable":true,"href":"https:\/\/engagingsafetysolutions.com\/esp\/wp-json\/wp\/v2\/product_brand?post=12980"},{"taxonomy":"product_cat","embeddable":true,"href":"https:\/\/engagingsafetysolutions.com\/esp\/wp-json\/wp\/v2\/product_cat?post=12980"},{"taxonomy":"product_tag","embeddable":true,"href":"https:\/\/engagingsafetysolutions.com\/esp\/wp-json\/wp\/v2\/product_tag?post=12980"}],"curies":[{"name":"wp","href":"https:\/\/api.w.org\/{rel}","templated":true}]}}