{"id":12973,"date":"2024-01-14T01:00:24","date_gmt":"2024-01-14T01:00:24","guid":{"rendered":"https:\/\/engagingsafetysolutions.com\/esp\/?post_type=product&#038;p=12973"},"modified":"2025-08-18T16:44:17","modified_gmt":"2025-08-18T16:44:17","slug":"conduccion-a-la-defensiva-para-conductores-de-vehiculos-grandes-o-con-cdl-que-hacer-en-condiciones-adversas","status":"publish","type":"product","link":"https:\/\/engagingsafetysolutions.com\/esp\/product\/conduccion-a-la-defensiva-para-conductores-de-vehiculos-grandes-o-con-cdl-que-hacer-en-condiciones-adversas\/","title":{"rendered":"Conducci\u00f3n a la Defensiva para Conductores de Veh\u00edculos Grandes o con CDL Qu\u00e9 Hacer en Condiciones Adversas"},"content":{"rendered":"<p>El programa Conducir a la defensiva para conductores de CDL\/veh\u00edculos grandes: manejo de condiciones adversas analiza c\u00f3mo los conductores pueden prepararse y conducir a la defensiva cuando se encuentran con mal tiempo, zonas de trabajo, conductores distra\u00eddos y agresivos y m\u00e1s. Conducir a la defensiva no se trata solo de tus habilidades de conducci\u00f3n o tu experiencia. Se trata de ser consciente de lo que sucede a tu alrededor, anticipar lo que podr\u00eda suceder y saber qu\u00e9 hacer en cualquier situaci\u00f3n. Debido a que los camiones se comportan de manera diferente a otros veh\u00edculos, los conductores de camiones deben reaccionar de manera diferente cuando se encuentran con situaciones inusuales o de emergencia. El programa incluye conducir de manera segura con mal tiempo, manejar un revent\u00f3n, compartir la carretera con otros camiones y autobuses, Enfrentar con conductores distra\u00eddos y agresivos, peatones, zonas de trabajo y situaciones de emergencia y m\u00e1s.<\/p>\n","protected":false},"excerpt":{"rendered":"<p>El programa Conducir a la defensiva para conductores de CDL\/veh\u00edculos grandes: manejo de condiciones adversas analiza c\u00f3mo los conductores pueden prepararse y conducir a la defensiva cuando se encuentran con mal tiempo, zonas de trabajo, conductores distra\u00eddos y agresivos y m\u00e1s. <\/p>\n","protected":false},"featured_media":12975,"template":"","meta":{"_uag_custom_page_level_css":""},"product_brand":[],"product_cat":[68,51,32,52],"product_tag":[],"class_list":{"0":"post-12973","1":"product","2":"type-product","3":"status-publish","4":"has-post-thumbnail","6":"product_cat-dvd-2","7":"product_cat-elearning","8":"product_cat-usb","9":"product_cat-videos-en-demanda","11":"first","12":"instock","13":"taxable","14":"shipping-taxable","15":"purchasable","16":"product-type-variable","17":"has-default-attributes"},"aioseo_notices":[],"uagb_featured_image_src":{"full":["https:\/\/engagingsafetysolutions.com\/esp\/wp-content\/uploads\/trn_395_action_photo.jpg",1920,1080,false],"thumbnail":["https:\/\/engagingsafetysolutions.com\/esp\/wp-content\/uploads\/trn_395_action_photo-150x150.jpg",150,150,true],"medium":["https:\/\/engagingsafetysolutions.com\/esp\/wp-content\/uploads\/trn_395_action_photo-300x169.jpg",300,169,true],"medium_large":["https:\/\/engagingsafetysolutions.com\/esp\/wp-content\/uploads\/trn_395_action_photo-768x432.jpg",768,432,true],"large":["https:\/\/engagingsafetysolutions.com\/esp\/wp-content\/uploads\/trn_395_action_photo-1024x576.jpg",1024,576,true],"1536x1536":["https:\/\/engagingsafetysolutions.com\/esp\/wp-content\/uploads\/trn_395_action_photo-1536x864.jpg",1536,864,true],"2048x2048":["https:\/\/engagingsafetysolutions.com\/esp\/wp-content\/uploads\/trn_395_action_photo.jpg",1920,1080,false],"woocommerce_thumbnail":["https:\/\/engagingsafetysolutions.com\/esp\/wp-content\/uploads\/trn_395_action_photo-300x225.jpg",300,225,true],"woocommerce_single":["https:\/\/engagingsafetysolutions.com\/esp\/wp-content\/uploads\/trn_395_action_photo-640x360.jpg",640,360,true],"woocommerce_gallery_thumbnail":["https:\/\/engagingsafetysolutions.com\/esp\/wp-content\/uploads\/trn_395_action_photo-100x100.jpg",100,100,true],"dgwt-wcas-product-suggestion":["https:\/\/engagingsafetysolutions.com\/esp\/wp-content\/uploads\/trn_395_action_photo-64x36.jpg",64,36,true]},"uagb_author_info":{"display_name":"evagomez","author_link":"https:\/\/engagingsafetysolutions.com\/esp\/author\/"},"uagb_comment_info":0,"uagb_excerpt":"El programa Conducir a la defensiva para conductores de CDL\/veh\u00edculos grandes: manejo de condiciones adversas analiza c\u00f3mo los conductores pueden prepararse y conducir a la defensiva cuando se encuentran con mal tiempo, zonas de trabajo, conductores distra\u00eddos y agresivos y m\u00e1s.","_links":{"self":[{"href":"https:\/\/engagingsafetysolutions.com\/esp\/wp-json\/wp\/v2\/product\/12973","targetHints":{"allow":["GET"]}}],"collection":[{"href":"https:\/\/engagingsafetysolutions.com\/esp\/wp-json\/wp\/v2\/product"}],"about":[{"href":"https:\/\/engagingsafetysolutions.com\/esp\/wp-json\/wp\/v2\/types\/product"}],"version-history":[{"count":2,"href":"https:\/\/engagingsafetysolutions.com\/esp\/wp-json\/wp\/v2\/product\/12973\/revisions"}],"predecessor-version":[{"id":14756,"href":"https:\/\/engagingsafetysolutions.com\/esp\/wp-json\/wp\/v2\/product\/12973\/revisions\/14756"}],"wp:featuredmedia":[{"embeddable":true,"href":"https:\/\/engagingsafetysolutions.com\/esp\/wp-json\/wp\/v2\/media\/12975"}],"wp:attachment":[{"href":"https:\/\/engagingsafetysolutions.com\/esp\/wp-json\/wp\/v2\/media?parent=12973"}],"wp:term":[{"taxonomy":"product_brand","embeddable":true,"href":"https:\/\/engagingsafetysolutions.com\/esp\/wp-json\/wp\/v2\/product_brand?post=12973"},{"taxonomy":"product_cat","embeddable":true,"href":"https:\/\/engagingsafetysolutions.com\/esp\/wp-json\/wp\/v2\/product_cat?post=12973"},{"taxonomy":"product_tag","embeddable":true,"href":"https:\/\/engagingsafetysolutions.com\/esp\/wp-json\/wp\/v2\/product_tag?post=12973"}],"curies":[{"name":"wp","href":"https:\/\/api.w.org\/{rel}","templated":true}]}}