{"id":12966,"date":"2024-01-14T00:35:46","date_gmt":"2024-01-14T00:35:46","guid":{"rendered":"https:\/\/engagingsafetysolutions.com\/esp\/?post_type=product&#038;p=12966"},"modified":"2025-08-18T16:44:17","modified_gmt":"2025-08-18T16:44:17","slug":"horas-de-servicio-del-dot","status":"publish","type":"product","link":"https:\/\/engagingsafetysolutions.com\/esp\/product\/horas-de-servicio-del-dot\/","title":{"rendered":"Horas de Servicio del DOT"},"content":{"rendered":"<p>El Programa de Horas de Servicio del DOT analiza las regulaciones de &#8220;Horas de Servicio&#8221; del Departamento de Transporte, lo que requieren las regulaciones en s\u00ed y lo que los conductores deben hacer para cumplirlas. Las 24 horas del d\u00eda, los siete d\u00edas de la semana, los camiones est\u00e1n rodando. Los conductores de estas plataformas tambi\u00e9n est\u00e1n ayudando a impulsar el comercio diario que impulsa nuestra econom\u00eda. Por lo tanto, es importante que no solo tengan el conocimiento, la habilidad y el compromiso para ayudar a mantener nuestras carreteras seguras, sino que est\u00e9n descansados y alertas cada vez que conduzcan. Por lo tanto, el Departamento de Transporte ha establecido una regulaci\u00f3n de &#8220;Horas de servicio&#8221; para garantizar que los conductores descansen lo que necesitan para conducir de manera segura. El programa incluye una descripci\u00f3n general de las regulaciones, el seguimiento de su tiempo, los l\u00edmites de servicio de 14 horas y 11 horas de conducci\u00f3n, los l\u00edmites de 60 horas \/ 7 d\u00edas y 70 horas \/ 8 d\u00edas, el uso de la provisi\u00f3n de literas para dormir y m\u00e1s.<\/p>\n","protected":false},"excerpt":{"rendered":"<p>El Programa de Horas de Servicio del DOT analiza las regulaciones de &#8220;Horas de Servicio&#8221; del Departamento de Transporte, lo que requieren las regulaciones en s\u00ed y lo que los conductores deben hacer para cumplirlas. <\/p>\n","protected":false},"featured_media":12967,"template":"","meta":{"_uag_custom_page_level_css":""},"product_brand":[],"product_cat":[68,51,32,52],"product_tag":[],"class_list":{"0":"post-12966","1":"product","2":"type-product","3":"status-publish","4":"has-post-thumbnail","6":"product_cat-dvd-2","7":"product_cat-elearning","8":"product_cat-usb","9":"product_cat-videos-en-demanda","11":"first","12":"instock","13":"taxable","14":"shipping-taxable","15":"purchasable","16":"product-type-variable","17":"has-default-attributes"},"aioseo_notices":[],"uagb_featured_image_src":{"full":["https:\/\/engagingsafetysolutions.com\/esp\/wp-content\/uploads\/trn_399_action_photo.jpg",1920,1080,false],"thumbnail":["https:\/\/engagingsafetysolutions.com\/esp\/wp-content\/uploads\/trn_399_action_photo-150x150.jpg",150,150,true],"medium":["https:\/\/engagingsafetysolutions.com\/esp\/wp-content\/uploads\/trn_399_action_photo-300x169.jpg",300,169,true],"medium_large":["https:\/\/engagingsafetysolutions.com\/esp\/wp-content\/uploads\/trn_399_action_photo-768x432.jpg",768,432,true],"large":["https:\/\/engagingsafetysolutions.com\/esp\/wp-content\/uploads\/trn_399_action_photo-1024x576.jpg",1024,576,true],"1536x1536":["https:\/\/engagingsafetysolutions.com\/esp\/wp-content\/uploads\/trn_399_action_photo-1536x864.jpg",1536,864,true],"2048x2048":["https:\/\/engagingsafetysolutions.com\/esp\/wp-content\/uploads\/trn_399_action_photo.jpg",1920,1080,false],"woocommerce_thumbnail":["https:\/\/engagingsafetysolutions.com\/esp\/wp-content\/uploads\/trn_399_action_photo-300x225.jpg",300,225,true],"woocommerce_single":["https:\/\/engagingsafetysolutions.com\/esp\/wp-content\/uploads\/trn_399_action_photo-640x360.jpg",640,360,true],"woocommerce_gallery_thumbnail":["https:\/\/engagingsafetysolutions.com\/esp\/wp-content\/uploads\/trn_399_action_photo-100x100.jpg",100,100,true],"dgwt-wcas-product-suggestion":["https:\/\/engagingsafetysolutions.com\/esp\/wp-content\/uploads\/trn_399_action_photo-64x36.jpg",64,36,true]},"uagb_author_info":{"display_name":"evagomez","author_link":"https:\/\/engagingsafetysolutions.com\/esp\/author\/"},"uagb_comment_info":0,"uagb_excerpt":"El Programa de Horas de Servicio del DOT analiza las regulaciones de \"Horas de Servicio\" del Departamento de Transporte, lo que requieren las regulaciones en s\u00ed y lo que los conductores deben hacer para cumplirlas.","_links":{"self":[{"href":"https:\/\/engagingsafetysolutions.com\/esp\/wp-json\/wp\/v2\/product\/12966","targetHints":{"allow":["GET"]}}],"collection":[{"href":"https:\/\/engagingsafetysolutions.com\/esp\/wp-json\/wp\/v2\/product"}],"about":[{"href":"https:\/\/engagingsafetysolutions.com\/esp\/wp-json\/wp\/v2\/types\/product"}],"version-history":[{"count":3,"href":"https:\/\/engagingsafetysolutions.com\/esp\/wp-json\/wp\/v2\/product\/12966\/revisions"}],"predecessor-version":[{"id":14755,"href":"https:\/\/engagingsafetysolutions.com\/esp\/wp-json\/wp\/v2\/product\/12966\/revisions\/14755"}],"wp:featuredmedia":[{"embeddable":true,"href":"https:\/\/engagingsafetysolutions.com\/esp\/wp-json\/wp\/v2\/media\/12967"}],"wp:attachment":[{"href":"https:\/\/engagingsafetysolutions.com\/esp\/wp-json\/wp\/v2\/media?parent=12966"}],"wp:term":[{"taxonomy":"product_brand","embeddable":true,"href":"https:\/\/engagingsafetysolutions.com\/esp\/wp-json\/wp\/v2\/product_brand?post=12966"},{"taxonomy":"product_cat","embeddable":true,"href":"https:\/\/engagingsafetysolutions.com\/esp\/wp-json\/wp\/v2\/product_cat?post=12966"},{"taxonomy":"product_tag","embeddable":true,"href":"https:\/\/engagingsafetysolutions.com\/esp\/wp-json\/wp\/v2\/product_tag?post=12966"}],"curies":[{"name":"wp","href":"https:\/\/api.w.org\/{rel}","templated":true}]}}