{"id":12945,"date":"2024-01-13T22:45:22","date_gmt":"2024-01-13T22:45:22","guid":{"rendered":"https:\/\/engagingsafetysolutions.com\/esp\/?post_type=product&#038;p=12945"},"modified":"2025-08-18T16:44:17","modified_gmt":"2025-08-18T16:44:17","slug":"buenas-practicas-de-manufactura-en-la-industria-alimentaria-parte-ii","status":"publish","type":"product","link":"https:\/\/engagingsafetysolutions.com\/esp\/product\/buenas-practicas-de-manufactura-en-la-industria-alimentaria-parte-ii\/","title":{"rendered":"Buenas Pr\u00e1cticas de Manufactura en la Industria Alimentaria Parte II"},"content":{"rendered":"<p>El programa Buenas pr\u00e1cticas de fabricaci\u00f3n en la industria alimentaria Parte II contiene informaci\u00f3n valiosa sobre c\u00f3mo los empleados pueden ayudar a sus instalaciones a cumplir con los criterios establecidos por las \u00faltimas cuatro secciones de la regulaci\u00f3n GMP de la FDA &#8230; abordando las instalaciones y controles sanitarios, los equipos y utensilios, el procesamiento y los controles de fabricaci\u00f3n, y el almacenamiento y la distribuci\u00f3n. Las instalaciones de procesamiento y manipulaci\u00f3n de alimentos tienen la responsabilidad de crear productos que las personas puedan disfrutar de manera segura &#8230; Pero si los empleados no toman las precauciones adecuadas, los alimentos con los que trabajan podr\u00edan contaminarse con microorganismos da\u00f1inos. Para reducir este riesgo, la Administraci\u00f3n de Alimentos y Medicamentos de los Estados Unidos (FDA) ha creado una regulaci\u00f3n llamada &#8220;Buenas pr\u00e1cticas de fabricaci\u00f3n actuales&#8221; que establece criterios para crear un entorno libre de contaminaci\u00f3n. Para cumplir con la regulaci\u00f3n de la FDA, cada instalaci\u00f3n de procesamiento y manipulaci\u00f3n de alimentos debe desarrollar su propio conjunto de Buenas Pr\u00e1cticas de Fabricaci\u00f3n (GMP) que pueden ayudar a prevenir la contaminaci\u00f3n&#8230; para que sus productos alimenticios sean seguros para comer. El programa incluye una descripci\u00f3n general de las \u00faltimas cuatro secciones de la regulaci\u00f3n GMP de la FDA, la prevenci\u00f3n de la contaminaci\u00f3n en el suministro de agua, el mantenimiento de equipos y utensilios en buen estado de funcionamiento, la prevenci\u00f3n de contaminantes durante las operaciones de fabricaci\u00f3n y m\u00e1s..<\/p>\n","protected":false},"excerpt":{"rendered":"<p>El programa Buenas pr\u00e1cticas de fabricaci\u00f3n en la industria alimentaria Parte II contiene informaci\u00f3n valiosa sobre c\u00f3mo los empleados pueden ayudar a sus instalaciones a cumplir con los criterios establecidos por las \u00faltimas cuatro secciones de la regulaci\u00f3n GMP de la FDA &#8230; abordando las instalaciones y controles sanitarios, los equipos y utensilios, el procesamiento y los controles de fabricaci\u00f3n, y el almacenamiento y la distribuci\u00f3n. <\/p>\n","protected":false},"featured_media":12951,"template":"","meta":{"_uag_custom_page_level_css":""},"product_brand":[],"product_cat":[68,51,32,52],"product_tag":[],"class_list":{"0":"post-12945","1":"product","2":"type-product","3":"status-publish","4":"has-post-thumbnail","6":"product_cat-dvd-2","7":"product_cat-elearning","8":"product_cat-usb","9":"product_cat-videos-en-demanda","11":"first","12":"instock","13":"taxable","14":"shipping-taxable","15":"purchasable","16":"product-type-variable","17":"has-default-attributes"},"aioseo_notices":[],"uagb_featured_image_src":{"full":["https:\/\/engagingsafetysolutions.com\/esp\/wp-content\/uploads\/fds_417_action_photo.jpg",1920,1080,false],"thumbnail":["https:\/\/engagingsafetysolutions.com\/esp\/wp-content\/uploads\/fds_417_action_photo-150x150.jpg",150,150,true],"medium":["https:\/\/engagingsafetysolutions.com\/esp\/wp-content\/uploads\/fds_417_action_photo-300x169.jpg",300,169,true],"medium_large":["https:\/\/engagingsafetysolutions.com\/esp\/wp-content\/uploads\/fds_417_action_photo-768x432.jpg",768,432,true],"large":["https:\/\/engagingsafetysolutions.com\/esp\/wp-content\/uploads\/fds_417_action_photo-1024x576.jpg",1024,576,true],"1536x1536":["https:\/\/engagingsafetysolutions.com\/esp\/wp-content\/uploads\/fds_417_action_photo-1536x864.jpg",1536,864,true],"2048x2048":["https:\/\/engagingsafetysolutions.com\/esp\/wp-content\/uploads\/fds_417_action_photo.jpg",1920,1080,false],"woocommerce_thumbnail":["https:\/\/engagingsafetysolutions.com\/esp\/wp-content\/uploads\/fds_417_action_photo-300x225.jpg",300,225,true],"woocommerce_single":["https:\/\/engagingsafetysolutions.com\/esp\/wp-content\/uploads\/fds_417_action_photo-640x360.jpg",640,360,true],"woocommerce_gallery_thumbnail":["https:\/\/engagingsafetysolutions.com\/esp\/wp-content\/uploads\/fds_417_action_photo-100x100.jpg",100,100,true],"dgwt-wcas-product-suggestion":["https:\/\/engagingsafetysolutions.com\/esp\/wp-content\/uploads\/fds_417_action_photo-64x36.jpg",64,36,true]},"uagb_author_info":{"display_name":"evagomez","author_link":"https:\/\/engagingsafetysolutions.com\/esp\/author\/"},"uagb_comment_info":0,"uagb_excerpt":"El programa Buenas pr\u00e1cticas de fabricaci\u00f3n en la industria alimentaria Parte II contiene informaci\u00f3n valiosa sobre c\u00f3mo los empleados pueden ayudar a sus instalaciones a cumplir con los criterios establecidos por las \u00faltimas cuatro secciones de la regulaci\u00f3n GMP de la FDA ... abordando las instalaciones y controles sanitarios, los equipos y utensilios, el procesamiento&hellip;","_links":{"self":[{"href":"https:\/\/engagingsafetysolutions.com\/esp\/wp-json\/wp\/v2\/product\/12945","targetHints":{"allow":["GET"]}}],"collection":[{"href":"https:\/\/engagingsafetysolutions.com\/esp\/wp-json\/wp\/v2\/product"}],"about":[{"href":"https:\/\/engagingsafetysolutions.com\/esp\/wp-json\/wp\/v2\/types\/product"}],"version-history":[{"count":3,"href":"https:\/\/engagingsafetysolutions.com\/esp\/wp-json\/wp\/v2\/product\/12945\/revisions"}],"predecessor-version":[{"id":14752,"href":"https:\/\/engagingsafetysolutions.com\/esp\/wp-json\/wp\/v2\/product\/12945\/revisions\/14752"}],"wp:featuredmedia":[{"embeddable":true,"href":"https:\/\/engagingsafetysolutions.com\/esp\/wp-json\/wp\/v2\/media\/12951"}],"wp:attachment":[{"href":"https:\/\/engagingsafetysolutions.com\/esp\/wp-json\/wp\/v2\/media?parent=12945"}],"wp:term":[{"taxonomy":"product_brand","embeddable":true,"href":"https:\/\/engagingsafetysolutions.com\/esp\/wp-json\/wp\/v2\/product_brand?post=12945"},{"taxonomy":"product_cat","embeddable":true,"href":"https:\/\/engagingsafetysolutions.com\/esp\/wp-json\/wp\/v2\/product_cat?post=12945"},{"taxonomy":"product_tag","embeddable":true,"href":"https:\/\/engagingsafetysolutions.com\/esp\/wp-json\/wp\/v2\/product_tag?post=12945"}],"curies":[{"name":"wp","href":"https:\/\/api.w.org\/{rel}","templated":true}]}}