{"id":12934,"date":"2024-01-13T22:25:07","date_gmt":"2024-01-13T22:25:07","guid":{"rendered":"https:\/\/engagingsafetysolutions.com\/esp\/?post_type=product&#038;p=12934"},"modified":"2025-08-18T16:44:17","modified_gmt":"2025-08-18T16:44:17","slug":"seguridad-al-manipular-alimentos-2","status":"publish","type":"product","link":"https:\/\/engagingsafetysolutions.com\/esp\/product\/seguridad-al-manipular-alimentos-2\/","title":{"rendered":"Seguridad al Manipular Alimentos"},"content":{"rendered":"<p>El Programa de Seguridad en la Manipulaci\u00f3n de Alimentos analiza los peligros de contaminaci\u00f3n asociados con la manipulaci\u00f3n de alimentos y los materiales, equipos y pr\u00e1cticas de trabajo seguras que los empleados deben usar para garantizar que los alimentos que preparan no enfermen a otra persona. El suministro de alimentos en los Estados Unidos se considera uno de los m\u00e1s seguros del mundo, sin embargo, seg\u00fan los Centros para el Control de Enfermedades, millones de estadounidenses todav\u00eda contraen enfermedades transmitidas por los alimentos cada a\u00f1o. El programa incluye informaci\u00f3n sobre las fuentes de enfermedades transmitidas por los alimentos, la higiene personal de los manipuladores de alimentos, el lavado de manos, la limpieza y desinfecci\u00f3n, la prevenci\u00f3n de la contaminaci\u00f3n cruzada, el control de la temperatura de los alimentos y m\u00e1s.<\/p>\n","protected":false},"excerpt":{"rendered":"<p>El Programa de Seguridad en la Manipulaci\u00f3n de Alimentos analiza los peligros de contaminaci\u00f3n asociados con la manipulaci\u00f3n de alimentos y los materiales, equipos y pr\u00e1cticas de trabajo seguras que los empleados deben usar para garantizar que los alimentos que preparan no enfermen a otra persona. <\/p>\n","protected":false},"featured_media":12940,"template":"","meta":{"_uag_custom_page_level_css":""},"product_brand":[],"product_cat":[68,51,32,52],"product_tag":[],"class_list":{"0":"post-12934","1":"product","2":"type-product","3":"status-publish","4":"has-post-thumbnail","6":"product_cat-dvd-2","7":"product_cat-elearning","8":"product_cat-usb","9":"product_cat-videos-en-demanda","11":"first","12":"instock","13":"taxable","14":"shipping-taxable","15":"purchasable","16":"product-type-variable","17":"has-default-attributes"},"aioseo_notices":[],"uagb_featured_image_src":{"full":["https:\/\/engagingsafetysolutions.com\/esp\/wp-content\/uploads\/fds_378_action_photo.jpg",1920,1080,false],"thumbnail":["https:\/\/engagingsafetysolutions.com\/esp\/wp-content\/uploads\/fds_378_action_photo-150x150.jpg",150,150,true],"medium":["https:\/\/engagingsafetysolutions.com\/esp\/wp-content\/uploads\/fds_378_action_photo-300x169.jpg",300,169,true],"medium_large":["https:\/\/engagingsafetysolutions.com\/esp\/wp-content\/uploads\/fds_378_action_photo-768x432.jpg",768,432,true],"large":["https:\/\/engagingsafetysolutions.com\/esp\/wp-content\/uploads\/fds_378_action_photo-1024x576.jpg",1024,576,true],"1536x1536":["https:\/\/engagingsafetysolutions.com\/esp\/wp-content\/uploads\/fds_378_action_photo-1536x864.jpg",1536,864,true],"2048x2048":["https:\/\/engagingsafetysolutions.com\/esp\/wp-content\/uploads\/fds_378_action_photo.jpg",1920,1080,false],"woocommerce_thumbnail":["https:\/\/engagingsafetysolutions.com\/esp\/wp-content\/uploads\/fds_378_action_photo-300x225.jpg",300,225,true],"woocommerce_single":["https:\/\/engagingsafetysolutions.com\/esp\/wp-content\/uploads\/fds_378_action_photo-640x360.jpg",640,360,true],"woocommerce_gallery_thumbnail":["https:\/\/engagingsafetysolutions.com\/esp\/wp-content\/uploads\/fds_378_action_photo-100x100.jpg",100,100,true],"dgwt-wcas-product-suggestion":["https:\/\/engagingsafetysolutions.com\/esp\/wp-content\/uploads\/fds_378_action_photo-64x36.jpg",64,36,true]},"uagb_author_info":{"display_name":"evagomez","author_link":"https:\/\/engagingsafetysolutions.com\/esp\/author\/"},"uagb_comment_info":0,"uagb_excerpt":"El Programa de Seguridad en la Manipulaci\u00f3n de Alimentos analiza los peligros de contaminaci\u00f3n asociados con la manipulaci\u00f3n de alimentos y los materiales, equipos y pr\u00e1cticas de trabajo seguras que los empleados deben usar para garantizar que los alimentos que preparan no enfermen a otra persona.","_links":{"self":[{"href":"https:\/\/engagingsafetysolutions.com\/esp\/wp-json\/wp\/v2\/product\/12934","targetHints":{"allow":["GET"]}}],"collection":[{"href":"https:\/\/engagingsafetysolutions.com\/esp\/wp-json\/wp\/v2\/product"}],"about":[{"href":"https:\/\/engagingsafetysolutions.com\/esp\/wp-json\/wp\/v2\/types\/product"}],"version-history":[{"count":3,"href":"https:\/\/engagingsafetysolutions.com\/esp\/wp-json\/wp\/v2\/product\/12934\/revisions"}],"predecessor-version":[{"id":14751,"href":"https:\/\/engagingsafetysolutions.com\/esp\/wp-json\/wp\/v2\/product\/12934\/revisions\/14751"}],"wp:featuredmedia":[{"embeddable":true,"href":"https:\/\/engagingsafetysolutions.com\/esp\/wp-json\/wp\/v2\/media\/12940"}],"wp:attachment":[{"href":"https:\/\/engagingsafetysolutions.com\/esp\/wp-json\/wp\/v2\/media?parent=12934"}],"wp:term":[{"taxonomy":"product_brand","embeddable":true,"href":"https:\/\/engagingsafetysolutions.com\/esp\/wp-json\/wp\/v2\/product_brand?post=12934"},{"taxonomy":"product_cat","embeddable":true,"href":"https:\/\/engagingsafetysolutions.com\/esp\/wp-json\/wp\/v2\/product_cat?post=12934"},{"taxonomy":"product_tag","embeddable":true,"href":"https:\/\/engagingsafetysolutions.com\/esp\/wp-json\/wp\/v2\/product_tag?post=12934"}],"curies":[{"name":"wp","href":"https:\/\/api.w.org\/{rel}","templated":true}]}}