{"id":12927,"date":"2024-01-13T22:12:34","date_gmt":"2024-01-13T22:12:34","guid":{"rendered":"https:\/\/engagingsafetysolutions.com\/esp\/?post_type=product&#038;p=12927"},"modified":"2025-08-18T16:44:13","modified_gmt":"2025-08-18T16:44:13","slug":"buenas-practicas-de-manufactura-en-la-industria-alimentaria-parte-i","status":"publish","type":"product","link":"https:\/\/engagingsafetysolutions.com\/esp\/product\/buenas-practicas-de-manufactura-en-la-industria-alimentaria-parte-i\/","title":{"rendered":"Buenas Pr\u00e1cticas de Manufactura en la Industria Alimentaria Parte I"},"content":{"rendered":"<p>El programa Buenas pr\u00e1cticas de fabricaci\u00f3n en la industria alimentaria Parte I contiene informaci\u00f3n valiosa sobre c\u00f3mo los empleados pueden ayudar a sus instalaciones a cumplir con los criterios establecidos por las primeras tres secciones de la regulaci\u00f3n GMP de la FDA &#8230; abordando el Personal, la Planta y los Terrenos y las Operaciones Sanitarias. Cuando se introducen sustancias extra\u00f1as en los productos alimenticios, puede resultar en &#8220;contaminaci\u00f3n&#8221;. Esto no solo puede da\u00f1ar la reputaci\u00f3n de una empresa, sino que puede provocar que las personas se enfermen&#8230; a veces fatalmente. Es por eso que la Administraci\u00f3n de Alimentos y Medicamentos de los Estados Unidos (FDA) cre\u00f3 una regulaci\u00f3n llamada &#8220;Buenas pr\u00e1cticas de fabricaci\u00f3n actuales&#8221; que establece los criterios que deben cumplir las instalaciones de procesamiento y manipulaci\u00f3n de alimentos para ayudar a mantener los productos alimenticios libres de contaminaci\u00f3n. Para cumplir con la regulaci\u00f3n de la FDA, cada instalaci\u00f3n debe desarrollar sus propias Buenas Pr\u00e1cticas de Fabricaci\u00f3n (GMP) &#8230; y adherirse a ellos concienzudamente puede reducir en gran medida el riesgo de que los productos alimenticios se contaminen. El programa incluye una descripci\u00f3n general de las primeras tres secciones de la regulaci\u00f3n GMP de la FDA, c\u00f3mo la regulaci\u00f3n afecta al personal de una instalaci\u00f3n, evitando la contaminaci\u00f3n de fuentes &#8220;internas&#8221; y &#8220;externas&#8221;, limpiando y desinfectando equipos, utensilios y superficies y m\u00e1s..<\/p>\n","protected":false},"excerpt":{"rendered":"<p>El programa Buenas pr\u00e1cticas de fabricaci\u00f3n en la industria alimentaria Parte I contiene informaci\u00f3n valiosa sobre c\u00f3mo los empleados pueden ayudar a sus instalaciones a cumplir con los criterios establecidos por las primeras tres secciones de la regulaci\u00f3n GMP de la FDA &#8230; abordando el Personal, la Planta y los Terrenos y las Operaciones Sanitarias. <\/p>\n","protected":false},"featured_media":12943,"template":"","meta":{"_uag_custom_page_level_css":""},"product_brand":[],"product_cat":[68,51,32,52],"product_tag":[],"class_list":{"0":"post-12927","1":"product","2":"type-product","3":"status-publish","4":"has-post-thumbnail","6":"product_cat-dvd-2","7":"product_cat-elearning","8":"product_cat-usb","9":"product_cat-videos-en-demanda","11":"first","12":"instock","13":"taxable","14":"shipping-taxable","15":"purchasable","16":"product-type-variable","17":"has-default-attributes"},"aioseo_notices":[],"uagb_featured_image_src":{"full":["https:\/\/engagingsafetysolutions.com\/esp\/wp-content\/uploads\/fds_416_action_photo.jpg",1920,1080,false],"thumbnail":["https:\/\/engagingsafetysolutions.com\/esp\/wp-content\/uploads\/fds_416_action_photo-150x150.jpg",150,150,true],"medium":["https:\/\/engagingsafetysolutions.com\/esp\/wp-content\/uploads\/fds_416_action_photo-300x169.jpg",300,169,true],"medium_large":["https:\/\/engagingsafetysolutions.com\/esp\/wp-content\/uploads\/fds_416_action_photo-768x432.jpg",768,432,true],"large":["https:\/\/engagingsafetysolutions.com\/esp\/wp-content\/uploads\/fds_416_action_photo-1024x576.jpg",1024,576,true],"1536x1536":["https:\/\/engagingsafetysolutions.com\/esp\/wp-content\/uploads\/fds_416_action_photo-1536x864.jpg",1536,864,true],"2048x2048":["https:\/\/engagingsafetysolutions.com\/esp\/wp-content\/uploads\/fds_416_action_photo.jpg",1920,1080,false],"woocommerce_thumbnail":["https:\/\/engagingsafetysolutions.com\/esp\/wp-content\/uploads\/fds_416_action_photo-300x225.jpg",300,225,true],"woocommerce_single":["https:\/\/engagingsafetysolutions.com\/esp\/wp-content\/uploads\/fds_416_action_photo-640x360.jpg",640,360,true],"woocommerce_gallery_thumbnail":["https:\/\/engagingsafetysolutions.com\/esp\/wp-content\/uploads\/fds_416_action_photo-100x100.jpg",100,100,true],"dgwt-wcas-product-suggestion":["https:\/\/engagingsafetysolutions.com\/esp\/wp-content\/uploads\/fds_416_action_photo-64x36.jpg",64,36,true]},"uagb_author_info":{"display_name":"evagomez","author_link":"https:\/\/engagingsafetysolutions.com\/esp\/author\/"},"uagb_comment_info":0,"uagb_excerpt":"El programa Buenas pr\u00e1cticas de fabricaci\u00f3n en la industria alimentaria Parte I contiene informaci\u00f3n valiosa sobre c\u00f3mo los empleados pueden ayudar a sus instalaciones a cumplir con los criterios establecidos por las primeras tres secciones de la regulaci\u00f3n GMP de la FDA ... abordando el Personal, la Planta y los Terrenos y las Operaciones Sanitarias.","_links":{"self":[{"href":"https:\/\/engagingsafetysolutions.com\/esp\/wp-json\/wp\/v2\/product\/12927","targetHints":{"allow":["GET"]}}],"collection":[{"href":"https:\/\/engagingsafetysolutions.com\/esp\/wp-json\/wp\/v2\/product"}],"about":[{"href":"https:\/\/engagingsafetysolutions.com\/esp\/wp-json\/wp\/v2\/types\/product"}],"version-history":[{"count":5,"href":"https:\/\/engagingsafetysolutions.com\/esp\/wp-json\/wp\/v2\/product\/12927\/revisions"}],"predecessor-version":[{"id":14750,"href":"https:\/\/engagingsafetysolutions.com\/esp\/wp-json\/wp\/v2\/product\/12927\/revisions\/14750"}],"wp:featuredmedia":[{"embeddable":true,"href":"https:\/\/engagingsafetysolutions.com\/esp\/wp-json\/wp\/v2\/media\/12943"}],"wp:attachment":[{"href":"https:\/\/engagingsafetysolutions.com\/esp\/wp-json\/wp\/v2\/media?parent=12927"}],"wp:term":[{"taxonomy":"product_brand","embeddable":true,"href":"https:\/\/engagingsafetysolutions.com\/esp\/wp-json\/wp\/v2\/product_brand?post=12927"},{"taxonomy":"product_cat","embeddable":true,"href":"https:\/\/engagingsafetysolutions.com\/esp\/wp-json\/wp\/v2\/product_cat?post=12927"},{"taxonomy":"product_tag","embeddable":true,"href":"https:\/\/engagingsafetysolutions.com\/esp\/wp-json\/wp\/v2\/product_tag?post=12927"}],"curies":[{"name":"wp","href":"https:\/\/api.w.org\/{rel}","templated":true}]}}