{"id":12884,"date":"2024-01-13T20:07:22","date_gmt":"2024-01-13T20:07:22","guid":{"rendered":"https:\/\/engagingsafetysolutions.com\/esp\/?post_type=product&#038;p=12884"},"modified":"2025-08-18T16:44:12","modified_gmt":"2025-08-18T16:44:12","slug":"seguridad-de-la-espalda","status":"publish","type":"product","link":"https:\/\/engagingsafetysolutions.com\/esp\/product\/seguridad-de-la-espalda\/","title":{"rendered":"Seguridad de la Espalda"},"content":{"rendered":"<p>El programa de seguridad en la espalda analiza situaciones que pueden provocar lesiones en la espalda y lo que los empleados pueden hacer para evitarlas&#8230; tanto en el trabajo como en casa. M\u00e1s de un mill\u00f3n de lesiones de espalda ocurren en el lugar de trabajo cada a\u00f1o. No solo causan a los empleados un dolor de espalda significativo, sino que tambi\u00e9n resultan en d\u00edas perdidos en el trabajo, salarios perdidos y productividad reducida. Pero las lesiones de espalda se pueden evitar. El programa incluye informaci\u00f3n sobre la estructura de la espalda, las fuentes del dolor y las lesiones de espalda, la importancia de una buena postura, c\u00f3mo levantar objetos sin lesionarse la espalda, desarrollar h\u00e1bitos saludables para mantener la espalda libre de dolor y m\u00e1s.<\/p>\n","protected":false},"excerpt":{"rendered":"<p>El programa sobre Residuos Universales analiza los tipos de materiales peligrosos que se consideran &#8220;residuos universales&#8221; y c\u00f3mo manipularlos y eliminarlos de acuerdo con el Reglamento de Residuos Universales de la EPA. Este programa es una de las formas m\u00e1s efectivas y eficientes de obtener la capacitaci\u00f3n que necesitan los empleados, en un aula o individualmente a trav\u00e9s de su computadora de escritorio o tableta.<\/p>\n","protected":false},"featured_media":12885,"template":"","meta":{"_uag_custom_page_level_css":""},"product_brand":[],"product_cat":[68,51,32,52],"product_tag":[],"class_list":{"0":"post-12884","1":"product","2":"type-product","3":"status-publish","4":"has-post-thumbnail","6":"product_cat-dvd-2","7":"product_cat-elearning","8":"product_cat-usb","9":"product_cat-videos-en-demanda","11":"first","12":"instock","13":"taxable","14":"shipping-taxable","15":"purchasable","16":"product-type-variable","17":"has-default-attributes"},"aioseo_notices":[],"uagb_featured_image_src":{"full":["https:\/\/engagingsafetysolutions.com\/esp\/wp-content\/uploads\/gen_403_action_photo.jpg",1920,1080,false],"thumbnail":["https:\/\/engagingsafetysolutions.com\/esp\/wp-content\/uploads\/gen_403_action_photo-150x150.jpg",150,150,true],"medium":["https:\/\/engagingsafetysolutions.com\/esp\/wp-content\/uploads\/gen_403_action_photo-300x169.jpg",300,169,true],"medium_large":["https:\/\/engagingsafetysolutions.com\/esp\/wp-content\/uploads\/gen_403_action_photo-768x432.jpg",768,432,true],"large":["https:\/\/engagingsafetysolutions.com\/esp\/wp-content\/uploads\/gen_403_action_photo-1024x576.jpg",1024,576,true],"1536x1536":["https:\/\/engagingsafetysolutions.com\/esp\/wp-content\/uploads\/gen_403_action_photo-1536x864.jpg",1536,864,true],"2048x2048":["https:\/\/engagingsafetysolutions.com\/esp\/wp-content\/uploads\/gen_403_action_photo.jpg",1920,1080,false],"woocommerce_thumbnail":["https:\/\/engagingsafetysolutions.com\/esp\/wp-content\/uploads\/gen_403_action_photo-300x225.jpg",300,225,true],"woocommerce_single":["https:\/\/engagingsafetysolutions.com\/esp\/wp-content\/uploads\/gen_403_action_photo-640x360.jpg",640,360,true],"woocommerce_gallery_thumbnail":["https:\/\/engagingsafetysolutions.com\/esp\/wp-content\/uploads\/gen_403_action_photo-100x100.jpg",100,100,true],"dgwt-wcas-product-suggestion":["https:\/\/engagingsafetysolutions.com\/esp\/wp-content\/uploads\/gen_403_action_photo-64x36.jpg",64,36,true]},"uagb_author_info":{"display_name":"evagomez","author_link":"https:\/\/engagingsafetysolutions.com\/esp\/author\/"},"uagb_comment_info":0,"uagb_excerpt":"El programa sobre Residuos Universales analiza los tipos de materiales peligrosos que se consideran \"residuos universales\" y c\u00f3mo manipularlos y eliminarlos de acuerdo con el Reglamento de Residuos Universales de la EPA. Este programa es una de las formas m\u00e1s efectivas y eficientes de obtener la capacitaci\u00f3n que necesitan los empleados, en un aula o&hellip;","_links":{"self":[{"href":"https:\/\/engagingsafetysolutions.com\/esp\/wp-json\/wp\/v2\/product\/12884","targetHints":{"allow":["GET"]}}],"collection":[{"href":"https:\/\/engagingsafetysolutions.com\/esp\/wp-json\/wp\/v2\/product"}],"about":[{"href":"https:\/\/engagingsafetysolutions.com\/esp\/wp-json\/wp\/v2\/types\/product"}],"version-history":[{"count":2,"href":"https:\/\/engagingsafetysolutions.com\/esp\/wp-json\/wp\/v2\/product\/12884\/revisions"}],"predecessor-version":[{"id":14747,"href":"https:\/\/engagingsafetysolutions.com\/esp\/wp-json\/wp\/v2\/product\/12884\/revisions\/14747"}],"wp:featuredmedia":[{"embeddable":true,"href":"https:\/\/engagingsafetysolutions.com\/esp\/wp-json\/wp\/v2\/media\/12885"}],"wp:attachment":[{"href":"https:\/\/engagingsafetysolutions.com\/esp\/wp-json\/wp\/v2\/media?parent=12884"}],"wp:term":[{"taxonomy":"product_brand","embeddable":true,"href":"https:\/\/engagingsafetysolutions.com\/esp\/wp-json\/wp\/v2\/product_brand?post=12884"},{"taxonomy":"product_cat","embeddable":true,"href":"https:\/\/engagingsafetysolutions.com\/esp\/wp-json\/wp\/v2\/product_cat?post=12884"},{"taxonomy":"product_tag","embeddable":true,"href":"https:\/\/engagingsafetysolutions.com\/esp\/wp-json\/wp\/v2\/product_tag?post=12884"}],"curies":[{"name":"wp","href":"https:\/\/api.w.org\/{rel}","templated":true}]}}