{"id":12862,"date":"2024-01-13T17:32:30","date_gmt":"2024-01-13T17:32:30","guid":{"rendered":"https:\/\/engagingsafetysolutions.com\/esp\/?post_type=product&#038;p=12862"},"modified":"2025-08-18T16:44:08","modified_gmt":"2025-08-18T16:44:08","slug":"seguridad-de-la-espalda-en-ambientes-industriales-2","status":"publish","type":"product","link":"https:\/\/engagingsafetysolutions.com\/esp\/product\/seguridad-de-la-espalda-en-ambientes-industriales-2\/","title":{"rendered":"Seguridad de la Espalda en Ambientes Industriales"},"content":{"rendered":"<p>El programa de seguridad de la espalda en entornos industriales analiza situaciones que pueden provocar lesiones en la espalda y lo que los empleados pueden hacer para evitarlas&#8230; tanto en el trabajo como en casa. M\u00e1s de un mill\u00f3n de lesiones de espalda ocurren en el lugar de trabajo cada a\u00f1o. No solo causan a los empleados un dolor de espalda significativo, sino que tambi\u00e9n resultan en d\u00edas perdidos en el trabajo, salarios perdidos y productividad reducida. Pero las lesiones de espalda se pueden evitar. El programa incluye informaci\u00f3n sobre la estructura de la espalda, las fuentes del dolor y las lesiones de espalda, la importancia de una buena postura, c\u00f3mo levantar objetos sin lesionarse la espalda, desarrollar h\u00e1bitos saludables para mantener la espalda libre de dolor y m\u00e1s.<\/p>\n","protected":false},"excerpt":{"rendered":"<p>El programa de seguridad de la espalda en entornos industriales analiza situaciones que pueden provocar lesiones en la espalda y lo que los empleados pueden hacer para evitarlas&#8230; tanto en el trabajo como en casa. <\/p>\n","protected":false},"featured_media":13348,"template":"","meta":{"_uag_custom_page_level_css":""},"product_brand":[],"product_cat":[68,51,32,52],"product_tag":[],"class_list":{"0":"post-12862","1":"product","2":"type-product","3":"status-publish","4":"has-post-thumbnail","6":"product_cat-dvd-2","7":"product_cat-elearning","8":"product_cat-usb","9":"product_cat-videos-en-demanda","11":"first","12":"instock","13":"taxable","14":"shipping-taxable","15":"purchasable","16":"product-type-variable","17":"has-default-attributes"},"aioseo_notices":[],"uagb_featured_image_src":{"full":["https:\/\/engagingsafetysolutions.com\/esp\/wp-content\/uploads\/IND_403.jpg",1917,1080,false],"thumbnail":["https:\/\/engagingsafetysolutions.com\/esp\/wp-content\/uploads\/IND_403-150x150.jpg",150,150,true],"medium":["https:\/\/engagingsafetysolutions.com\/esp\/wp-content\/uploads\/IND_403-300x169.jpg",300,169,true],"medium_large":["https:\/\/engagingsafetysolutions.com\/esp\/wp-content\/uploads\/IND_403-768x433.jpg",768,433,true],"large":["https:\/\/engagingsafetysolutions.com\/esp\/wp-content\/uploads\/IND_403-1024x577.jpg",1024,577,true],"1536x1536":["https:\/\/engagingsafetysolutions.com\/esp\/wp-content\/uploads\/IND_403-1536x865.jpg",1536,865,true],"2048x2048":["https:\/\/engagingsafetysolutions.com\/esp\/wp-content\/uploads\/IND_403.jpg",1917,1080,false],"woocommerce_thumbnail":["https:\/\/engagingsafetysolutions.com\/esp\/wp-content\/uploads\/IND_403-300x225.jpg",300,225,true],"woocommerce_single":["https:\/\/engagingsafetysolutions.com\/esp\/wp-content\/uploads\/IND_403-640x361.jpg",640,361,true],"woocommerce_gallery_thumbnail":["https:\/\/engagingsafetysolutions.com\/esp\/wp-content\/uploads\/IND_403-100x100.jpg",100,100,true],"dgwt-wcas-product-suggestion":["https:\/\/engagingsafetysolutions.com\/esp\/wp-content\/uploads\/IND_403-64x36.jpg",64,36,true]},"uagb_author_info":{"display_name":"evagomez","author_link":"https:\/\/engagingsafetysolutions.com\/esp\/author\/"},"uagb_comment_info":0,"uagb_excerpt":"El programa de seguridad de la espalda en entornos industriales analiza situaciones que pueden provocar lesiones en la espalda y lo que los empleados pueden hacer para evitarlas... tanto en el trabajo como en casa.","_links":{"self":[{"href":"https:\/\/engagingsafetysolutions.com\/esp\/wp-json\/wp\/v2\/product\/12862","targetHints":{"allow":["GET"]}}],"collection":[{"href":"https:\/\/engagingsafetysolutions.com\/esp\/wp-json\/wp\/v2\/product"}],"about":[{"href":"https:\/\/engagingsafetysolutions.com\/esp\/wp-json\/wp\/v2\/types\/product"}],"version-history":[{"count":3,"href":"https:\/\/engagingsafetysolutions.com\/esp\/wp-json\/wp\/v2\/product\/12862\/revisions"}],"predecessor-version":[{"id":14744,"href":"https:\/\/engagingsafetysolutions.com\/esp\/wp-json\/wp\/v2\/product\/12862\/revisions\/14744"}],"wp:featuredmedia":[{"embeddable":true,"href":"https:\/\/engagingsafetysolutions.com\/esp\/wp-json\/wp\/v2\/media\/13348"}],"wp:attachment":[{"href":"https:\/\/engagingsafetysolutions.com\/esp\/wp-json\/wp\/v2\/media?parent=12862"}],"wp:term":[{"taxonomy":"product_brand","embeddable":true,"href":"https:\/\/engagingsafetysolutions.com\/esp\/wp-json\/wp\/v2\/product_brand?post=12862"},{"taxonomy":"product_cat","embeddable":true,"href":"https:\/\/engagingsafetysolutions.com\/esp\/wp-json\/wp\/v2\/product_cat?post=12862"},{"taxonomy":"product_tag","embeddable":true,"href":"https:\/\/engagingsafetysolutions.com\/esp\/wp-json\/wp\/v2\/product_tag?post=12862"}],"curies":[{"name":"wp","href":"https:\/\/api.w.org\/{rel}","templated":true}]}}