{"id":12838,"date":"2024-01-13T00:30:09","date_gmt":"2024-01-13T00:30:09","guid":{"rendered":"https:\/\/engagingsafetysolutions.com\/esp\/?post_type=product&#038;p=12838"},"modified":"2025-08-18T16:44:08","modified_gmt":"2025-08-18T16:44:08","slug":"plataformas-elevadoras-tijera-en-entornos-industriales-y-de-construccion","status":"publish","type":"product","link":"https:\/\/engagingsafetysolutions.com\/esp\/product\/plataformas-elevadoras-tijera-en-entornos-industriales-y-de-construccion\/","title":{"rendered":"Plataformas Elevadoras A\u00e9reas en Entornos Industriales y de Construcci\u00f3n\u2026 Tipos de Plataformas Elevadoras y Sus Peligros"},"content":{"rendered":"<p>El programa Elevadores a\u00e9reos en entornos industriales y de construcci\u00f3n: tipos de elevadores y sus peligros es el primero de una serie de dos partes que ha sido dise\u00f1ada para cumplir con los requisitos de capacitaci\u00f3n de OSHA en su est\u00e1ndar de &#8220;Plataformas de trabajo elevadas m\u00f3viles&#8221; (PEMP\/PTA). El objetivo del curso es comprender los diferentes tipos de elevadores a\u00e9reos, los peligros que puede encontrar cuando usa un elevador a\u00e9reo y los est\u00e1ndares de seguridad que debe seguir cuando trabaja con o cerca de un elevador a\u00e9reo. Ya sea que se encuentre colgando revestimientos en un sitio de construcci\u00f3n, cambiando bombillas en un almac\u00e9n o realizando trabajos de servicios p\u00fablicos al aire libre, los elevadores a\u00e9reos pueden ayudarlo a llegar a \u00e1reas a las que de otro modo ser\u00eda casi imposible llegar. Pero antes de trabajar con un elevador a\u00e9reo, debe saber qu\u00e9 tipos de elevadores encontrar\u00e1 y los peligros asociados con cada uno. El programa incluye las normas OSHA y ANSI para las PEMP\/PTA, la creaci\u00f3n de un Programa de Uso Seguro para los elevadores a\u00e9reos, los requisitos de capacitaci\u00f3n para los operadores y ocupantes de los elevadores, la identificaci\u00f3n y prevenci\u00f3n de los peligros asociados con los elevadores a\u00e9reos y m\u00e1s.<\/p>\n","protected":false},"excerpt":{"rendered":"<p>El programa Elevadores a\u00e9reos en entornos industriales y de construcci\u00f3n: tipos de elevadores y sus peligros es el primero de una serie de dos partes que ha sido dise\u00f1ada para cumplir con los requisitos de capacitaci\u00f3n de OSHA en su est\u00e1ndar de &#8220;Plataformas de trabajo elevadas m\u00f3viles&#8221; (PEMP\/PTA). El objetivo del curso es comprender los diferentes tipos de elevadores a\u00e9reos, los peligros que puede encontrar cuando usa un elevador a\u00e9reo y los est\u00e1ndares de seguridad que debe seguir cuando trabaja con o cerca de un elevador a\u00e9reo. <\/p>\n","protected":false},"featured_media":13859,"template":"","meta":{"_uag_custom_page_level_css":""},"product_brand":[],"product_cat":[68,51,32,52],"product_tag":[],"class_list":{"0":"post-12838","1":"product","2":"type-product","3":"status-publish","4":"has-post-thumbnail","6":"product_cat-dvd-2","7":"product_cat-elearning","8":"product_cat-usb","9":"product_cat-videos-en-demanda","11":"first","12":"instock","13":"taxable","14":"shipping-taxable","15":"purchasable","16":"product-type-variable","17":"has-default-attributes"},"aioseo_notices":[],"uagb_featured_image_src":{"full":["https:\/\/engagingsafetysolutions.com\/esp\/wp-content\/uploads\/ind-363.jpg",1920,1080,false],"thumbnail":["https:\/\/engagingsafetysolutions.com\/esp\/wp-content\/uploads\/ind-363-150x150.jpg",150,150,true],"medium":["https:\/\/engagingsafetysolutions.com\/esp\/wp-content\/uploads\/ind-363-300x169.jpg",300,169,true],"medium_large":["https:\/\/engagingsafetysolutions.com\/esp\/wp-content\/uploads\/ind-363-768x432.jpg",768,432,true],"large":["https:\/\/engagingsafetysolutions.com\/esp\/wp-content\/uploads\/ind-363-1024x576.jpg",1024,576,true],"1536x1536":["https:\/\/engagingsafetysolutions.com\/esp\/wp-content\/uploads\/ind-363-1536x864.jpg",1536,864,true],"2048x2048":["https:\/\/engagingsafetysolutions.com\/esp\/wp-content\/uploads\/ind-363.jpg",1920,1080,false],"woocommerce_thumbnail":["https:\/\/engagingsafetysolutions.com\/esp\/wp-content\/uploads\/ind-363-300x225.jpg",300,225,true],"woocommerce_single":["https:\/\/engagingsafetysolutions.com\/esp\/wp-content\/uploads\/ind-363-640x360.jpg",640,360,true],"woocommerce_gallery_thumbnail":["https:\/\/engagingsafetysolutions.com\/esp\/wp-content\/uploads\/ind-363-100x100.jpg",100,100,true],"dgwt-wcas-product-suggestion":["https:\/\/engagingsafetysolutions.com\/esp\/wp-content\/uploads\/ind-363-64x36.jpg",64,36,true]},"uagb_author_info":{"display_name":"evagomez","author_link":"https:\/\/engagingsafetysolutions.com\/esp\/author\/"},"uagb_comment_info":0,"uagb_excerpt":"El programa Elevadores a\u00e9reos en entornos industriales y de construcci\u00f3n: tipos de elevadores y sus peligros es el primero de una serie de dos partes que ha sido dise\u00f1ada para cumplir con los requisitos de capacitaci\u00f3n de OSHA en su est\u00e1ndar de \"Plataformas de trabajo elevadas m\u00f3viles\" (PEMP\/PTA). El objetivo del curso es comprender los&hellip;","_links":{"self":[{"href":"https:\/\/engagingsafetysolutions.com\/esp\/wp-json\/wp\/v2\/product\/12838","targetHints":{"allow":["GET"]}}],"collection":[{"href":"https:\/\/engagingsafetysolutions.com\/esp\/wp-json\/wp\/v2\/product"}],"about":[{"href":"https:\/\/engagingsafetysolutions.com\/esp\/wp-json\/wp\/v2\/types\/product"}],"version-history":[{"count":5,"href":"https:\/\/engagingsafetysolutions.com\/esp\/wp-json\/wp\/v2\/product\/12838\/revisions"}],"predecessor-version":[{"id":14742,"href":"https:\/\/engagingsafetysolutions.com\/esp\/wp-json\/wp\/v2\/product\/12838\/revisions\/14742"}],"wp:featuredmedia":[{"embeddable":true,"href":"https:\/\/engagingsafetysolutions.com\/esp\/wp-json\/wp\/v2\/media\/13859"}],"wp:attachment":[{"href":"https:\/\/engagingsafetysolutions.com\/esp\/wp-json\/wp\/v2\/media?parent=12838"}],"wp:term":[{"taxonomy":"product_brand","embeddable":true,"href":"https:\/\/engagingsafetysolutions.com\/esp\/wp-json\/wp\/v2\/product_brand?post=12838"},{"taxonomy":"product_cat","embeddable":true,"href":"https:\/\/engagingsafetysolutions.com\/esp\/wp-json\/wp\/v2\/product_cat?post=12838"},{"taxonomy":"product_tag","embeddable":true,"href":"https:\/\/engagingsafetysolutions.com\/esp\/wp-json\/wp\/v2\/product_tag?post=12838"}],"curies":[{"name":"wp","href":"https:\/\/api.w.org\/{rel}","templated":true}]}}