{"id":12827,"date":"2025-07-28T21:56:40","date_gmt":"2025-07-28T21:56:40","guid":{"rendered":"https:\/\/engagingsafetysolutions.com\/esp\/?post_type=product&#038;p=12827"},"modified":"2025-08-18T16:45:36","modified_gmt":"2025-08-18T16:45:36","slug":"introduccion-a-la-higiene-industrial-2","status":"publish","type":"product","link":"https:\/\/engagingsafetysolutions.com\/esp\/product\/introduccion-a-la-higiene-industrial-2\/","title":{"rendered":"Introducci\u00f3n a la Higiene Industrial"},"content":{"rendered":"<p>Introducci\u00f3n a la higiene industrial analiza c\u00f3mo los higienistas industriales analizan el entorno de trabajo, identifican los problemas que podr\u00edan afectar la seguridad y la salud de los trabajadores y encuentran formas de eliminar o aliviar esos problemas. La higiene industrial se ha definido como&#8230; &#8220;La ciencia y el arte dedicados a la anticipaci\u00f3n, reconocimiento, evaluaci\u00f3n y control de aquellos factores ambientales o tensiones que surjan en o desde el lugar de trabajo, que puedan causar enfermedades, deterioro de la salud y el bienestar o malestar significativo entre los trabajadores o los ciudadanos de la comunidad&#8221;. Todo un bocado. Entonces, \u00bfqu\u00e9 significa todo eso? \u00bfY qu\u00e9 hace realmente un higienista industrial? El programa incluye an\u00e1lisis del lugar de trabajo, contaminantes del aire, peligros qu\u00edmicos y biol\u00f3gicos, peligros f\u00edsicos como ruido, vibraciones, luz, temperatura, calor y radiaci\u00f3n, riesgos ergon\u00f3micos y m\u00e1s.<\/p>\n","protected":false},"excerpt":{"rendered":"<p>Introducci\u00f3n a la higiene industrial analiza c\u00f3mo los higienistas industriales analizan el entorno de trabajo, identifican los problemas que podr\u00edan afectar la seguridad y la salud de los trabajadores y encuentran formas de eliminar o aliviar esos problemas.<\/p>\n","protected":false},"featured_media":13853,"template":"","meta":{"_uag_custom_page_level_css":""},"product_brand":[],"product_cat":[68,51,32,52],"product_tag":[],"class_list":{"0":"post-12827","1":"product","2":"type-product","3":"status-publish","4":"has-post-thumbnail","6":"product_cat-dvd-2","7":"product_cat-elearning","8":"product_cat-usb","9":"product_cat-videos-en-demanda","11":"first","12":"instock","13":"taxable","14":"shipping-taxable","15":"purchasable","16":"product-type-variable","17":"has-default-attributes"},"aioseo_notices":[],"uagb_featured_image_src":{"full":["https:\/\/engagingsafetysolutions.com\/esp\/wp-content\/uploads\/IND_HYGIENE1.jpg",1920,1080,false],"thumbnail":["https:\/\/engagingsafetysolutions.com\/esp\/wp-content\/uploads\/IND_HYGIENE1-150x150.jpg",150,150,true],"medium":["https:\/\/engagingsafetysolutions.com\/esp\/wp-content\/uploads\/IND_HYGIENE1-300x169.jpg",300,169,true],"medium_large":["https:\/\/engagingsafetysolutions.com\/esp\/wp-content\/uploads\/IND_HYGIENE1-768x432.jpg",768,432,true],"large":["https:\/\/engagingsafetysolutions.com\/esp\/wp-content\/uploads\/IND_HYGIENE1-1024x576.jpg",1024,576,true],"1536x1536":["https:\/\/engagingsafetysolutions.com\/esp\/wp-content\/uploads\/IND_HYGIENE1-1536x864.jpg",1536,864,true],"2048x2048":["https:\/\/engagingsafetysolutions.com\/esp\/wp-content\/uploads\/IND_HYGIENE1.jpg",1920,1080,false],"woocommerce_thumbnail":["https:\/\/engagingsafetysolutions.com\/esp\/wp-content\/uploads\/IND_HYGIENE1-300x225.jpg",300,225,true],"woocommerce_single":["https:\/\/engagingsafetysolutions.com\/esp\/wp-content\/uploads\/IND_HYGIENE1-640x360.jpg",640,360,true],"woocommerce_gallery_thumbnail":["https:\/\/engagingsafetysolutions.com\/esp\/wp-content\/uploads\/IND_HYGIENE1-100x100.jpg",100,100,true],"dgwt-wcas-product-suggestion":["https:\/\/engagingsafetysolutions.com\/esp\/wp-content\/uploads\/IND_HYGIENE1-64x36.jpg",64,36,true]},"uagb_author_info":{"display_name":"evagomez","author_link":"https:\/\/engagingsafetysolutions.com\/esp\/author\/"},"uagb_comment_info":0,"uagb_excerpt":"Introducci\u00f3n a la higiene industrial analiza c\u00f3mo los higienistas industriales analizan el entorno de trabajo, identifican los problemas que podr\u00edan afectar la seguridad y la salud de los trabajadores y encuentran formas de eliminar o aliviar esos problemas.","_links":{"self":[{"href":"https:\/\/engagingsafetysolutions.com\/esp\/wp-json\/wp\/v2\/product\/12827","targetHints":{"allow":["GET"]}}],"collection":[{"href":"https:\/\/engagingsafetysolutions.com\/esp\/wp-json\/wp\/v2\/product"}],"about":[{"href":"https:\/\/engagingsafetysolutions.com\/esp\/wp-json\/wp\/v2\/types\/product"}],"version-history":[{"count":5,"href":"https:\/\/engagingsafetysolutions.com\/esp\/wp-json\/wp\/v2\/product\/12827\/revisions"}],"predecessor-version":[{"id":14740,"href":"https:\/\/engagingsafetysolutions.com\/esp\/wp-json\/wp\/v2\/product\/12827\/revisions\/14740"}],"wp:featuredmedia":[{"embeddable":true,"href":"https:\/\/engagingsafetysolutions.com\/esp\/wp-json\/wp\/v2\/media\/13853"}],"wp:attachment":[{"href":"https:\/\/engagingsafetysolutions.com\/esp\/wp-json\/wp\/v2\/media?parent=12827"}],"wp:term":[{"taxonomy":"product_brand","embeddable":true,"href":"https:\/\/engagingsafetysolutions.com\/esp\/wp-json\/wp\/v2\/product_brand?post=12827"},{"taxonomy":"product_cat","embeddable":true,"href":"https:\/\/engagingsafetysolutions.com\/esp\/wp-json\/wp\/v2\/product_cat?post=12827"},{"taxonomy":"product_tag","embeddable":true,"href":"https:\/\/engagingsafetysolutions.com\/esp\/wp-json\/wp\/v2\/product_tag?post=12827"}],"curies":[{"name":"wp","href":"https:\/\/api.w.org\/{rel}","templated":true}]}}