{"id":12817,"date":"2024-01-12T18:02:35","date_gmt":"2024-01-12T18:02:35","guid":{"rendered":"https:\/\/engagingsafetysolutions.com\/esp\/?post_type=product&#038;p=12817"},"modified":"2025-08-18T16:44:04","modified_gmt":"2025-08-18T16:44:04","slug":"seguridad-de-la-espalda-en-ambientes-de-construccion","status":"publish","type":"product","link":"https:\/\/engagingsafetysolutions.com\/esp\/product\/seguridad-de-la-espalda-en-ambientes-de-construccion\/","title":{"rendered":"Seguridad de la Espalda en Ambientes de Construcci\u00f3n"},"content":{"rendered":"<p>El programa de seguridad de la espalda en entornos de construcci\u00f3n analiza situaciones que pueden provocar lesiones en la espalda y lo que los empleados pueden hacer para evitarlas&#8230; tanto en el trabajo como en casa. M\u00e1s de un mill\u00f3n de lesiones de espalda ocurren en el lugar de trabajo cada a\u00f1o. No solo causan a los empleados un dolor de espalda significativo, sino que tambi\u00e9n resultan en d\u00edas perdidos en el trabajo, salarios perdidos y productividad reducida. Pero las lesiones de espalda se pueden evitar. El programa incluye informaci\u00f3n sobre la estructura de la espalda, las fuentes del dolor y las lesiones de espalda, la importancia de una buena postura, c\u00f3mo levantar objetos sin lesionarse la espalda, desarrollar h\u00e1bitos saludables para mantener la espalda libre de dolor y m\u00e1s.<\/p>\n","protected":false},"excerpt":{"rendered":"<p>El programa Back Safety in Construction Environment analiza las situaciones que pueden provocar lesiones en la espalda y lo que los empleados pueden hacer para evitarlas&#8230; tanto en el trabajo como en casa.<\/p>\n","protected":false},"featured_media":12823,"template":"","meta":{"_uag_custom_page_level_css":""},"product_brand":[],"product_cat":[32,52],"product_tag":[],"class_list":{"0":"post-12817","1":"product","2":"type-product","3":"status-publish","4":"has-post-thumbnail","6":"product_cat-usb","7":"product_cat-videos-en-demanda","9":"first","10":"instock","11":"taxable","12":"shipping-taxable","13":"purchasable","14":"product-type-variable","15":"has-default-attributes"},"aioseo_notices":[],"uagb_featured_image_src":{"full":["https:\/\/engagingsafetysolutions.com\/esp\/wp-content\/uploads\/cst_403_action_photo.jpg",1920,1080,false],"thumbnail":["https:\/\/engagingsafetysolutions.com\/esp\/wp-content\/uploads\/cst_403_action_photo-150x150.jpg",150,150,true],"medium":["https:\/\/engagingsafetysolutions.com\/esp\/wp-content\/uploads\/cst_403_action_photo-300x169.jpg",300,169,true],"medium_large":["https:\/\/engagingsafetysolutions.com\/esp\/wp-content\/uploads\/cst_403_action_photo-768x432.jpg",768,432,true],"large":["https:\/\/engagingsafetysolutions.com\/esp\/wp-content\/uploads\/cst_403_action_photo-1024x576.jpg",1024,576,true],"1536x1536":["https:\/\/engagingsafetysolutions.com\/esp\/wp-content\/uploads\/cst_403_action_photo-1536x864.jpg",1536,864,true],"2048x2048":["https:\/\/engagingsafetysolutions.com\/esp\/wp-content\/uploads\/cst_403_action_photo.jpg",1920,1080,false],"woocommerce_thumbnail":["https:\/\/engagingsafetysolutions.com\/esp\/wp-content\/uploads\/cst_403_action_photo-300x225.jpg",300,225,true],"woocommerce_single":["https:\/\/engagingsafetysolutions.com\/esp\/wp-content\/uploads\/cst_403_action_photo-640x360.jpg",640,360,true],"woocommerce_gallery_thumbnail":["https:\/\/engagingsafetysolutions.com\/esp\/wp-content\/uploads\/cst_403_action_photo-100x100.jpg",100,100,true],"dgwt-wcas-product-suggestion":["https:\/\/engagingsafetysolutions.com\/esp\/wp-content\/uploads\/cst_403_action_photo-64x36.jpg",64,36,true]},"uagb_author_info":{"display_name":"evagomez","author_link":"https:\/\/engagingsafetysolutions.com\/esp\/author\/"},"uagb_comment_info":0,"uagb_excerpt":"El programa Back Safety in Construction Environment analiza las situaciones que pueden provocar lesiones en la espalda y lo que los empleados pueden hacer para evitarlas... tanto en el trabajo como en casa.","_links":{"self":[{"href":"https:\/\/engagingsafetysolutions.com\/esp\/wp-json\/wp\/v2\/product\/12817","targetHints":{"allow":["GET"]}}],"collection":[{"href":"https:\/\/engagingsafetysolutions.com\/esp\/wp-json\/wp\/v2\/product"}],"about":[{"href":"https:\/\/engagingsafetysolutions.com\/esp\/wp-json\/wp\/v2\/types\/product"}],"version-history":[{"count":6,"href":"https:\/\/engagingsafetysolutions.com\/esp\/wp-json\/wp\/v2\/product\/12817\/revisions"}],"predecessor-version":[{"id":14832,"href":"https:\/\/engagingsafetysolutions.com\/esp\/wp-json\/wp\/v2\/product\/12817\/revisions\/14832"}],"wp:featuredmedia":[{"embeddable":true,"href":"https:\/\/engagingsafetysolutions.com\/esp\/wp-json\/wp\/v2\/media\/12823"}],"wp:attachment":[{"href":"https:\/\/engagingsafetysolutions.com\/esp\/wp-json\/wp\/v2\/media?parent=12817"}],"wp:term":[{"taxonomy":"product_brand","embeddable":true,"href":"https:\/\/engagingsafetysolutions.com\/esp\/wp-json\/wp\/v2\/product_brand?post=12817"},{"taxonomy":"product_cat","embeddable":true,"href":"https:\/\/engagingsafetysolutions.com\/esp\/wp-json\/wp\/v2\/product_cat?post=12817"},{"taxonomy":"product_tag","embeddable":true,"href":"https:\/\/engagingsafetysolutions.com\/esp\/wp-json\/wp\/v2\/product_tag?post=12817"}],"curies":[{"name":"wp","href":"https:\/\/api.w.org\/{rel}","templated":true}]}}