{"id":12710,"date":"2022-01-07T14:36:21","date_gmt":"2022-01-07T14:36:21","guid":{"rendered":"https:\/\/engagingsafetysolutions.com\/esp\/?post_type=product&#038;p=12710"},"modified":"2025-08-18T16:45:42","modified_gmt":"2025-08-18T16:45:42","slug":"regresar-al-trabajo-durante-la-pandemia-de-coronavirus-para-gerentes-y-supervisores","status":"publish","type":"product","link":"https:\/\/engagingsafetysolutions.com\/esp\/product\/regresar-al-trabajo-durante-la-pandemia-de-coronavirus-para-gerentes-y-supervisores\/","title":{"rendered":"Regresar al Trabajo Durante la Pandemia de Coronavirus para Gerentes y Supervisores"},"content":{"rendered":"<p>El curso interactivo el regreso al trabajo durante la pandemia de coronavirus&#8230; for Managers and Supervisors analiza los desaf\u00edos de regresar al trabajo y lo que los gerentes y supervisores pueden hacer para abordarlos. Desde la organizaci\u00f3n de horarios de trabajo pr\u00e1cticos hasta la implementaci\u00f3n de pol\u00edticas y pr\u00e1cticas seguras para COVID, regresar al lugar de trabajo durante la pandemia de coronavirus crea muchos desaf\u00edos nuevos para los gerentes y supervisores de una empresa. Las \u00e1reas cubiertas en el El curso incluyen la creaci\u00f3n de un plan, la realizaci\u00f3n de un &#8220;an\u00e1lisis de riesgos laborales&#8221;, la configuraci\u00f3n del lugar de trabajo, la preparaci\u00f3n de su gente y m\u00e1s. Utilizando una poderosa combinaci\u00f3n de audio, video de movimiento completo, texto y gr\u00e1ficos coloridos, este El curso proporciona la capacitaci\u00f3n en seguridad y cumplimiento normativo m\u00e1s rentable disponible en la actualidad. El El curso est\u00e1 dividido en una serie de secciones l\u00f3gicas para que la informaci\u00f3n se entienda f\u00e1cilmente&#8230; y retenido. Estos cursos se pueden instalar y ejecutar en cualquier sistema de gesti\u00f3n de aprendizaje (LMS) compatible con SCORM.<\/p>\n","protected":false},"excerpt":{"rendered":"<p>El curso interactivo el regreso al trabajo durante la pandemia de coronavirus&#8230; for Managers and Supervisors analiza los desaf\u00edos de regresar al trabajo y lo que los gerentes y supervisores pueden hacer para abordarlos. Desde la organizaci\u00f3n de horarios de trabajo pr\u00e1cticos hasta la implementaci\u00f3n de pol\u00edticas y pr\u00e1cticas seguras para COVID, regresar al lugar &hellip;<\/p>\n<p class=\"read-more\"> <a class=\"\" href=\"https:\/\/engagingsafetysolutions.com\/esp\/product\/regresar-al-trabajo-durante-la-pandemia-de-coronavirus-para-gerentes-y-supervisores\/\"> <span class=\"screen-reader-text\">Regresar al Trabajo Durante la Pandemia de Coronavirus para Gerentes y Supervisores<\/span> Read More &raquo;<\/a><\/p>\n","protected":false},"featured_media":13897,"template":"","meta":{"_uag_custom_page_level_css":""},"product_brand":[],"product_cat":[51,52],"product_tag":[],"class_list":{"0":"post-12710","1":"product","2":"type-product","3":"status-publish","4":"has-post-thumbnail","6":"product_cat-elearning","7":"product_cat-videos-en-demanda","9":"first","10":"instock","11":"taxable","12":"shipping-taxable","13":"purchasable","14":"product-type-variable","15":"has-default-attributes"},"aioseo_notices":[],"uagb_featured_image_src":{"full":["https:\/\/engagingsafetysolutions.com\/esp\/wp-content\/uploads\/vlcsnap-2020-10-30-14h26m30s000.png",1920,1080,false],"thumbnail":["https:\/\/engagingsafetysolutions.com\/esp\/wp-content\/uploads\/vlcsnap-2020-10-30-14h26m30s000-150x150.png",150,150,true],"medium":["https:\/\/engagingsafetysolutions.com\/esp\/wp-content\/uploads\/vlcsnap-2020-10-30-14h26m30s000-300x169.png",300,169,true],"medium_large":["https:\/\/engagingsafetysolutions.com\/esp\/wp-content\/uploads\/vlcsnap-2020-10-30-14h26m30s000-768x432.png",768,432,true],"large":["https:\/\/engagingsafetysolutions.com\/esp\/wp-content\/uploads\/vlcsnap-2020-10-30-14h26m30s000-1024x576.png",1024,576,true],"1536x1536":["https:\/\/engagingsafetysolutions.com\/esp\/wp-content\/uploads\/vlcsnap-2020-10-30-14h26m30s000-1536x864.png",1536,864,true],"2048x2048":["https:\/\/engagingsafetysolutions.com\/esp\/wp-content\/uploads\/vlcsnap-2020-10-30-14h26m30s000.png",1920,1080,false],"woocommerce_thumbnail":["https:\/\/engagingsafetysolutions.com\/esp\/wp-content\/uploads\/vlcsnap-2020-10-30-14h26m30s000-300x225.png",300,225,true],"woocommerce_single":["https:\/\/engagingsafetysolutions.com\/esp\/wp-content\/uploads\/vlcsnap-2020-10-30-14h26m30s000-640x360.png",640,360,true],"woocommerce_gallery_thumbnail":["https:\/\/engagingsafetysolutions.com\/esp\/wp-content\/uploads\/vlcsnap-2020-10-30-14h26m30s000-100x100.png",100,100,true],"dgwt-wcas-product-suggestion":["https:\/\/engagingsafetysolutions.com\/esp\/wp-content\/uploads\/vlcsnap-2020-10-30-14h26m30s000-64x36.png",64,36,true]},"uagb_author_info":{"display_name":"evagomez","author_link":"https:\/\/engagingsafetysolutions.com\/esp\/author\/"},"uagb_comment_info":0,"uagb_excerpt":"El curso interactivo el regreso al trabajo durante la pandemia de coronavirus&#8230; for Managers and Supervisors analiza los desaf\u00edos de regresar al trabajo y lo que los gerentes y supervisores pueden hacer para abordarlos. Desde la organizaci\u00f3n de horarios de trabajo pr\u00e1cticos hasta la implementaci\u00f3n de pol\u00edticas y pr\u00e1cticas seguras para COVID, regresar al lugar&hellip;","_links":{"self":[{"href":"https:\/\/engagingsafetysolutions.com\/esp\/wp-json\/wp\/v2\/product\/12710","targetHints":{"allow":["GET"]}}],"collection":[{"href":"https:\/\/engagingsafetysolutions.com\/esp\/wp-json\/wp\/v2\/product"}],"about":[{"href":"https:\/\/engagingsafetysolutions.com\/esp\/wp-json\/wp\/v2\/types\/product"}],"version-history":[{"count":5,"href":"https:\/\/engagingsafetysolutions.com\/esp\/wp-json\/wp\/v2\/product\/12710\/revisions"}],"predecessor-version":[{"id":14859,"href":"https:\/\/engagingsafetysolutions.com\/esp\/wp-json\/wp\/v2\/product\/12710\/revisions\/14859"}],"wp:featuredmedia":[{"embeddable":true,"href":"https:\/\/engagingsafetysolutions.com\/esp\/wp-json\/wp\/v2\/media\/13897"}],"wp:attachment":[{"href":"https:\/\/engagingsafetysolutions.com\/esp\/wp-json\/wp\/v2\/media?parent=12710"}],"wp:term":[{"taxonomy":"product_brand","embeddable":true,"href":"https:\/\/engagingsafetysolutions.com\/esp\/wp-json\/wp\/v2\/product_brand?post=12710"},{"taxonomy":"product_cat","embeddable":true,"href":"https:\/\/engagingsafetysolutions.com\/esp\/wp-json\/wp\/v2\/product_cat?post=12710"},{"taxonomy":"product_tag","embeddable":true,"href":"https:\/\/engagingsafetysolutions.com\/esp\/wp-json\/wp\/v2\/product_tag?post=12710"}],"curies":[{"name":"wp","href":"https:\/\/api.w.org\/{rel}","templated":true}]}}