{"id":12707,"date":"2022-01-07T14:32:31","date_gmt":"2022-01-07T14:32:31","guid":{"rendered":"https:\/\/engagingsafetysolutions.com\/esp\/?post_type=product&#038;p=12707"},"modified":"2025-08-18T16:45:42","modified_gmt":"2025-08-18T16:45:42","slug":"regresar-al-trabajo-durante-la-pandemia-de-coronavirus-para-empleados","status":"publish","type":"product","link":"https:\/\/engagingsafetysolutions.com\/esp\/product\/regresar-al-trabajo-durante-la-pandemia-de-coronavirus-para-empleados\/","title":{"rendered":"Regresar al Trabajo Durante la Pandemia de Coronavirus Para Empleados"},"content":{"rendered":"<p>El curso interactivo las reglas y el cumplimiento de HIPAA define los t\u00e9rminos de HIPAA, explica las regulaciones y discute lo que las entidades comerciales y los empleados en campos relacionados con la atenci\u00f3n m\u00e9dica deben hacer para cumplirlas. Para obtener atenci\u00f3n m\u00e9dica de calidad, las personas no deber\u00edan tener que sacrificar la privacidad o seguridad de su informaci\u00f3n m\u00e9dica personal. El conjunto de regulaciones conocido como &#8220;HIPAA&#8221; garantiza que los datos de los pacientes permanezcan privados, pero las leyes pueden parecer complejas y las sanciones por incumplimiento pueden ser costosas. Las \u00e1reas incluidas en el programa incluyen HIPAA e informaci\u00f3n m\u00e9dica protegida (PHI), entidades cubiertas, socios comerciales y subcontratistas, PHI y derechos de los pacientes, pautas para el uso y divulgaci\u00f3n de PHI, uso de PHI para marketing y recaudaci\u00f3n de fondos, requisitos de la Regla de seguridad de HIPAA, notificaci\u00f3n de incumplimiento y sanciones, y m\u00e1s. Utilizando una poderosa combinaci\u00f3n de audio, video de movimiento completo, texto y gr\u00e1ficos coloridos, este curso proporciona la capacitaci\u00f3n en seguridad y cumplimiento normativo m\u00e1s rentable disponible en la actualidad. El curso est\u00e1 dividido en una serie de secciones l\u00f3gicas para que la informaci\u00f3n se entienda f\u00e1cilmente&#8230; y retenido. Estos cursos se pueden instalar y ejecutar en cualquier sistema de gesti\u00f3n de aprendizaje (LMS) compatible con SCORM.<\/p>\n","protected":false},"excerpt":{"rendered":"<p>El curso interactivo las reglas y el cumplimiento de HIPAA define los t\u00e9rminos de HIPAA, explica las regulaciones y discute lo que las entidades comerciales y los empleados en campos relacionados con la atenci\u00f3n m\u00e9dica deben hacer para cumplirlas. Para obtener atenci\u00f3n m\u00e9dica de calidad, las personas no deber\u00edan tener que sacrificar la privacidad o &hellip;<\/p>\n<p class=\"read-more\"> <a class=\"\" href=\"https:\/\/engagingsafetysolutions.com\/esp\/product\/regresar-al-trabajo-durante-la-pandemia-de-coronavirus-para-empleados\/\"> <span class=\"screen-reader-text\">Regresar al Trabajo Durante la Pandemia de Coronavirus Para Empleados<\/span> Read More &raquo;<\/a><\/p>\n","protected":false},"featured_media":12708,"template":"","meta":{"_uag_custom_page_level_css":""},"product_brand":[],"product_cat":[68,51,32,52],"product_tag":[],"class_list":{"0":"post-12707","1":"product","2":"type-product","3":"status-publish","4":"has-post-thumbnail","6":"product_cat-dvd-2","7":"product_cat-elearning","8":"product_cat-usb","9":"product_cat-videos-en-demanda","11":"first","12":"instock","13":"taxable","14":"shipping-taxable","15":"purchasable","16":"product-type-variable","17":"has-default-attributes"},"aioseo_notices":[],"uagb_featured_image_src":{"full":["https:\/\/engagingsafetysolutions.com\/esp\/wp-content\/uploads\/Returning-to-Work-During-the-Coronavirus-Pandemic.jpg",949,525,false],"thumbnail":["https:\/\/engagingsafetysolutions.com\/esp\/wp-content\/uploads\/Returning-to-Work-During-the-Coronavirus-Pandemic-150x150.jpg",150,150,true],"medium":["https:\/\/engagingsafetysolutions.com\/esp\/wp-content\/uploads\/Returning-to-Work-During-the-Coronavirus-Pandemic-300x166.jpg",300,166,true],"medium_large":["https:\/\/engagingsafetysolutions.com\/esp\/wp-content\/uploads\/Returning-to-Work-During-the-Coronavirus-Pandemic-768x425.jpg",768,425,true],"large":["https:\/\/engagingsafetysolutions.com\/esp\/wp-content\/uploads\/Returning-to-Work-During-the-Coronavirus-Pandemic.jpg",949,525,false],"1536x1536":["https:\/\/engagingsafetysolutions.com\/esp\/wp-content\/uploads\/Returning-to-Work-During-the-Coronavirus-Pandemic.jpg",949,525,false],"2048x2048":["https:\/\/engagingsafetysolutions.com\/esp\/wp-content\/uploads\/Returning-to-Work-During-the-Coronavirus-Pandemic.jpg",949,525,false],"woocommerce_thumbnail":["https:\/\/engagingsafetysolutions.com\/esp\/wp-content\/uploads\/Returning-to-Work-During-the-Coronavirus-Pandemic-300x225.jpg",300,225,true],"woocommerce_single":["https:\/\/engagingsafetysolutions.com\/esp\/wp-content\/uploads\/Returning-to-Work-During-the-Coronavirus-Pandemic-640x354.jpg",640,354,true],"woocommerce_gallery_thumbnail":["https:\/\/engagingsafetysolutions.com\/esp\/wp-content\/uploads\/Returning-to-Work-During-the-Coronavirus-Pandemic-100x100.jpg",100,100,true],"dgwt-wcas-product-suggestion":["https:\/\/engagingsafetysolutions.com\/esp\/wp-content\/uploads\/Returning-to-Work-During-the-Coronavirus-Pandemic-64x35.jpg",64,35,true]},"uagb_author_info":{"display_name":"evagomez","author_link":"https:\/\/engagingsafetysolutions.com\/esp\/author\/"},"uagb_comment_info":0,"uagb_excerpt":"El curso interactivo las reglas y el cumplimiento de HIPAA define los t\u00e9rminos de HIPAA, explica las regulaciones y discute lo que las entidades comerciales y los empleados en campos relacionados con la atenci\u00f3n m\u00e9dica deben hacer para cumplirlas. Para obtener atenci\u00f3n m\u00e9dica de calidad, las personas no deber\u00edan tener que sacrificar la privacidad o&hellip;","_links":{"self":[{"href":"https:\/\/engagingsafetysolutions.com\/esp\/wp-json\/wp\/v2\/product\/12707","targetHints":{"allow":["GET"]}}],"collection":[{"href":"https:\/\/engagingsafetysolutions.com\/esp\/wp-json\/wp\/v2\/product"}],"about":[{"href":"https:\/\/engagingsafetysolutions.com\/esp\/wp-json\/wp\/v2\/types\/product"}],"version-history":[{"count":5,"href":"https:\/\/engagingsafetysolutions.com\/esp\/wp-json\/wp\/v2\/product\/12707\/revisions"}],"predecessor-version":[{"id":14858,"href":"https:\/\/engagingsafetysolutions.com\/esp\/wp-json\/wp\/v2\/product\/12707\/revisions\/14858"}],"wp:featuredmedia":[{"embeddable":true,"href":"https:\/\/engagingsafetysolutions.com\/esp\/wp-json\/wp\/v2\/media\/12708"}],"wp:attachment":[{"href":"https:\/\/engagingsafetysolutions.com\/esp\/wp-json\/wp\/v2\/media?parent=12707"}],"wp:term":[{"taxonomy":"product_brand","embeddable":true,"href":"https:\/\/engagingsafetysolutions.com\/esp\/wp-json\/wp\/v2\/product_brand?post=12707"},{"taxonomy":"product_cat","embeddable":true,"href":"https:\/\/engagingsafetysolutions.com\/esp\/wp-json\/wp\/v2\/product_cat?post=12707"},{"taxonomy":"product_tag","embeddable":true,"href":"https:\/\/engagingsafetysolutions.com\/esp\/wp-json\/wp\/v2\/product_tag?post=12707"}],"curies":[{"name":"wp","href":"https:\/\/api.w.org\/{rel}","templated":true}]}}