{"id":12698,"date":"2022-01-07T13:51:50","date_gmt":"2022-01-07T13:51:50","guid":{"rendered":"https:\/\/engagingsafetysolutions.com\/esp\/?post_type=product&#038;p=12698"},"modified":"2025-08-18T16:45:18","modified_gmt":"2025-08-18T16:45:18","slug":"seguridad-al-manejar-pacientes","status":"publish","type":"product","link":"https:\/\/engagingsafetysolutions.com\/esp\/product\/seguridad-al-manejar-pacientes\/","title":{"rendered":"Seguridad al Manejar Pacientes"},"content":{"rendered":"<p>El programa de seguridad en el manejo del paciente analiza los peligros que pueden estar asociados con las tareas de manejo del paciente y lo que los trabajadores de la salud pueden hacer para evitar que ocurran accidentes y lesiones mientras las realizan. El cuidado de pacientes en un entorno de atenci\u00f3n m\u00e9dica puede requerir que enfermeras, asistentes, camilleros y otros cuidadores levanten hasta cuatro mil libras durante un turno t\u00edpico. No es de extra\u00f1ar que tengan el doble de probabilidades de sufrir lesiones musculoesquel\u00e9ticas en el trabajo que los empleados de otras industrias. Pero estas lesiones no tienen por qu\u00e9 ocurrir. El programa incluye informaci\u00f3n sobre el manejo de pacientes y las lesiones de los cuidadores, algoritmos, evaluaci\u00f3n del paciente y mec\u00e1nica corporal, reposicionamiento de un paciente en la cama, realizaci\u00f3n de tareas de transferencia de pacientes de manera segura, dispositivos de elevaci\u00f3n mec\u00e1nica y m\u00e1s.<\/p>\n","protected":false},"excerpt":{"rendered":"<p>El Programa de Seguridad en el Manejo de Pacientes analiza los peligros que pueden estar asociados con las tareas de manejo de pacientes y lo que los trabajadores de la salud pueden hacer para evitar que ocurran accidentes y lesiones mientras las realizan. <\/p>\n","protected":false},"featured_media":13638,"template":"","meta":{"_uag_custom_page_level_css":""},"product_brand":[],"product_cat":[68,51,32,52],"product_tag":[],"class_list":{"0":"post-12698","1":"product","2":"type-product","3":"status-publish","4":"has-post-thumbnail","6":"product_cat-dvd-2","7":"product_cat-elearning","8":"product_cat-usb","9":"product_cat-videos-en-demanda","11":"first","12":"instock","13":"taxable","14":"shipping-taxable","15":"purchasable","16":"product-type-variable","17":"has-default-attributes"},"aioseo_notices":[],"uagb_featured_image_src":{"full":["https:\/\/engagingsafetysolutions.com\/esp\/wp-content\/uploads\/gss_372_action_photo.jpg",1920,1080,false],"thumbnail":["https:\/\/engagingsafetysolutions.com\/esp\/wp-content\/uploads\/gss_372_action_photo-150x150.jpg",150,150,true],"medium":["https:\/\/engagingsafetysolutions.com\/esp\/wp-content\/uploads\/gss_372_action_photo-300x169.jpg",300,169,true],"medium_large":["https:\/\/engagingsafetysolutions.com\/esp\/wp-content\/uploads\/gss_372_action_photo-768x432.jpg",768,432,true],"large":["https:\/\/engagingsafetysolutions.com\/esp\/wp-content\/uploads\/gss_372_action_photo-1024x576.jpg",1024,576,true],"1536x1536":["https:\/\/engagingsafetysolutions.com\/esp\/wp-content\/uploads\/gss_372_action_photo-1536x864.jpg",1536,864,true],"2048x2048":["https:\/\/engagingsafetysolutions.com\/esp\/wp-content\/uploads\/gss_372_action_photo.jpg",1920,1080,false],"woocommerce_thumbnail":["https:\/\/engagingsafetysolutions.com\/esp\/wp-content\/uploads\/gss_372_action_photo-300x225.jpg",300,225,true],"woocommerce_single":["https:\/\/engagingsafetysolutions.com\/esp\/wp-content\/uploads\/gss_372_action_photo-640x360.jpg",640,360,true],"woocommerce_gallery_thumbnail":["https:\/\/engagingsafetysolutions.com\/esp\/wp-content\/uploads\/gss_372_action_photo-100x100.jpg",100,100,true],"dgwt-wcas-product-suggestion":["https:\/\/engagingsafetysolutions.com\/esp\/wp-content\/uploads\/gss_372_action_photo-64x36.jpg",64,36,true]},"uagb_author_info":{"display_name":"evagomez","author_link":"https:\/\/engagingsafetysolutions.com\/esp\/author\/"},"uagb_comment_info":0,"uagb_excerpt":"El Programa de Seguridad en el Manejo de Pacientes analiza los peligros que pueden estar asociados con las tareas de manejo de pacientes y lo que los trabajadores de la salud pueden hacer para evitar que ocurran accidentes y lesiones mientras las realizan.","_links":{"self":[{"href":"https:\/\/engagingsafetysolutions.com\/esp\/wp-json\/wp\/v2\/product\/12698","targetHints":{"allow":["GET"]}}],"collection":[{"href":"https:\/\/engagingsafetysolutions.com\/esp\/wp-json\/wp\/v2\/product"}],"about":[{"href":"https:\/\/engagingsafetysolutions.com\/esp\/wp-json\/wp\/v2\/types\/product"}],"version-history":[{"count":5,"href":"https:\/\/engagingsafetysolutions.com\/esp\/wp-json\/wp\/v2\/product\/12698\/revisions"}],"predecessor-version":[{"id":14736,"href":"https:\/\/engagingsafetysolutions.com\/esp\/wp-json\/wp\/v2\/product\/12698\/revisions\/14736"}],"wp:featuredmedia":[{"embeddable":true,"href":"https:\/\/engagingsafetysolutions.com\/esp\/wp-json\/wp\/v2\/media\/13638"}],"wp:attachment":[{"href":"https:\/\/engagingsafetysolutions.com\/esp\/wp-json\/wp\/v2\/media?parent=12698"}],"wp:term":[{"taxonomy":"product_brand","embeddable":true,"href":"https:\/\/engagingsafetysolutions.com\/esp\/wp-json\/wp\/v2\/product_brand?post=12698"},{"taxonomy":"product_cat","embeddable":true,"href":"https:\/\/engagingsafetysolutions.com\/esp\/wp-json\/wp\/v2\/product_cat?post=12698"},{"taxonomy":"product_tag","embeddable":true,"href":"https:\/\/engagingsafetysolutions.com\/esp\/wp-json\/wp\/v2\/product_tag?post=12698"}],"curies":[{"name":"wp","href":"https:\/\/api.w.org\/{rel}","templated":true}]}}