{"id":12683,"date":"2022-01-06T21:36:56","date_gmt":"2022-01-06T21:36:56","guid":{"rendered":"https:\/\/engagingsafetysolutions.com\/esp\/?post_type=product&#038;p=12683"},"modified":"2025-08-18T16:46:05","modified_gmt":"2025-08-18T16:46:05","slug":"prevencion-del-acoso-sexual-y-otras-formas-de-acoso-para-empleados-de-california","status":"publish","type":"product","link":"https:\/\/engagingsafetysolutions.com\/esp\/product\/prevencion-del-acoso-sexual-y-otras-formas-de-acoso-para-empleados-de-california\/","title":{"rendered":"Prevenci\u00f3n del Acoso Sexual y Otras Formas de Acoso para Empleados de California"},"content":{"rendered":"<p>El programa sobre la prevenci\u00f3n del acoso sexual y otras formas de acoso para los empleados de California satisface los nuevos requisitos de capacitaci\u00f3n en California, ayuda a los empleados a reconocer el acoso sexual y otras formas de acoso y analiza c\u00f3mo lidiar con ellos. Ahora todos los empleados en el estado de California deben recibir capacitaci\u00f3n sobre c\u00f3mo prevenir el acoso sexual y otros tipos de acoso en el lugar de trabajo, no solo los gerentes y supervisores&#8230; y la primera fecha l\u00edmite de capacitaci\u00f3n, el 1 de enero de 2021, se acerca r\u00e1pidamente. Las \u00e1reas incluidas en el programa incluyen los tipos de acoso que los empleados pueden encontrar en el lugar de trabajo, por qu\u00e9 es importante tomar en serio los informes de acoso, los efectos que incluso el acoso sutil puede tener en sus v\u00edctimas, qu\u00e9 debe hacer un empleador si recibe un informe de acoso y m\u00e1s. Este programa\u00a0es una de las formas m\u00e1s efectivas y eficientes de obtener la capacitaci\u00f3n que necesitan los empleados, en un aula o individualmente a trav\u00e9s de su computadora de escritorio o tableta.<\/p>\n","protected":false},"excerpt":{"rendered":"<p>El programa sobre la prevenci\u00f3n del acoso sexual y otras formas de acoso para los empleados de California satisface los nuevos requisitos de capacitaci\u00f3n en California, ayuda a los empleados a reconocer el acoso sexual y otras formas de acoso y analiza c\u00f3mo lidiar con ellos.<\/p>\n","protected":false},"featured_media":13023,"template":"","meta":{"_uag_custom_page_level_css":""},"product_brand":[],"product_cat":[68,51,32,52],"product_tag":[],"class_list":{"0":"post-12683","1":"product","2":"type-product","3":"status-publish","4":"has-post-thumbnail","6":"product_cat-dvd-2","7":"product_cat-elearning","8":"product_cat-usb","9":"product_cat-videos-en-demanda","11":"first","12":"instock","13":"taxable","14":"shipping-taxable","15":"purchasable","16":"product-type-variable","17":"has-default-attributes"},"aioseo_notices":[],"uagb_featured_image_src":{"full":["https:\/\/engagingsafetysolutions.com\/esp\/wp-content\/uploads\/gen_386_action_photo.jpg",1920,1080,false],"thumbnail":["https:\/\/engagingsafetysolutions.com\/esp\/wp-content\/uploads\/gen_386_action_photo-150x150.jpg",150,150,true],"medium":["https:\/\/engagingsafetysolutions.com\/esp\/wp-content\/uploads\/gen_386_action_photo-300x169.jpg",300,169,true],"medium_large":["https:\/\/engagingsafetysolutions.com\/esp\/wp-content\/uploads\/gen_386_action_photo-768x432.jpg",768,432,true],"large":["https:\/\/engagingsafetysolutions.com\/esp\/wp-content\/uploads\/gen_386_action_photo-1024x576.jpg",1024,576,true],"1536x1536":["https:\/\/engagingsafetysolutions.com\/esp\/wp-content\/uploads\/gen_386_action_photo-1536x864.jpg",1536,864,true],"2048x2048":["https:\/\/engagingsafetysolutions.com\/esp\/wp-content\/uploads\/gen_386_action_photo.jpg",1920,1080,false],"woocommerce_thumbnail":["https:\/\/engagingsafetysolutions.com\/esp\/wp-content\/uploads\/gen_386_action_photo-300x225.jpg",300,225,true],"woocommerce_single":["https:\/\/engagingsafetysolutions.com\/esp\/wp-content\/uploads\/gen_386_action_photo-640x360.jpg",640,360,true],"woocommerce_gallery_thumbnail":["https:\/\/engagingsafetysolutions.com\/esp\/wp-content\/uploads\/gen_386_action_photo-100x100.jpg",100,100,true],"dgwt-wcas-product-suggestion":["https:\/\/engagingsafetysolutions.com\/esp\/wp-content\/uploads\/gen_386_action_photo-64x36.jpg",64,36,true]},"uagb_author_info":{"display_name":"evagomez","author_link":"https:\/\/engagingsafetysolutions.com\/esp\/author\/"},"uagb_comment_info":0,"uagb_excerpt":"El programa sobre la prevenci\u00f3n del acoso sexual y otras formas de acoso para los empleados de California satisface los nuevos requisitos de capacitaci\u00f3n en California, ayuda a los empleados a reconocer el acoso sexual y otras formas de acoso y analiza c\u00f3mo lidiar con ellos.","_links":{"self":[{"href":"https:\/\/engagingsafetysolutions.com\/esp\/wp-json\/wp\/v2\/product\/12683","targetHints":{"allow":["GET"]}}],"collection":[{"href":"https:\/\/engagingsafetysolutions.com\/esp\/wp-json\/wp\/v2\/product"}],"about":[{"href":"https:\/\/engagingsafetysolutions.com\/esp\/wp-json\/wp\/v2\/types\/product"}],"version-history":[{"count":5,"href":"https:\/\/engagingsafetysolutions.com\/esp\/wp-json\/wp\/v2\/product\/12683\/revisions"}],"predecessor-version":[{"id":14857,"href":"https:\/\/engagingsafetysolutions.com\/esp\/wp-json\/wp\/v2\/product\/12683\/revisions\/14857"}],"wp:featuredmedia":[{"embeddable":true,"href":"https:\/\/engagingsafetysolutions.com\/esp\/wp-json\/wp\/v2\/media\/13023"}],"wp:attachment":[{"href":"https:\/\/engagingsafetysolutions.com\/esp\/wp-json\/wp\/v2\/media?parent=12683"}],"wp:term":[{"taxonomy":"product_brand","embeddable":true,"href":"https:\/\/engagingsafetysolutions.com\/esp\/wp-json\/wp\/v2\/product_brand?post=12683"},{"taxonomy":"product_cat","embeddable":true,"href":"https:\/\/engagingsafetysolutions.com\/esp\/wp-json\/wp\/v2\/product_cat?post=12683"},{"taxonomy":"product_tag","embeddable":true,"href":"https:\/\/engagingsafetysolutions.com\/esp\/wp-json\/wp\/v2\/product_tag?post=12683"}],"curies":[{"name":"wp","href":"https:\/\/api.w.org\/{rel}","templated":true}]}}