{"id":12637,"date":"2021-02-14T01:00:22","date_gmt":"2021-02-14T01:00:22","guid":{"rendered":"https:\/\/engagingsafetysolutions.com\/esp\/?post_type=product&#038;p=12637"},"modified":"2025-08-18T16:44:44","modified_gmt":"2025-08-18T16:44:44","slug":"seguridad-de-las-gruas-en-entornos-industriales-y-de-construccion","status":"publish","type":"product","link":"https:\/\/engagingsafetysolutions.com\/esp\/product\/seguridad-de-las-gruas-en-entornos-industriales-y-de-construccion\/","title":{"rendered":"Seguridad de las Gr\u00faas en Entornos Industriales y de Construcci\u00f3n"},"content":{"rendered":"<p>El programa de seguridad de gr\u00faas en entornos industriales y de construcci\u00f3n revisa los peligros asociados con el trabajo con gr\u00faas, analiza las regulaciones federales que abordan estos peligros y analiza las pol\u00edticas y procedimientos que los empleados deben seguir para trabajar de manera segura con estas m\u00e1quinas. Las gr\u00faas proporcionan una potencia de elevaci\u00f3n que puede ser indispensable para las operaciones industriales y de construcci\u00f3n. Pero tambi\u00e9n pueden crear graves peligros para las personas que trabajan con ellos y a su alrededor. Seg\u00fan la Oficina de Estad\u00edsticas Laborales, los accidentes de gr\u00faas provocan miles de accidentes, lesiones y m\u00e1s de 70 muertes cada a\u00f1o&#8230; Pero no tienen por qu\u00e9 suceder. El programa incluye diferentes tipos de gr\u00faas, peligros de gr\u00faas y est\u00e1ndares de seguridad, realizaci\u00f3n de una inspecci\u00f3n de seguridad de gr\u00faas, preparaci\u00f3n de una gr\u00faa de pluma para un levantamiento, elevaci\u00f3n, movimiento y aterrizaje de una carga y m\u00e1s.<\/p>\n","protected":false},"excerpt":{"rendered":"<p>El programa de seguridad de gr\u00faas en entornos industriales y de construcci\u00f3n revisa los peligros asociados con el trabajo con gr\u00faas, analiza las regulaciones federales que abordan estos peligros y analiza las pol\u00edticas y procedimientos que los empleados deben seguir para trabajar de manera segura con estas m\u00e1quinas. <\/p>\n","protected":false},"featured_media":12506,"template":"","meta":{"_uag_custom_page_level_css":""},"product_brand":[],"product_cat":[68,51,32,52],"product_tag":[],"class_list":{"0":"post-12637","1":"product","2":"type-product","3":"status-publish","4":"has-post-thumbnail","6":"product_cat-dvd-2","7":"product_cat-elearning","8":"product_cat-usb","9":"product_cat-videos-en-demanda","11":"first","12":"instock","13":"sold-individually","14":"taxable","15":"shipping-taxable","16":"purchasable","17":"product-type-variable","18":"has-default-attributes"},"aioseo_notices":[],"uagb_featured_image_src":{"full":["https:\/\/engagingsafetysolutions.com\/esp\/wp-content\/uploads\/smk_315_action_photo.jpg",2048,1152,false],"thumbnail":["https:\/\/engagingsafetysolutions.com\/esp\/wp-content\/uploads\/smk_315_action_photo-150x150.jpg",150,150,true],"medium":["https:\/\/engagingsafetysolutions.com\/esp\/wp-content\/uploads\/smk_315_action_photo-300x169.jpg",300,169,true],"medium_large":["https:\/\/engagingsafetysolutions.com\/esp\/wp-content\/uploads\/smk_315_action_photo-768x432.jpg",768,432,true],"large":["https:\/\/engagingsafetysolutions.com\/esp\/wp-content\/uploads\/smk_315_action_photo-1024x576.jpg",1024,576,true],"1536x1536":["https:\/\/engagingsafetysolutions.com\/esp\/wp-content\/uploads\/smk_315_action_photo-1536x864.jpg",1536,864,true],"2048x2048":["https:\/\/engagingsafetysolutions.com\/esp\/wp-content\/uploads\/smk_315_action_photo.jpg",2048,1152,false],"woocommerce_thumbnail":["https:\/\/engagingsafetysolutions.com\/esp\/wp-content\/uploads\/smk_315_action_photo-300x225.jpg",300,225,true],"woocommerce_single":["https:\/\/engagingsafetysolutions.com\/esp\/wp-content\/uploads\/smk_315_action_photo-640x360.jpg",640,360,true],"woocommerce_gallery_thumbnail":["https:\/\/engagingsafetysolutions.com\/esp\/wp-content\/uploads\/smk_315_action_photo-100x100.jpg",100,100,true],"dgwt-wcas-product-suggestion":["https:\/\/engagingsafetysolutions.com\/esp\/wp-content\/uploads\/smk_315_action_photo-64x36.jpg",64,36,true]},"uagb_author_info":{"display_name":"evagomez","author_link":"https:\/\/engagingsafetysolutions.com\/esp\/author\/"},"uagb_comment_info":0,"uagb_excerpt":"El programa de seguridad de gr\u00faas en entornos industriales y de construcci\u00f3n revisa los peligros asociados con el trabajo con gr\u00faas, analiza las regulaciones federales que abordan estos peligros y analiza las pol\u00edticas y procedimientos que los empleados deben seguir para trabajar de manera segura con estas m\u00e1quinas.","_links":{"self":[{"href":"https:\/\/engagingsafetysolutions.com\/esp\/wp-json\/wp\/v2\/product\/12637","targetHints":{"allow":["GET"]}}],"collection":[{"href":"https:\/\/engagingsafetysolutions.com\/esp\/wp-json\/wp\/v2\/product"}],"about":[{"href":"https:\/\/engagingsafetysolutions.com\/esp\/wp-json\/wp\/v2\/types\/product"}],"version-history":[{"count":5,"href":"https:\/\/engagingsafetysolutions.com\/esp\/wp-json\/wp\/v2\/product\/12637\/revisions"}],"predecessor-version":[{"id":14731,"href":"https:\/\/engagingsafetysolutions.com\/esp\/wp-json\/wp\/v2\/product\/12637\/revisions\/14731"}],"wp:featuredmedia":[{"embeddable":true,"href":"https:\/\/engagingsafetysolutions.com\/esp\/wp-json\/wp\/v2\/media\/12506"}],"wp:attachment":[{"href":"https:\/\/engagingsafetysolutions.com\/esp\/wp-json\/wp\/v2\/media?parent=12637"}],"wp:term":[{"taxonomy":"product_brand","embeddable":true,"href":"https:\/\/engagingsafetysolutions.com\/esp\/wp-json\/wp\/v2\/product_brand?post=12637"},{"taxonomy":"product_cat","embeddable":true,"href":"https:\/\/engagingsafetysolutions.com\/esp\/wp-json\/wp\/v2\/product_cat?post=12637"},{"taxonomy":"product_tag","embeddable":true,"href":"https:\/\/engagingsafetysolutions.com\/esp\/wp-json\/wp\/v2\/product_tag?post=12637"}],"curies":[{"name":"wp","href":"https:\/\/api.w.org\/{rel}","templated":true}]}}