{"id":12629,"date":"2021-02-13T23:30:15","date_gmt":"2021-02-13T23:30:15","guid":{"rendered":"https:\/\/engagingsafetysolutions.com\/esp\/?post_type=product&#038;p=12629"},"modified":"2025-08-18T16:45:42","modified_gmt":"2025-08-18T16:45:42","slug":"seguridad-con-el-cableado-de-las-gruas-en-entornos-industriales-y-de-construction","status":"publish","type":"product","link":"https:\/\/engagingsafetysolutions.com\/esp\/product\/seguridad-con-el-cableado-de-las-gruas-en-entornos-industriales-y-de-construction\/","title":{"rendered":"Seguridad con el Cableado de las Gr\u00faas en Entornos Industriales y de Construcci\u00f3n"},"content":{"rendered":"<p>El programa Seguridad de aparejos en entornos industriales y de construcci\u00f3n revisa los peligros asociados con el aparejo y el movimiento de cargas, y analiza el equipo y las pr\u00e1cticas de trabajo seguras que los empleados deben usar para evitarlos. Las cargas que levantan las gr\u00faas pueden ser de todas las formas y tama\u00f1os, pero todas pueden causar serios problemas si se manipulan mal. Las cargas que se han montado incorrectamente pueden tirarse al suelo, comenzar a girar o balancearse fuera de control, todo lo cual crea peligros para cualquier cosa o persona cerca de ellas. El programa  incluye seguridad de aparejos y gr\u00faas, elecci\u00f3n de la eslinga adecuada para la carga, tipos de enganches y c\u00f3mo usarlos, se\u00f1ales manuales est\u00e1ndar, elevaci\u00f3n, movimiento y descenso de una carga de manera segura y m\u00e1s.<\/p>\n","protected":false},"excerpt":{"rendered":"<p>El programa de seguridad en entornos industriales y de construcci\u00f3n revisa los peligros asociados con el aparejo y el movimiento de cargas, y analiza el equipo y las pr\u00e1cticas de trabajo seguras que los empleados deben usar para evitarlos. <\/p>\n","protected":false},"featured_media":13869,"template":"","meta":{"_uag_custom_page_level_css":""},"product_brand":[],"product_cat":[68,51,32,52],"product_tag":[],"class_list":{"0":"post-12629","1":"product","2":"type-product","3":"status-publish","4":"has-post-thumbnail","6":"product_cat-dvd-2","7":"product_cat-elearning","8":"product_cat-usb","9":"product_cat-videos-en-demanda","11":"first","12":"instock","13":"sold-individually","14":"taxable","15":"shipping-taxable","16":"purchasable","17":"product-type-variable","18":"has-default-attributes"},"aioseo_notices":[],"uagb_featured_image_src":{"full":["https:\/\/engagingsafetysolutions.com\/esp\/wp-content\/uploads\/vlcsnap-2019-08-09-14h57m49s790.jpg",1920,1080,false],"thumbnail":["https:\/\/engagingsafetysolutions.com\/esp\/wp-content\/uploads\/vlcsnap-2019-08-09-14h57m49s790-150x150.jpg",150,150,true],"medium":["https:\/\/engagingsafetysolutions.com\/esp\/wp-content\/uploads\/vlcsnap-2019-08-09-14h57m49s790-300x169.jpg",300,169,true],"medium_large":["https:\/\/engagingsafetysolutions.com\/esp\/wp-content\/uploads\/vlcsnap-2019-08-09-14h57m49s790-768x432.jpg",768,432,true],"large":["https:\/\/engagingsafetysolutions.com\/esp\/wp-content\/uploads\/vlcsnap-2019-08-09-14h57m49s790-1024x576.jpg",1024,576,true],"1536x1536":["https:\/\/engagingsafetysolutions.com\/esp\/wp-content\/uploads\/vlcsnap-2019-08-09-14h57m49s790-1536x864.jpg",1536,864,true],"2048x2048":["https:\/\/engagingsafetysolutions.com\/esp\/wp-content\/uploads\/vlcsnap-2019-08-09-14h57m49s790.jpg",1920,1080,false],"woocommerce_thumbnail":["https:\/\/engagingsafetysolutions.com\/esp\/wp-content\/uploads\/vlcsnap-2019-08-09-14h57m49s790-300x225.jpg",300,225,true],"woocommerce_single":["https:\/\/engagingsafetysolutions.com\/esp\/wp-content\/uploads\/vlcsnap-2019-08-09-14h57m49s790-640x360.jpg",640,360,true],"woocommerce_gallery_thumbnail":["https:\/\/engagingsafetysolutions.com\/esp\/wp-content\/uploads\/vlcsnap-2019-08-09-14h57m49s790-100x100.jpg",100,100,true],"dgwt-wcas-product-suggestion":["https:\/\/engagingsafetysolutions.com\/esp\/wp-content\/uploads\/vlcsnap-2019-08-09-14h57m49s790-64x36.jpg",64,36,true]},"uagb_author_info":{"display_name":"evagomez","author_link":"https:\/\/engagingsafetysolutions.com\/esp\/author\/"},"uagb_comment_info":0,"uagb_excerpt":"El programa de seguridad en entornos industriales y de construcci\u00f3n revisa los peligros asociados con el aparejo y el movimiento de cargas, y analiza el equipo y las pr\u00e1cticas de trabajo seguras que los empleados deben usar para evitarlos.","_links":{"self":[{"href":"https:\/\/engagingsafetysolutions.com\/esp\/wp-json\/wp\/v2\/product\/12629","targetHints":{"allow":["GET"]}}],"collection":[{"href":"https:\/\/engagingsafetysolutions.com\/esp\/wp-json\/wp\/v2\/product"}],"about":[{"href":"https:\/\/engagingsafetysolutions.com\/esp\/wp-json\/wp\/v2\/types\/product"}],"version-history":[{"count":5,"href":"https:\/\/engagingsafetysolutions.com\/esp\/wp-json\/wp\/v2\/product\/12629\/revisions"}],"predecessor-version":[{"id":14730,"href":"https:\/\/engagingsafetysolutions.com\/esp\/wp-json\/wp\/v2\/product\/12629\/revisions\/14730"}],"wp:featuredmedia":[{"embeddable":true,"href":"https:\/\/engagingsafetysolutions.com\/esp\/wp-json\/wp\/v2\/media\/13869"}],"wp:attachment":[{"href":"https:\/\/engagingsafetysolutions.com\/esp\/wp-json\/wp\/v2\/media?parent=12629"}],"wp:term":[{"taxonomy":"product_brand","embeddable":true,"href":"https:\/\/engagingsafetysolutions.com\/esp\/wp-json\/wp\/v2\/product_brand?post=12629"},{"taxonomy":"product_cat","embeddable":true,"href":"https:\/\/engagingsafetysolutions.com\/esp\/wp-json\/wp\/v2\/product_cat?post=12629"},{"taxonomy":"product_tag","embeddable":true,"href":"https:\/\/engagingsafetysolutions.com\/esp\/wp-json\/wp\/v2\/product_tag?post=12629"}],"curies":[{"name":"wp","href":"https:\/\/api.w.org\/{rel}","templated":true}]}}