{"id":12193,"date":"2020-05-13T02:08:06","date_gmt":"2020-05-13T02:08:06","guid":{"rendered":"https:\/\/engagingsafetysolutions.com\/esp\/?post_type=product&#038;p=12193"},"modified":"2025-08-18T16:46:05","modified_gmt":"2025-08-18T16:46:05","slug":"coronavirus-protegerse-contra-el-covid-19","status":"publish","type":"product","link":"https:\/\/engagingsafetysolutions.com\/esp\/product\/coronavirus-protegerse-contra-el-covid-19\/","title":{"rendered":"Coronavirus: Protegerse Contra el COVID-19"},"content":{"rendered":"<p>El curso interactivo Coronavirus: Protegerse contra COVID-19 brinda a los empleados la informaci\u00f3n m\u00e1s reciente esta grave enfermedad &#8230; y les da la informaci\u00f3n que necesitan para mantenerse seguros a s\u00ed mismos y a sus seres queridos. Millones de personas en los EE. UU. han contra\u00eddo el coronavirus. Cientos de miles han muerto y miles m\u00e1s est\u00e1n experimentando efectos negativos para la salud a largo plazo a causa del virus. A medida que continuamos aprendiendo m\u00e1s el virus, es esencial compartir esta informaci\u00f3n con los empleados para mantener a todos informados los nuevos desarrollos y las posibles opciones de tratamiento. Las \u00e1reas cubiertas en el curso incluyen informaci\u00f3n qu\u00e9 es el coronavirus y c\u00f3mo se propaga, vacunaci\u00f3n, pruebas y rastreo de contactos, lavado de manos, disciplina t\u00e1ctil, distanciamiento social, etiqueta respiratoria, qu\u00e9 hacer si cree que se est\u00e1 enfermando, regresar al trabajo durante la pandemia y m\u00e1s. Utilizando una poderosa combinaci\u00f3n de audio, video de movimiento completo, texto y gr\u00e1ficos coloridos, este curso proporciona la capacitaci\u00f3n en seguridad y cumplimiento normativo m\u00e1s rentable disponible en la actualidad. El curso est\u00e1 dividido en una serie de secciones l\u00f3gicas para que la informaci\u00f3n se entienda f\u00e1cilmente&#8230; y retenido. Estos cursos se pueden instalar y ejecutar en cualquier sistema de gesti\u00f3n de aprendizaje (LMS) compatible con SCORM.<\/p>\n","protected":false},"excerpt":{"rendered":"<p>El curso interactivo Coronavirus: Protegerse contra COVID-19 brinda a los empleados la informaci\u00f3n m\u00e1s reciente esta grave enfermedad &#8230; y les da la informaci\u00f3n que necesitan para mantenerse seguros a s\u00ed mismos y a sus seres queridos. Millones de personas en los EE. UU. han contra\u00eddo el coronavirus. Cientos de miles han muerto y miles &hellip;<\/p>\n<p class=\"read-more\"> <a class=\"\" href=\"https:\/\/engagingsafetysolutions.com\/esp\/product\/coronavirus-protegerse-contra-el-covid-19\/\"> <span class=\"screen-reader-text\">Coronavirus: Protegerse Contra el COVID-19<\/span> Read More &raquo;<\/a><\/p>\n","protected":false},"featured_media":12655,"template":"","meta":{"_uag_custom_page_level_css":""},"product_brand":[],"product_cat":[51,52],"product_tag":[],"class_list":{"0":"post-12193","1":"product","2":"type-product","3":"status-publish","4":"has-post-thumbnail","6":"product_cat-elearning","7":"product_cat-videos-en-demanda","9":"first","10":"instock","11":"taxable","12":"shipping-taxable","13":"purchasable","14":"product-type-variable","15":"has-default-attributes"},"aioseo_notices":[],"uagb_featured_image_src":{"full":["https:\/\/engagingsafetysolutions.com\/esp\/wp-content\/uploads\/Corona-Virus-Image.jpg",1200,794,false],"thumbnail":["https:\/\/engagingsafetysolutions.com\/esp\/wp-content\/uploads\/Corona-Virus-Image-150x150.jpg",150,150,true],"medium":["https:\/\/engagingsafetysolutions.com\/esp\/wp-content\/uploads\/Corona-Virus-Image-300x199.jpg",300,199,true],"medium_large":["https:\/\/engagingsafetysolutions.com\/esp\/wp-content\/uploads\/Corona-Virus-Image-768x508.jpg",768,508,true],"large":["https:\/\/engagingsafetysolutions.com\/esp\/wp-content\/uploads\/Corona-Virus-Image-1024x678.jpg",1024,678,true],"1536x1536":["https:\/\/engagingsafetysolutions.com\/esp\/wp-content\/uploads\/Corona-Virus-Image.jpg",1200,794,false],"2048x2048":["https:\/\/engagingsafetysolutions.com\/esp\/wp-content\/uploads\/Corona-Virus-Image.jpg",1200,794,false],"woocommerce_thumbnail":["https:\/\/engagingsafetysolutions.com\/esp\/wp-content\/uploads\/Corona-Virus-Image-300x225.jpg",300,225,true],"woocommerce_single":["https:\/\/engagingsafetysolutions.com\/esp\/wp-content\/uploads\/Corona-Virus-Image-640x423.jpg",640,423,true],"woocommerce_gallery_thumbnail":["https:\/\/engagingsafetysolutions.com\/esp\/wp-content\/uploads\/Corona-Virus-Image-100x100.jpg",100,100,true],"dgwt-wcas-product-suggestion":["https:\/\/engagingsafetysolutions.com\/esp\/wp-content\/uploads\/Corona-Virus-Image-64x42.jpg",64,42,true]},"uagb_author_info":{"display_name":"evagomez","author_link":"https:\/\/engagingsafetysolutions.com\/esp\/author\/"},"uagb_comment_info":0,"uagb_excerpt":"El curso interactivo Coronavirus: Protegerse contra COVID-19 brinda a los empleados la informaci\u00f3n m\u00e1s reciente esta grave enfermedad &#8230; y les da la informaci\u00f3n que necesitan para mantenerse seguros a s\u00ed mismos y a sus seres queridos. Millones de personas en los EE. UU. han contra\u00eddo el coronavirus. Cientos de miles han muerto y miles&hellip;","_links":{"self":[{"href":"https:\/\/engagingsafetysolutions.com\/esp\/wp-json\/wp\/v2\/product\/12193","targetHints":{"allow":["GET"]}}],"collection":[{"href":"https:\/\/engagingsafetysolutions.com\/esp\/wp-json\/wp\/v2\/product"}],"about":[{"href":"https:\/\/engagingsafetysolutions.com\/esp\/wp-json\/wp\/v2\/types\/product"}],"version-history":[{"count":5,"href":"https:\/\/engagingsafetysolutions.com\/esp\/wp-json\/wp\/v2\/product\/12193\/revisions"}],"predecessor-version":[{"id":14856,"href":"https:\/\/engagingsafetysolutions.com\/esp\/wp-json\/wp\/v2\/product\/12193\/revisions\/14856"}],"wp:featuredmedia":[{"embeddable":true,"href":"https:\/\/engagingsafetysolutions.com\/esp\/wp-json\/wp\/v2\/media\/12655"}],"wp:attachment":[{"href":"https:\/\/engagingsafetysolutions.com\/esp\/wp-json\/wp\/v2\/media?parent=12193"}],"wp:term":[{"taxonomy":"product_brand","embeddable":true,"href":"https:\/\/engagingsafetysolutions.com\/esp\/wp-json\/wp\/v2\/product_brand?post=12193"},{"taxonomy":"product_cat","embeddable":true,"href":"https:\/\/engagingsafetysolutions.com\/esp\/wp-json\/wp\/v2\/product_cat?post=12193"},{"taxonomy":"product_tag","embeddable":true,"href":"https:\/\/engagingsafetysolutions.com\/esp\/wp-json\/wp\/v2\/product_tag?post=12193"}],"curies":[{"name":"wp","href":"https:\/\/api.w.org\/{rel}","templated":true}]}}