{"id":11750,"date":"2020-05-08T00:54:39","date_gmt":"2020-05-08T00:54:39","guid":{"rendered":"https:\/\/engagingsafetysolutions.com\/esp\/product\/hostigamiento-en-el-trabajo-en-la-oficina\/"},"modified":"2025-08-18T16:44:43","modified_gmt":"2025-08-18T16:44:43","slug":"hostigamiento-en-el-trabajo-en-la-oficina","status":"publish","type":"product","link":"https:\/\/engagingsafetysolutions.com\/esp\/product\/hostigamiento-en-el-trabajo-en-la-oficina\/","title":{"rendered":"Acoso En La Oficina"},"content":{"rendered":"<p>El programa Acoso en el lugar de trabajo en la oficina analiza qu\u00e9 es el acoso, por qu\u00e9 es perjudicial para todos, c\u00f3mo deben responder los empleados y qu\u00e9 pueden hacer para evitar que se convierta en violencia. El programa  incluye qu\u00e9 es el acoso, la discriminaci\u00f3n, el acoso sexual y la ley, c\u00f3mo responder al acoso, c\u00f3mo prevenir el acoso en el lugar de trabajo, c\u00f3mo Enfrentar con un acosador y m\u00e1s. Los empleados tienen derecho a ser tratados con respeto y dignidad mientras est\u00e1n en el trabajo. Pero cada a\u00f1o, decenas de millones de trabajadores estadounidenses informan que han experimentado alg\u00fan tipo de &#8220;acoso&#8221; en el trabajo. Este comportamiento ofensivo es malo para las personas y para los negocios. Tambi\u00e9n es ilegal. Y no tiene por qu\u00e9 suceder.<\/p>\n","protected":false},"excerpt":{"rendered":"<p>El programa Acoso en el lugar de trabajo en la oficina analiza qu\u00e9 es el acoso, por qu\u00e9 es perjudicial para todos, c\u00f3mo deben responder los empleados y qu\u00e9 pueden hacer para evitar que se convierta en violencia. <\/p>\n","protected":false},"featured_media":12519,"template":"","meta":{"_uag_custom_page_level_css":""},"product_brand":[],"product_cat":[68,51,32,52],"product_tag":[],"class_list":{"0":"post-11750","1":"product","2":"type-product","3":"status-publish","4":"has-post-thumbnail","6":"product_cat-dvd-2","7":"product_cat-elearning","8":"product_cat-usb","9":"product_cat-videos-en-demanda","11":"first","12":"instock","13":"taxable","14":"shipping-taxable","15":"purchasable","16":"product-type-variable","17":"has-default-attributes"},"aioseo_notices":[],"uagb_featured_image_src":{"full":["https:\/\/engagingsafetysolutions.com\/esp\/wp-content\/uploads\/smk_340_action_photo.jpg",2048,1152,false],"thumbnail":["https:\/\/engagingsafetysolutions.com\/esp\/wp-content\/uploads\/smk_340_action_photo-150x150.jpg",150,150,true],"medium":["https:\/\/engagingsafetysolutions.com\/esp\/wp-content\/uploads\/smk_340_action_photo-300x169.jpg",300,169,true],"medium_large":["https:\/\/engagingsafetysolutions.com\/esp\/wp-content\/uploads\/smk_340_action_photo-768x432.jpg",768,432,true],"large":["https:\/\/engagingsafetysolutions.com\/esp\/wp-content\/uploads\/smk_340_action_photo-1024x576.jpg",1024,576,true],"1536x1536":["https:\/\/engagingsafetysolutions.com\/esp\/wp-content\/uploads\/smk_340_action_photo-1536x864.jpg",1536,864,true],"2048x2048":["https:\/\/engagingsafetysolutions.com\/esp\/wp-content\/uploads\/smk_340_action_photo.jpg",2048,1152,false],"woocommerce_thumbnail":["https:\/\/engagingsafetysolutions.com\/esp\/wp-content\/uploads\/smk_340_action_photo-300x225.jpg",300,225,true],"woocommerce_single":["https:\/\/engagingsafetysolutions.com\/esp\/wp-content\/uploads\/smk_340_action_photo-640x360.jpg",640,360,true],"woocommerce_gallery_thumbnail":["https:\/\/engagingsafetysolutions.com\/esp\/wp-content\/uploads\/smk_340_action_photo-100x100.jpg",100,100,true],"dgwt-wcas-product-suggestion":["https:\/\/engagingsafetysolutions.com\/esp\/wp-content\/uploads\/smk_340_action_photo-64x36.jpg",64,36,true]},"uagb_author_info":{"display_name":"evagomez","author_link":"https:\/\/engagingsafetysolutions.com\/esp\/author\/"},"uagb_comment_info":0,"uagb_excerpt":"El programa Acoso en el lugar de trabajo en la oficina analiza qu\u00e9 es el acoso, por qu\u00e9 es perjudicial para todos, c\u00f3mo deben responder los empleados y qu\u00e9 pueden hacer para evitar que se convierta en violencia.","_links":{"self":[{"href":"https:\/\/engagingsafetysolutions.com\/esp\/wp-json\/wp\/v2\/product\/11750","targetHints":{"allow":["GET"]}}],"collection":[{"href":"https:\/\/engagingsafetysolutions.com\/esp\/wp-json\/wp\/v2\/product"}],"about":[{"href":"https:\/\/engagingsafetysolutions.com\/esp\/wp-json\/wp\/v2\/types\/product"}],"version-history":[{"count":4,"href":"https:\/\/engagingsafetysolutions.com\/esp\/wp-json\/wp\/v2\/product\/11750\/revisions"}],"predecessor-version":[{"id":14306,"href":"https:\/\/engagingsafetysolutions.com\/esp\/wp-json\/wp\/v2\/product\/11750\/revisions\/14306"}],"wp:featuredmedia":[{"embeddable":true,"href":"https:\/\/engagingsafetysolutions.com\/esp\/wp-json\/wp\/v2\/media\/12519"}],"wp:attachment":[{"href":"https:\/\/engagingsafetysolutions.com\/esp\/wp-json\/wp\/v2\/media?parent=11750"}],"wp:term":[{"taxonomy":"product_brand","embeddable":true,"href":"https:\/\/engagingsafetysolutions.com\/esp\/wp-json\/wp\/v2\/product_brand?post=11750"},{"taxonomy":"product_cat","embeddable":true,"href":"https:\/\/engagingsafetysolutions.com\/esp\/wp-json\/wp\/v2\/product_cat?post=11750"},{"taxonomy":"product_tag","embeddable":true,"href":"https:\/\/engagingsafetysolutions.com\/esp\/wp-json\/wp\/v2\/product_tag?post=11750"}],"curies":[{"name":"wp","href":"https:\/\/api.w.org\/{rel}","templated":true}]}}