{"id":11748,"date":"2020-05-08T00:54:38","date_gmt":"2020-05-08T00:54:38","guid":{"rendered":"https:\/\/engagingsafetysolutions.com\/esp\/product\/como-resolver-conflictos-en-plantas-industriales\/"},"modified":"2025-08-18T16:46:01","modified_gmt":"2025-08-18T16:46:01","slug":"como-resolver-conflictos-en-plantas-industriales","status":"publish","type":"product","link":"https:\/\/engagingsafetysolutions.com\/esp\/product\/como-resolver-conflictos-en-plantas-industriales\/","title":{"rendered":"Resoluci\u00f3n de Conflictos en Sedes Industriales"},"content":{"rendered":"<p>El programa Resoluci\u00f3n de conflictos en instalaciones industriales analiza los diferentes tipos de conflictos que puede encontrar en el trabajo, c\u00f3mo encontrar soluciones duraderas a los desacuerdos y qu\u00e9 hacer si el conflicto amenaza con salirse de control. En un lugar de trabajo, los conflictos que se manejan adecuadamente pueden ser una fuente de innovaci\u00f3n y cambio positivo&#8230; tanto para los empleados como para las empresas para las que trabajan. Pero cuando los conflictos no se resuelven, pueden aumentar los niveles de estr\u00e9s, interferir con los negocios e incluso conducir a la violencia f\u00edsica. El programa  incluye la comprensi\u00f3n de los conflictos en el lugar de trabajo, las respuestas que pueden empeorar las cosas, la resoluci\u00f3n de conflictos de manera efectiva, c\u00f3mo manejar una confrontaci\u00f3n y m\u00e1s.<\/p>\n","protected":false},"excerpt":{"rendered":"<p>El programa Resoluci\u00f3n de conflictos en instalaciones industriales analiza los diferentes tipos de conflictos que puede encontrar en el trabajo, c\u00f3mo encontrar soluciones duraderas a los desacuerdos y qu\u00e9 hacer si el conflicto amenaza con salirse de control. <\/p>\n","protected":false},"featured_media":12517,"template":"","meta":{"_uag_custom_page_level_css":""},"product_brand":[],"product_cat":[68,51,32,52],"product_tag":[],"class_list":{"0":"post-11748","1":"product","2":"type-product","3":"status-publish","4":"has-post-thumbnail","6":"product_cat-dvd-2","7":"product_cat-elearning","8":"product_cat-usb","9":"product_cat-videos-en-demanda","11":"first","12":"instock","13":"taxable","14":"shipping-taxable","15":"purchasable","16":"product-type-variable","17":"has-default-attributes"},"aioseo_notices":[],"uagb_featured_image_src":{"full":["https:\/\/engagingsafetysolutions.com\/esp\/wp-content\/uploads\/smk_337_action_photo.jpg",2048,1152,false],"thumbnail":["https:\/\/engagingsafetysolutions.com\/esp\/wp-content\/uploads\/smk_337_action_photo-150x150.jpg",150,150,true],"medium":["https:\/\/engagingsafetysolutions.com\/esp\/wp-content\/uploads\/smk_337_action_photo-300x169.jpg",300,169,true],"medium_large":["https:\/\/engagingsafetysolutions.com\/esp\/wp-content\/uploads\/smk_337_action_photo-768x432.jpg",768,432,true],"large":["https:\/\/engagingsafetysolutions.com\/esp\/wp-content\/uploads\/smk_337_action_photo-1024x576.jpg",1024,576,true],"1536x1536":["https:\/\/engagingsafetysolutions.com\/esp\/wp-content\/uploads\/smk_337_action_photo-1536x864.jpg",1536,864,true],"2048x2048":["https:\/\/engagingsafetysolutions.com\/esp\/wp-content\/uploads\/smk_337_action_photo.jpg",2048,1152,false],"woocommerce_thumbnail":["https:\/\/engagingsafetysolutions.com\/esp\/wp-content\/uploads\/smk_337_action_photo-300x225.jpg",300,225,true],"woocommerce_single":["https:\/\/engagingsafetysolutions.com\/esp\/wp-content\/uploads\/smk_337_action_photo-640x360.jpg",640,360,true],"woocommerce_gallery_thumbnail":["https:\/\/engagingsafetysolutions.com\/esp\/wp-content\/uploads\/smk_337_action_photo-100x100.jpg",100,100,true],"dgwt-wcas-product-suggestion":["https:\/\/engagingsafetysolutions.com\/esp\/wp-content\/uploads\/smk_337_action_photo-64x36.jpg",64,36,true]},"uagb_author_info":{"display_name":"evagomez","author_link":"https:\/\/engagingsafetysolutions.com\/esp\/author\/"},"uagb_comment_info":0,"uagb_excerpt":"El programa Resoluci\u00f3n de conflictos en instalaciones industriales analiza los diferentes tipos de conflictos que puede encontrar en el trabajo, c\u00f3mo encontrar soluciones duraderas a los desacuerdos y qu\u00e9 hacer si el conflicto amenaza con salirse de control.","_links":{"self":[{"href":"https:\/\/engagingsafetysolutions.com\/esp\/wp-json\/wp\/v2\/product\/11748","targetHints":{"allow":["GET"]}}],"collection":[{"href":"https:\/\/engagingsafetysolutions.com\/esp\/wp-json\/wp\/v2\/product"}],"about":[{"href":"https:\/\/engagingsafetysolutions.com\/esp\/wp-json\/wp\/v2\/types\/product"}],"version-history":[{"count":4,"href":"https:\/\/engagingsafetysolutions.com\/esp\/wp-json\/wp\/v2\/product\/11748\/revisions"}],"predecessor-version":[{"id":14723,"href":"https:\/\/engagingsafetysolutions.com\/esp\/wp-json\/wp\/v2\/product\/11748\/revisions\/14723"}],"wp:featuredmedia":[{"embeddable":true,"href":"https:\/\/engagingsafetysolutions.com\/esp\/wp-json\/wp\/v2\/media\/12517"}],"wp:attachment":[{"href":"https:\/\/engagingsafetysolutions.com\/esp\/wp-json\/wp\/v2\/media?parent=11748"}],"wp:term":[{"taxonomy":"product_brand","embeddable":true,"href":"https:\/\/engagingsafetysolutions.com\/esp\/wp-json\/wp\/v2\/product_brand?post=11748"},{"taxonomy":"product_cat","embeddable":true,"href":"https:\/\/engagingsafetysolutions.com\/esp\/wp-json\/wp\/v2\/product_cat?post=11748"},{"taxonomy":"product_tag","embeddable":true,"href":"https:\/\/engagingsafetysolutions.com\/esp\/wp-json\/wp\/v2\/product_tag?post=11748"}],"curies":[{"name":"wp","href":"https:\/\/api.w.org\/{rel}","templated":true}]}}