{"id":11746,"date":"2020-05-08T00:54:36","date_gmt":"2020-05-08T00:54:36","guid":{"rendered":"https:\/\/engagingsafetysolutions.com\/esp\/product\/osha-30-horas-equivalente-industria-general-elearning\/"},"modified":"2025-08-18T16:43:09","modified_gmt":"2025-08-18T16:43:09","slug":"osha-30-horas-equivalente-industria-general-elearning","status":"publish","type":"product","link":"https:\/\/engagingsafetysolutions.com\/esp\/product\/osha-30-horas-equivalente-industria-general-elearning\/","title":{"rendered":"OSHA 30-horas equivalente &#8211; Industria General eLearning"},"content":{"rendered":"","protected":false},"excerpt":{"rendered":"<p>El curr\u00edculos de capacitaci\u00f3n de OSHA 30-horas siempre han sido el est\u00e1ndar para la capacitaci\u00f3n en seguridad y cumplimiento normativo que los empleados deben tener para brindarles la base que necesitan en las \u00e1reas que OSHA considera m\u00e1s importantes. Ahora los empleadores tienen una alternativa al usar estos nuevos\u00a0 paquetes de capacitaci\u00f3n autorizados, econ\u00f3micos y equivalentes a OSHA.<\/p>\n<p>Esta biblioteca interactiva de capacitaci\u00f3n en l\u00ednea para la industria es equivalente a los curr\u00edculos de la industria de 30 horas de OSHA.<\/p>\n<p>Todos los temas est\u00e1n disponibles como cursos en l\u00ednea (SCORM) que se pueden tomar por Internet.<\/p>\n<p>Los empleados que completen el plan de estudios recibir\u00e1n una tarjeta de billetera que verifica que han sido capacitados en los temas que recomienda el plan de estudios de OSHA.<\/p>\n","protected":false},"featured_media":7628,"template":"","meta":{"_uag_custom_page_level_css":""},"product_brand":[],"product_cat":[57],"product_tag":[53,55],"class_list":{"0":"post-11746","1":"product","2":"type-product","3":"status-publish","4":"has-post-thumbnail","6":"product_cat-curso","7":"product_tag-elearning","8":"product_tag-osha-30-horas","10":"first","11":"instock","12":"taxable","13":"shipping-taxable","14":"purchasable","15":"product-type-simple"},"aioseo_notices":[],"uagb_featured_image_src":{"full":["https:\/\/engagingsafetysolutions.com\/esp\/wp-content\/uploads\/man-lifting-hot-metal-2880872.jpg",1280,853,false],"thumbnail":["https:\/\/engagingsafetysolutions.com\/esp\/wp-content\/uploads\/man-lifting-hot-metal-2880872-150x150.jpg",150,150,true],"medium":["https:\/\/engagingsafetysolutions.com\/esp\/wp-content\/uploads\/man-lifting-hot-metal-2880872-300x200.jpg",300,200,true],"medium_large":["https:\/\/engagingsafetysolutions.com\/esp\/wp-content\/uploads\/man-lifting-hot-metal-2880872-768x512.jpg",768,512,true],"large":["https:\/\/engagingsafetysolutions.com\/esp\/wp-content\/uploads\/man-lifting-hot-metal-2880872-1024x682.jpg",1024,682,true],"1536x1536":["https:\/\/engagingsafetysolutions.com\/esp\/wp-content\/uploads\/man-lifting-hot-metal-2880872.jpg",1280,853,false],"2048x2048":["https:\/\/engagingsafetysolutions.com\/esp\/wp-content\/uploads\/man-lifting-hot-metal-2880872.jpg",1280,853,false],"woocommerce_thumbnail":["https:\/\/engagingsafetysolutions.com\/esp\/wp-content\/uploads\/man-lifting-hot-metal-2880872-300x225.jpg",300,225,true],"woocommerce_single":["https:\/\/engagingsafetysolutions.com\/esp\/wp-content\/uploads\/man-lifting-hot-metal-2880872-640x427.jpg",640,427,true],"woocommerce_gallery_thumbnail":["https:\/\/engagingsafetysolutions.com\/esp\/wp-content\/uploads\/man-lifting-hot-metal-2880872-100x100.jpg",100,100,true],"dgwt-wcas-product-suggestion":["https:\/\/engagingsafetysolutions.com\/esp\/wp-content\/uploads\/man-lifting-hot-metal-2880872.jpg",64,43,false]},"uagb_author_info":{"display_name":"evagomez","author_link":"https:\/\/engagingsafetysolutions.com\/esp\/author\/"},"uagb_comment_info":0,"uagb_excerpt":"El curr\u00edculos de capacitaci\u00f3n de OSHA 30-horas siempre han sido el est\u00e1ndar para la capacitaci\u00f3n en seguridad y cumplimiento normativo que los empleados deben tener para brindarles la base que necesitan en las \u00e1reas que OSHA considera m\u00e1s importantes. Ahora los empleadores tienen una alternativa al usar estos nuevos\u00a0 paquetes de capacitaci\u00f3n autorizados, econ\u00f3micos y&hellip;","_links":{"self":[{"href":"https:\/\/engagingsafetysolutions.com\/esp\/wp-json\/wp\/v2\/product\/11746","targetHints":{"allow":["GET"]}}],"collection":[{"href":"https:\/\/engagingsafetysolutions.com\/esp\/wp-json\/wp\/v2\/product"}],"about":[{"href":"https:\/\/engagingsafetysolutions.com\/esp\/wp-json\/wp\/v2\/types\/product"}],"version-history":[{"count":0,"href":"https:\/\/engagingsafetysolutions.com\/esp\/wp-json\/wp\/v2\/product\/11746\/revisions"}],"wp:featuredmedia":[{"embeddable":true,"href":"https:\/\/engagingsafetysolutions.com\/esp\/wp-json\/wp\/v2\/media\/7628"}],"wp:attachment":[{"href":"https:\/\/engagingsafetysolutions.com\/esp\/wp-json\/wp\/v2\/media?parent=11746"}],"wp:term":[{"taxonomy":"product_brand","embeddable":true,"href":"https:\/\/engagingsafetysolutions.com\/esp\/wp-json\/wp\/v2\/product_brand?post=11746"},{"taxonomy":"product_cat","embeddable":true,"href":"https:\/\/engagingsafetysolutions.com\/esp\/wp-json\/wp\/v2\/product_cat?post=11746"},{"taxonomy":"product_tag","embeddable":true,"href":"https:\/\/engagingsafetysolutions.com\/esp\/wp-json\/wp\/v2\/product_tag?post=11746"}],"curies":[{"name":"wp","href":"https:\/\/api.w.org\/{rel}","templated":true}]}}