{"id":11723,"date":"2020-05-08T00:54:14","date_gmt":"2020-05-08T00:54:14","guid":{"rendered":"https:\/\/engagingsafetysolutions.com\/esp\/product\/orientation-de-seguridad-dvd\/"},"modified":"2025-08-18T16:45:00","modified_gmt":"2025-08-18T16:45:00","slug":"orientation-de-seguridad-dvd","status":"publish","type":"product","link":"https:\/\/engagingsafetysolutions.com\/esp\/product\/orientation-de-seguridad-dvd\/","title":{"rendered":"Orientaci\u00f3n de Seguridad Hazwoper"},"content":{"rendered":"<p>El Programa de orientaci\u00f3n de seguridad analiza los peligros comunes relacionados con el trabajo y las pr\u00e1cticas y equipos seguros que los empleados pueden usar para evitar lesiones. Cada a\u00f1o, los accidentes en el trabajo causan millones de lesiones dolorosas y, a veces, debilitantes, y cuestan a las empresas estadounidenses casi $ 90 mil millones de d\u00f3lares en facturas m\u00e9dicas, salarios perdidos y p\u00e9rdida de productividad. Pero la mayor\u00eda de estos incidentes se pueden prevenir. El programa incluye preparaci\u00f3n mental para el trabajo, limpieza de seguridad y prevenci\u00f3n de accidentes, equipo de protecci\u00f3n personal, pr\u00e1cticas de trabajo seguras, preparaci\u00f3n para emergencias y m\u00e1s.<\/p>\n","protected":false},"excerpt":{"rendered":"<p>El Programa de orientaci\u00f3n de seguridad analiza los peligros comunes relacionados con el trabajo y las pr\u00e1cticas y equipos seguros que los empleados pueden usar para evitar lesiones. <\/p>\n","protected":false},"featured_media":13671,"template":"","meta":{"_uag_custom_page_level_css":""},"product_brand":[],"product_cat":[68,32,52],"product_tag":[],"class_list":{"0":"post-11723","1":"product","2":"type-product","3":"status-publish","4":"has-post-thumbnail","6":"product_cat-dvd-2","7":"product_cat-usb","8":"product_cat-videos-en-demanda","10":"first","11":"instock","12":"sold-individually","13":"taxable","14":"shipping-taxable","15":"purchasable","16":"product-type-variable","17":"has-default-attributes"},"aioseo_notices":[],"uagb_featured_image_src":{"full":["https:\/\/engagingsafetysolutions.com\/esp\/wp-content\/uploads\/haz_184_safety-orientation.jpg",720,480,false],"thumbnail":["https:\/\/engagingsafetysolutions.com\/esp\/wp-content\/uploads\/haz_184_safety-orientation-150x150.jpg",150,150,true],"medium":["https:\/\/engagingsafetysolutions.com\/esp\/wp-content\/uploads\/haz_184_safety-orientation-300x200.jpg",300,200,true],"medium_large":["https:\/\/engagingsafetysolutions.com\/esp\/wp-content\/uploads\/haz_184_safety-orientation.jpg",720,480,false],"large":["https:\/\/engagingsafetysolutions.com\/esp\/wp-content\/uploads\/haz_184_safety-orientation.jpg",720,480,false],"1536x1536":["https:\/\/engagingsafetysolutions.com\/esp\/wp-content\/uploads\/haz_184_safety-orientation.jpg",720,480,false],"2048x2048":["https:\/\/engagingsafetysolutions.com\/esp\/wp-content\/uploads\/haz_184_safety-orientation.jpg",720,480,false],"woocommerce_thumbnail":["https:\/\/engagingsafetysolutions.com\/esp\/wp-content\/uploads\/haz_184_safety-orientation-300x225.jpg",300,225,true],"woocommerce_single":["https:\/\/engagingsafetysolutions.com\/esp\/wp-content\/uploads\/haz_184_safety-orientation-640x427.jpg",640,427,true],"woocommerce_gallery_thumbnail":["https:\/\/engagingsafetysolutions.com\/esp\/wp-content\/uploads\/haz_184_safety-orientation-100x100.jpg",100,100,true],"dgwt-wcas-product-suggestion":["https:\/\/engagingsafetysolutions.com\/esp\/wp-content\/uploads\/haz_184_safety-orientation-64x43.jpg",64,43,true]},"uagb_author_info":{"display_name":"evagomez","author_link":"https:\/\/engagingsafetysolutions.com\/esp\/author\/"},"uagb_comment_info":0,"uagb_excerpt":"El Programa de orientaci\u00f3n de seguridad analiza los peligros comunes relacionados con el trabajo y las pr\u00e1cticas y equipos seguros que los empleados pueden usar para evitar lesiones.","_links":{"self":[{"href":"https:\/\/engagingsafetysolutions.com\/esp\/wp-json\/wp\/v2\/product\/11723","targetHints":{"allow":["GET"]}}],"collection":[{"href":"https:\/\/engagingsafetysolutions.com\/esp\/wp-json\/wp\/v2\/product"}],"about":[{"href":"https:\/\/engagingsafetysolutions.com\/esp\/wp-json\/wp\/v2\/types\/product"}],"version-history":[{"count":5,"href":"https:\/\/engagingsafetysolutions.com\/esp\/wp-json\/wp\/v2\/product\/11723\/revisions"}],"predecessor-version":[{"id":14707,"href":"https:\/\/engagingsafetysolutions.com\/esp\/wp-json\/wp\/v2\/product\/11723\/revisions\/14707"}],"wp:featuredmedia":[{"embeddable":true,"href":"https:\/\/engagingsafetysolutions.com\/esp\/wp-json\/wp\/v2\/media\/13671"}],"wp:attachment":[{"href":"https:\/\/engagingsafetysolutions.com\/esp\/wp-json\/wp\/v2\/media?parent=11723"}],"wp:term":[{"taxonomy":"product_brand","embeddable":true,"href":"https:\/\/engagingsafetysolutions.com\/esp\/wp-json\/wp\/v2\/product_brand?post=11723"},{"taxonomy":"product_cat","embeddable":true,"href":"https:\/\/engagingsafetysolutions.com\/esp\/wp-json\/wp\/v2\/product_cat?post=11723"},{"taxonomy":"product_tag","embeddable":true,"href":"https:\/\/engagingsafetysolutions.com\/esp\/wp-json\/wp\/v2\/product_tag?post=11723"}],"curies":[{"name":"wp","href":"https:\/\/api.w.org\/{rel}","templated":true}]}}