{"id":11721,"date":"2020-05-08T00:54:13","date_gmt":"2020-05-08T00:54:13","guid":{"rendered":"https:\/\/engagingsafetysolutions.com\/esp\/product\/manipular-materiales-peligrosos-dvd\/"},"modified":"2025-08-18T16:45:36","modified_gmt":"2025-08-18T16:45:36","slug":"manipular-materiales-peligrosos-dvd","status":"publish","type":"product","link":"https:\/\/engagingsafetysolutions.com\/esp\/product\/manipular-materiales-peligrosos-dvd\/","title":{"rendered":"Manipular Materiales Peligrosos Hazwoper"},"content":{"rendered":"<p>El programa HAZWOPER de manejo de materiales peligrosos ayuda a las instalaciones a cumplir con los requisitos de capacitaci\u00f3n de los empleados de la regulaci\u00f3n HAZWOPER de OSHA (29 CFR 1910.120) e instruye a los empleados sobre c\u00f3mo trabajar de manera segura con los productos qu\u00edmicos que encuentran en sus trabajos. Los materiales y desechos peligrosos son parte de muchas situaciones de trabajo y se pueden encontrar en muchos tipos de sitios de trabajo. OSHA considera que es tan importante que los empleados sepan c\u00f3mo reconocer estas sustancias potencialmente peligrosas (as\u00ed como c\u00f3mo manipularlas y desecharlas adecuadamente) que han ordenado que cualquier persona que trabaje con estas sustancias reciba una capacitaci\u00f3n integral en esta \u00e1rea. En 1976, la Agencia de Protecci\u00f3n Ambiental de EE. UU. (EPA) emiti\u00f3 la Ley de Conservaci\u00f3n y Recuperaci\u00f3n de Recursos (RCRA) para regular el manejo de desechos peligrosos desde la cuna hasta la tumba. Desde entonces, le han seguido otras regulaciones, incluida la 29 CFR 1910.120 de OSHA, tambi\u00e9n conocida como HAZWOPER. Como parte de estas regulaciones, existen diferentes requisitos para la capacitaci\u00f3n de los empleados, seg\u00fan el nivel espec\u00edfico de participaci\u00f3n de un empleado con materiales peligrosos. Las \u00e1reas del programa incluyen peligros f\u00edsicos, inflamables y combustibles, explosivos y oxidantes, corrosivos e irritantes, sustancias t\u00f3xicas y carcin\u00f3genos, efectos agudos y cr\u00f3nicos para la salud, etiquetas de contenedores y SDS, respuesta a emergencias y procedimientos de derrames \/ fugas \/ accidentes, y m\u00e1s. El programa viene con una gu\u00eda completa para l\u00edderes, un formulario de programaci\u00f3n y asistencia reproducible, un cuestionario para empleados, un registro de capacitaci\u00f3n y un certificado de capacitaci\u00f3n. El programa se puede utilizar como base para aproximadamente dos horas de capacitaci\u00f3n en el aula.<\/p>\n","protected":false},"excerpt":{"rendered":"<p>Manejo de materiales peligrosos El programa HAZWOPER ayuda a las instalaciones a cumplir con los requisitos de capacitaci\u00f3n de los empleados de la regulaci\u00f3n HAZWOPER de OSHA (29 CFR 1910.120) e instruye a los empleados sobre c\u00f3mo trabajar de manera segura con los productos qu\u00edmicos que encuentran en sus trabajos. El programa viene con una gu\u00eda completa para l\u00edderes, un formulario de programaci\u00f3n y asistencia reproducible, un cuestionario para empleados, un registro de capacitaci\u00f3n y un certificado de capacitaci\u00f3n. El programa se puede utilizar como base para aproximadamente dos horas de capacitaci\u00f3n en el aula.<\/p>\n","protected":false},"featured_media":13843,"template":"","meta":{"_uag_custom_page_level_css":""},"product_brand":[],"product_cat":[68,32,52],"product_tag":[],"class_list":{"0":"post-11721","1":"product","2":"type-product","3":"status-publish","4":"has-post-thumbnail","6":"product_cat-dvd-2","7":"product_cat-usb","8":"product_cat-videos-en-demanda","10":"first","11":"instock","12":"sold-individually","13":"taxable","14":"shipping-taxable","15":"purchasable","16":"product-type-variable","17":"has-default-attributes"},"aioseo_notices":[],"uagb_featured_image_src":{"full":["https:\/\/engagingsafetysolutions.com\/esp\/wp-content\/uploads\/haz_180_handling-haz-mat-scaled.jpg",2560,1728,false],"thumbnail":["https:\/\/engagingsafetysolutions.com\/esp\/wp-content\/uploads\/haz_180_handling-haz-mat-150x150.jpg",150,150,true],"medium":["https:\/\/engagingsafetysolutions.com\/esp\/wp-content\/uploads\/haz_180_handling-haz-mat-300x203.jpg",300,203,true],"medium_large":["https:\/\/engagingsafetysolutions.com\/esp\/wp-content\/uploads\/haz_180_handling-haz-mat-768x518.jpg",768,518,true],"large":["https:\/\/engagingsafetysolutions.com\/esp\/wp-content\/uploads\/haz_180_handling-haz-mat-1024x691.jpg",1024,691,true],"1536x1536":["https:\/\/engagingsafetysolutions.com\/esp\/wp-content\/uploads\/haz_180_handling-haz-mat-1536x1037.jpg",1536,1037,true],"2048x2048":["https:\/\/engagingsafetysolutions.com\/esp\/wp-content\/uploads\/haz_180_handling-haz-mat-scaled.jpg",2048,1382,false],"woocommerce_thumbnail":["https:\/\/engagingsafetysolutions.com\/esp\/wp-content\/uploads\/haz_180_handling-haz-mat-scaled-300x225.jpg",300,225,true],"woocommerce_single":["https:\/\/engagingsafetysolutions.com\/esp\/wp-content\/uploads\/haz_180_handling-haz-mat-scaled.jpg",640,432,false],"woocommerce_gallery_thumbnail":["https:\/\/engagingsafetysolutions.com\/esp\/wp-content\/uploads\/haz_180_handling-haz-mat-scaled-100x100.jpg",100,100,true],"dgwt-wcas-product-suggestion":["https:\/\/engagingsafetysolutions.com\/esp\/wp-content\/uploads\/haz_180_handling-haz-mat-scaled.jpg",64,43,false]},"uagb_author_info":{"display_name":"evagomez","author_link":"https:\/\/engagingsafetysolutions.com\/esp\/author\/"},"uagb_comment_info":0,"uagb_excerpt":"Manejo de materiales peligrosos El programa HAZWOPER ayuda a las instalaciones a cumplir con los requisitos de capacitaci\u00f3n de los empleados de la regulaci\u00f3n HAZWOPER de OSHA (29 CFR 1910.120) e instruye a los empleados sobre c\u00f3mo trabajar de manera segura con los productos qu\u00edmicos que encuentran en sus trabajos. El programa viene con una&hellip;","_links":{"self":[{"href":"https:\/\/engagingsafetysolutions.com\/esp\/wp-json\/wp\/v2\/product\/11721","targetHints":{"allow":["GET"]}}],"collection":[{"href":"https:\/\/engagingsafetysolutions.com\/esp\/wp-json\/wp\/v2\/product"}],"about":[{"href":"https:\/\/engagingsafetysolutions.com\/esp\/wp-json\/wp\/v2\/types\/product"}],"version-history":[{"count":5,"href":"https:\/\/engagingsafetysolutions.com\/esp\/wp-json\/wp\/v2\/product\/11721\/revisions"}],"predecessor-version":[{"id":14705,"href":"https:\/\/engagingsafetysolutions.com\/esp\/wp-json\/wp\/v2\/product\/11721\/revisions\/14705"}],"wp:featuredmedia":[{"embeddable":true,"href":"https:\/\/engagingsafetysolutions.com\/esp\/wp-json\/wp\/v2\/media\/13843"}],"wp:attachment":[{"href":"https:\/\/engagingsafetysolutions.com\/esp\/wp-json\/wp\/v2\/media?parent=11721"}],"wp:term":[{"taxonomy":"product_brand","embeddable":true,"href":"https:\/\/engagingsafetysolutions.com\/esp\/wp-json\/wp\/v2\/product_brand?post=11721"},{"taxonomy":"product_cat","embeddable":true,"href":"https:\/\/engagingsafetysolutions.com\/esp\/wp-json\/wp\/v2\/product_cat?post=11721"},{"taxonomy":"product_tag","embeddable":true,"href":"https:\/\/engagingsafetysolutions.com\/esp\/wp-json\/wp\/v2\/product_tag?post=11721"}],"curies":[{"name":"wp","href":"https:\/\/api.w.org\/{rel}","templated":true}]}}