{"id":11720,"date":"2020-05-08T00:54:12","date_gmt":"2020-05-08T00:54:12","guid":{"rendered":"https:\/\/engagingsafetysolutions.com\/esp\/product\/seguridad-electrica-en-entornos-de-materiales-peligrosos-hazmat-dvd\/"},"modified":"2025-08-18T16:45:36","modified_gmt":"2025-08-18T16:45:36","slug":"seguridad-electrica-en-entornos-de-materiales-peligrosos-hazmat-dvd","status":"publish","type":"product","link":"https:\/\/engagingsafetysolutions.com\/esp\/product\/seguridad-electrica-en-entornos-de-materiales-peligrosos-hazmat-dvd\/","title":{"rendered":"Seguridad El\u00e9ctrica en Entornos de Materiales Peligrosos (HAZMAT)"},"content":{"rendered":"<p>El programa HAZWOPER de seguridad el\u00e9ctrica en entornos HAZMAT ayuda a las instalaciones a cumplir con los requisitos de capacitaci\u00f3n de los empleados de la regulaci\u00f3n HAZWOPER de OSHA (29 CFR 1910.120), y ayuda a los empleados a comprender los peligros de la energ\u00eda no controlada en entornos de materiales peligrosos y c\u00f3mo reducir o eliminar estos peligros potenciales. Los materiales y desechos peligrosos son parte de muchas situaciones de trabajo y se pueden encontrar en muchos tipos de sitios de trabajo. OSHA considera que es tan importante que los empleados sepan c\u00f3mo reconocer estas sustancias potencialmente peligrosas (as\u00ed como c\u00f3mo manipularlas y desecharlas adecuadamente) que han ordenado que cualquier persona que trabaje con estos materiales reciba una capacitaci\u00f3n integral en esta \u00e1rea. En 1976, la Agencia de Protecci\u00f3n Ambiental de EE. UU. (EPA) emiti\u00f3 la Ley de Conservaci\u00f3n y Recuperaci\u00f3n de Recursos (RCRA) para regular el manejo de desechos peligrosos desde la cuna hasta la tumba. Desde entonces, le han seguido otras regulaciones, incluida la 29 CFR 1910.120 de OSHA, tambi\u00e9n conocida como HAZWOPER. Como parte de estas regulaciones, existen diferentes requisitos para la capacitaci\u00f3n de los empleados, seg\u00fan el nivel espec\u00edfico de participaci\u00f3n de un empleado con materiales peligrosos. Las \u00e1reas cubiertas en el programa incluyen arcos, chispas y altas temperaturas, las tres clases HAZMAT del C\u00f3digo El\u00e9ctrico Nacional, controles de ingenier\u00eda, sistemas el\u00e9ctricos intr\u00ednsecamente seguros, aislamiento de maquinaria y pr\u00e1cticas de trabajo, purga, inserci\u00f3n y presurizaci\u00f3n, espacios confinados, fuentes el\u00e9ctricas no controladas y m\u00e1s. El programa viene con una gu\u00eda completa para l\u00edderes, un formulario de programaci\u00f3n y asistencia reproducible, un cuestionario para empleados, un registro de capacitaci\u00f3n y un certificado de capacitaci\u00f3n. Este programa se puede utilizar como base para aproximadamente dos horas de capacitaci\u00f3n en el aula.<\/p>\n","protected":false},"excerpt":{"rendered":"<p>Seguridad el\u00e9ctrica en entornos HAZMAT El programa HAZWOPER ayuda a las instalaciones a cumplir con los requisitos de capacitaci\u00f3n de los empleados de la regulaci\u00f3n HAZWOPER de OSHA (29 CFR 1910.120), y ayuda a los empleados a comprender los peligros de la energ\u00eda no controlada en entornos de materiales peligrosos y c\u00f3mo reducir o eliminar estos peligros potenciales. El programa viene con una gu\u00eda completa para l\u00edderes, un formulario de programaci\u00f3n y asistencia reproducible, un cuestionario para empleados, un registro de capacitaci\u00f3n y un certificado de capacitaci\u00f3n. Este programa se puede utilizar como base para aproximadamente dos horas de capacitaci\u00f3n en el aula.<\/p>\n","protected":false},"featured_media":13808,"template":"","meta":{"_uag_custom_page_level_css":""},"product_brand":[],"product_cat":[68,51,32,52],"product_tag":[],"class_list":{"0":"post-11720","1":"product","2":"type-product","3":"status-publish","4":"has-post-thumbnail","6":"product_cat-dvd-2","7":"product_cat-elearning","8":"product_cat-usb","9":"product_cat-videos-en-demanda","11":"first","12":"instock","13":"sold-individually","14":"taxable","15":"shipping-taxable","16":"purchasable","17":"product-type-variable","18":"has-default-attributes"},"aioseo_notices":[],"uagb_featured_image_src":{"full":["https:\/\/engagingsafetysolutions.com\/esp\/wp-content\/uploads\/haz_179_electrical.jpg",720,480,false],"thumbnail":["https:\/\/engagingsafetysolutions.com\/esp\/wp-content\/uploads\/haz_179_electrical-150x150.jpg",150,150,true],"medium":["https:\/\/engagingsafetysolutions.com\/esp\/wp-content\/uploads\/haz_179_electrical-300x200.jpg",300,200,true],"medium_large":["https:\/\/engagingsafetysolutions.com\/esp\/wp-content\/uploads\/haz_179_electrical.jpg",720,480,false],"large":["https:\/\/engagingsafetysolutions.com\/esp\/wp-content\/uploads\/haz_179_electrical.jpg",720,480,false],"1536x1536":["https:\/\/engagingsafetysolutions.com\/esp\/wp-content\/uploads\/haz_179_electrical.jpg",720,480,false],"2048x2048":["https:\/\/engagingsafetysolutions.com\/esp\/wp-content\/uploads\/haz_179_electrical.jpg",720,480,false],"woocommerce_thumbnail":["https:\/\/engagingsafetysolutions.com\/esp\/wp-content\/uploads\/haz_179_electrical-300x225.jpg",300,225,true],"woocommerce_single":["https:\/\/engagingsafetysolutions.com\/esp\/wp-content\/uploads\/haz_179_electrical-640x427.jpg",640,427,true],"woocommerce_gallery_thumbnail":["https:\/\/engagingsafetysolutions.com\/esp\/wp-content\/uploads\/haz_179_electrical-100x100.jpg",100,100,true],"dgwt-wcas-product-suggestion":["https:\/\/engagingsafetysolutions.com\/esp\/wp-content\/uploads\/haz_179_electrical-64x43.jpg",64,43,true]},"uagb_author_info":{"display_name":"evagomez","author_link":"https:\/\/engagingsafetysolutions.com\/esp\/author\/"},"uagb_comment_info":0,"uagb_excerpt":"Seguridad el\u00e9ctrica en entornos HAZMAT El programa HAZWOPER ayuda a las instalaciones a cumplir con los requisitos de capacitaci\u00f3n de los empleados de la regulaci\u00f3n HAZWOPER de OSHA (29 CFR 1910.120), y ayuda a los empleados a comprender los peligros de la energ\u00eda no controlada en entornos de materiales peligrosos y c\u00f3mo reducir o eliminar&hellip;","_links":{"self":[{"href":"https:\/\/engagingsafetysolutions.com\/esp\/wp-json\/wp\/v2\/product\/11720","targetHints":{"allow":["GET"]}}],"collection":[{"href":"https:\/\/engagingsafetysolutions.com\/esp\/wp-json\/wp\/v2\/product"}],"about":[{"href":"https:\/\/engagingsafetysolutions.com\/esp\/wp-json\/wp\/v2\/types\/product"}],"version-history":[{"count":6,"href":"https:\/\/engagingsafetysolutions.com\/esp\/wp-json\/wp\/v2\/product\/11720\/revisions"}],"predecessor-version":[{"id":14842,"href":"https:\/\/engagingsafetysolutions.com\/esp\/wp-json\/wp\/v2\/product\/11720\/revisions\/14842"}],"wp:featuredmedia":[{"embeddable":true,"href":"https:\/\/engagingsafetysolutions.com\/esp\/wp-json\/wp\/v2\/media\/13808"}],"wp:attachment":[{"href":"https:\/\/engagingsafetysolutions.com\/esp\/wp-json\/wp\/v2\/media?parent=11720"}],"wp:term":[{"taxonomy":"product_brand","embeddable":true,"href":"https:\/\/engagingsafetysolutions.com\/esp\/wp-json\/wp\/v2\/product_brand?post=11720"},{"taxonomy":"product_cat","embeddable":true,"href":"https:\/\/engagingsafetysolutions.com\/esp\/wp-json\/wp\/v2\/product_cat?post=11720"},{"taxonomy":"product_tag","embeddable":true,"href":"https:\/\/engagingsafetysolutions.com\/esp\/wp-json\/wp\/v2\/product_tag?post=11720"}],"curies":[{"name":"wp","href":"https:\/\/api.w.org\/{rel}","templated":true}]}}