{"id":11703,"date":"2020-05-08T00:53:56","date_gmt":"2020-05-08T00:53:56","guid":{"rendered":"https:\/\/engagingsafetysolutions.com\/esp\/product\/seguridad-con-andamiajes-suspendidos-en-ambientes-de-construccion\/"},"modified":"2025-08-18T16:46:01","modified_gmt":"2025-08-18T16:46:01","slug":"seguridad-con-andamiajes-suspendidos-en-ambientes-de-construccion","status":"publish","type":"product","link":"https:\/\/engagingsafetysolutions.com\/esp\/product\/seguridad-con-andamiajes-suspendidos-en-ambientes-de-construccion\/","title":{"rendered":"Seguridad con Andamiajes Suspendidos en Ambientes de Construcci\u00f3n"},"content":{"rendered":"<p>El Programa de Seguridad de Andamios Suspendidos en Entornos de Construcci\u00f3n ayuda a las instalaciones de todo tipo a cumplir con la regulaci\u00f3n de andamios de OSHA (29 CFR 1926.451), y ayuda a los empleados a comprender los peligros de trabajar con andamios y c\u00f3mo estos riesgos se pueden minimizar al conocer las formas correctas de erigir, mantener y usar equipos de andamios. Cada vez que un trabajador abandona el suelo, el riesgo de que ocurra un accidente aumenta dr\u00e1sticamente. Con m\u00e1s de 10,000 lesiones relacionadas con andamios reportadas cada a\u00f1o, OSHA ha ordenado que los trabajadores reciban capacitaci\u00f3n sobre c\u00f3mo erigir y usar estas plataformas de trabajo de manera segura. Este programa ayudar\u00e1 a los empleadores a cumplir con los requisitos de capacitaci\u00f3n de la regulaci\u00f3n de andamios de OSHA. Las \u00e1reas cubiertas incluyen responsabilidades de un experto en andamios, plataformas y tablones, el peligro de las l\u00edneas el\u00e9ctricas, peligros de la plataforma, sistemas personales de detenci\u00f3n de ca\u00eddas, protecci\u00f3n contra la ca\u00edda de objetos y m\u00e1s. El programa viene con una gu\u00eda completa para l\u00edderes, un formulario de programaci\u00f3n y asistencia reproducible, un cuestionario para empleados, un registro de capacitaci\u00f3n y un certificado de capacitaci\u00f3n.<\/p>\n","protected":false},"excerpt":{"rendered":"<p>El Programa de Seguridad de Andamios Suspendidos en Entornos de Construcci\u00f3n ayuda a las instalaciones de todo tipo a cumplir con la regulaci\u00f3n de andamios de OSHA (29 CFR 1926.451), y ayuda a los empleados a comprender los peligros de trabajar con andamios y c\u00f3mo estos riesgos se pueden minimizar al conocer las formas correctas de erigir, mantener y usar equipos de andamios. El programa viene con una gu\u00eda completa para l\u00edderes, un formulario de programaci\u00f3n y asistencia reproducible, un cuestionario para empleados, un registro de capacitaci\u00f3n y un certificado de capacitaci\u00f3n.<\/p>\n","protected":false},"featured_media":12443,"template":"","meta":{"_uag_custom_page_level_css":""},"product_brand":[],"product_cat":[68,51,32,52],"product_tag":[],"class_list":{"0":"post-11703","1":"product","2":"type-product","3":"status-publish","4":"has-post-thumbnail","6":"product_cat-dvd-2","7":"product_cat-elearning","8":"product_cat-usb","9":"product_cat-videos-en-demanda","11":"first","12":"instock","13":"sold-individually","14":"taxable","15":"shipping-taxable","16":"purchasable","17":"product-type-variable","18":"has-default-attributes"},"aioseo_notices":[],"uagb_featured_image_src":{"full":["https:\/\/engagingsafetysolutions.com\/esp\/wp-content\/uploads\/con_075_action_photo.jpg",700,533,false],"thumbnail":["https:\/\/engagingsafetysolutions.com\/esp\/wp-content\/uploads\/con_075_action_photo-150x150.jpg",150,150,true],"medium":["https:\/\/engagingsafetysolutions.com\/esp\/wp-content\/uploads\/con_075_action_photo-300x228.jpg",300,228,true],"medium_large":["https:\/\/engagingsafetysolutions.com\/esp\/wp-content\/uploads\/con_075_action_photo.jpg",700,533,false],"large":["https:\/\/engagingsafetysolutions.com\/esp\/wp-content\/uploads\/con_075_action_photo.jpg",700,533,false],"1536x1536":["https:\/\/engagingsafetysolutions.com\/esp\/wp-content\/uploads\/con_075_action_photo.jpg",700,533,false],"2048x2048":["https:\/\/engagingsafetysolutions.com\/esp\/wp-content\/uploads\/con_075_action_photo.jpg",700,533,false],"woocommerce_thumbnail":["https:\/\/engagingsafetysolutions.com\/esp\/wp-content\/uploads\/con_075_action_photo-300x225.jpg",300,225,true],"woocommerce_single":["https:\/\/engagingsafetysolutions.com\/esp\/wp-content\/uploads\/con_075_action_photo-640x487.jpg",640,487,true],"woocommerce_gallery_thumbnail":["https:\/\/engagingsafetysolutions.com\/esp\/wp-content\/uploads\/con_075_action_photo-100x100.jpg",100,100,true],"dgwt-wcas-product-suggestion":["https:\/\/engagingsafetysolutions.com\/esp\/wp-content\/uploads\/con_075_action_photo-64x49.jpg",64,49,true]},"uagb_author_info":{"display_name":"evagomez","author_link":"https:\/\/engagingsafetysolutions.com\/esp\/author\/"},"uagb_comment_info":0,"uagb_excerpt":"El Programa de Seguridad de Andamios Suspendidos en Entornos de Construcci\u00f3n ayuda a las instalaciones de todo tipo a cumplir con la regulaci\u00f3n de andamios de OSHA (29 CFR 1926.451), y ayuda a los empleados a comprender los peligros de trabajar con andamios y c\u00f3mo estos riesgos se pueden minimizar al conocer las formas correctas&hellip;","_links":{"self":[{"href":"https:\/\/engagingsafetysolutions.com\/esp\/wp-json\/wp\/v2\/product\/11703","targetHints":{"allow":["GET"]}}],"collection":[{"href":"https:\/\/engagingsafetysolutions.com\/esp\/wp-json\/wp\/v2\/product"}],"about":[{"href":"https:\/\/engagingsafetysolutions.com\/esp\/wp-json\/wp\/v2\/types\/product"}],"version-history":[{"count":5,"href":"https:\/\/engagingsafetysolutions.com\/esp\/wp-json\/wp\/v2\/product\/11703\/revisions"}],"predecessor-version":[{"id":14696,"href":"https:\/\/engagingsafetysolutions.com\/esp\/wp-json\/wp\/v2\/product\/11703\/revisions\/14696"}],"wp:featuredmedia":[{"embeddable":true,"href":"https:\/\/engagingsafetysolutions.com\/esp\/wp-json\/wp\/v2\/media\/12443"}],"wp:attachment":[{"href":"https:\/\/engagingsafetysolutions.com\/esp\/wp-json\/wp\/v2\/media?parent=11703"}],"wp:term":[{"taxonomy":"product_brand","embeddable":true,"href":"https:\/\/engagingsafetysolutions.com\/esp\/wp-json\/wp\/v2\/product_brand?post=11703"},{"taxonomy":"product_cat","embeddable":true,"href":"https:\/\/engagingsafetysolutions.com\/esp\/wp-json\/wp\/v2\/product_cat?post=11703"},{"taxonomy":"product_tag","embeddable":true,"href":"https:\/\/engagingsafetysolutions.com\/esp\/wp-json\/wp\/v2\/product_tag?post=11703"}],"curies":[{"name":"wp","href":"https:\/\/api.w.org\/{rel}","templated":true}]}}