{"id":11699,"date":"2020-05-08T00:53:53","date_gmt":"2020-05-08T00:53:53","guid":{"rendered":"https:\/\/engagingsafetysolutions.com\/esp\/product\/violencia-en-el-lugar-de-trabajo-en-centros-de-salud\/"},"modified":"2025-08-18T16:46:05","modified_gmt":"2025-08-18T16:46:05","slug":"violencia-en-el-lugar-de-trabajo-en-centros-de-salud","status":"publish","type":"product","link":"https:\/\/engagingsafetysolutions.com\/esp\/product\/violencia-en-el-lugar-de-trabajo-en-centros-de-salud\/","title":{"rendered":"Violencia en el Lugar de Trabajo en Ambientes de Salud"},"content":{"rendered":"<p>El programa Violencia en el lugar de trabajo en entornos de atenci\u00f3n m\u00e9dica aborda los desaf\u00edos \u00fanicos de la violencia en el lugar de trabajo y las pautas regulatorias de la industria de la salud. Analiza c\u00f3mo identificar, manejar y prevenir incidentes de violencia en hospitales, centros de atenci\u00f3n de urgencia y otros entornos m\u00e9dicos&#8230; y las regulaciones vigentes para proteger a los trabajadores de la salud de situaciones violentas. Algunas personas creen que una &#8220;cierta cantidad de conflicto&#8221; en el trabajo es normal. Pero con demasiada frecuencia, las discusiones pueden convertirse en insultos, desaf\u00edos y amenazas. A veces, estos conflictos pueden incluso volverse f\u00edsicos y provocar lesiones graves&#8230; incluso la muerte. Todas estas situaciones son ejemplos de &#8220;violencia en el lugar de trabajo&#8221;&#8230; y pueden ocurrir en cualquier entorno laboral. Si lo hacen, puede ser estresante, malo para la moral y francamente peligroso. Entonces, \u00bfcu\u00e1nto conflicto es demasiado? \u00bfY d\u00f3nde trazamos la l\u00ednea? El programa incluye informaci\u00f3n sobre la definici\u00f3n de violencia en los centros de atenci\u00f3n m\u00e9dica, las Pautas de OSHA para prevenir la violencia en entornos de atenci\u00f3n m\u00e9dica, los requisitos de JCAHO para abordar la violencia en los centros de atenci\u00f3n m\u00e9dica, identificar y controlar el potencial de violencia en entornos de atenci\u00f3n m\u00e9dica, educaci\u00f3n y capacitaci\u00f3n sobre violencia en el lugar de trabajo para empleados de atenci\u00f3n m\u00e9dica, c\u00f3mo responder a incidentes de violencia en su instalaci\u00f3n y m\u00e1s..<\/p>\n","protected":false},"excerpt":{"rendered":"<p>El programa Violencia en el lugar de trabajo en entornos de atenci\u00f3n m\u00e9dica aborda los desaf\u00edos \u00fanicos de la violencia en el lugar de trabajo y las pautas regulatorias de la industria de la salud. Analiza c\u00f3mo identificar, manejar y prevenir incidentes de violencia en hospitales, centros de atenci\u00f3n de urgencia y otros entornos m\u00e9dicos&#8230; y las regulaciones vigentes para proteger a los trabajadores de la salud de situaciones violentas. <\/p>\n","protected":false},"featured_media":12215,"template":"","meta":{"_uag_custom_page_level_css":""},"product_brand":[],"product_cat":[68,51,32,52],"product_tag":[],"class_list":{"0":"post-11699","1":"product","2":"type-product","3":"status-publish","4":"has-post-thumbnail","6":"product_cat-dvd-2","7":"product_cat-elearning","8":"product_cat-usb","9":"product_cat-videos-en-demanda","11":"first","12":"instock","13":"sold-individually","14":"taxable","15":"shipping-taxable","16":"purchasable","17":"product-type-variable","18":"has-default-attributes"},"aioseo_notices":[],"uagb_featured_image_src":{"full":["https:\/\/engagingsafetysolutions.com\/esp\/wp-content\/uploads\/smk_299_action_photo.jpg",1920,1080,false],"thumbnail":["https:\/\/engagingsafetysolutions.com\/esp\/wp-content\/uploads\/smk_299_action_photo-150x150.jpg",150,150,true],"medium":["https:\/\/engagingsafetysolutions.com\/esp\/wp-content\/uploads\/smk_299_action_photo-300x169.jpg",300,169,true],"medium_large":["https:\/\/engagingsafetysolutions.com\/esp\/wp-content\/uploads\/smk_299_action_photo-768x432.jpg",768,432,true],"large":["https:\/\/engagingsafetysolutions.com\/esp\/wp-content\/uploads\/smk_299_action_photo-1024x576.jpg",1024,576,true],"1536x1536":["https:\/\/engagingsafetysolutions.com\/esp\/wp-content\/uploads\/smk_299_action_photo-1536x864.jpg",1536,864,true],"2048x2048":["https:\/\/engagingsafetysolutions.com\/esp\/wp-content\/uploads\/smk_299_action_photo.jpg",1920,1080,false],"woocommerce_thumbnail":["https:\/\/engagingsafetysolutions.com\/esp\/wp-content\/uploads\/smk_299_action_photo-300x225.jpg",300,225,true],"woocommerce_single":["https:\/\/engagingsafetysolutions.com\/esp\/wp-content\/uploads\/smk_299_action_photo-640x360.jpg",640,360,true],"woocommerce_gallery_thumbnail":["https:\/\/engagingsafetysolutions.com\/esp\/wp-content\/uploads\/smk_299_action_photo-100x100.jpg",100,100,true],"dgwt-wcas-product-suggestion":["https:\/\/engagingsafetysolutions.com\/esp\/wp-content\/uploads\/smk_299_action_photo.jpg",64,36,false]},"uagb_author_info":{"display_name":"evagomez","author_link":"https:\/\/engagingsafetysolutions.com\/esp\/author\/"},"uagb_comment_info":0,"uagb_excerpt":"El programa Violencia en el lugar de trabajo en entornos de atenci\u00f3n m\u00e9dica aborda los desaf\u00edos \u00fanicos de la violencia en el lugar de trabajo y las pautas regulatorias de la industria de la salud. Analiza c\u00f3mo identificar, manejar y prevenir incidentes de violencia en hospitales, centros de atenci\u00f3n de urgencia y otros entornos m\u00e9dicos...&hellip;","_links":{"self":[{"href":"https:\/\/engagingsafetysolutions.com\/esp\/wp-json\/wp\/v2\/product\/11699","targetHints":{"allow":["GET"]}}],"collection":[{"href":"https:\/\/engagingsafetysolutions.com\/esp\/wp-json\/wp\/v2\/product"}],"about":[{"href":"https:\/\/engagingsafetysolutions.com\/esp\/wp-json\/wp\/v2\/types\/product"}],"version-history":[{"count":6,"href":"https:\/\/engagingsafetysolutions.com\/esp\/wp-json\/wp\/v2\/product\/11699\/revisions"}],"predecessor-version":[{"id":13318,"href":"https:\/\/engagingsafetysolutions.com\/esp\/wp-json\/wp\/v2\/product\/11699\/revisions\/13318"}],"wp:featuredmedia":[{"embeddable":true,"href":"https:\/\/engagingsafetysolutions.com\/esp\/wp-json\/wp\/v2\/media\/12215"}],"wp:attachment":[{"href":"https:\/\/engagingsafetysolutions.com\/esp\/wp-json\/wp\/v2\/media?parent=11699"}],"wp:term":[{"taxonomy":"product_brand","embeddable":true,"href":"https:\/\/engagingsafetysolutions.com\/esp\/wp-json\/wp\/v2\/product_brand?post=11699"},{"taxonomy":"product_cat","embeddable":true,"href":"https:\/\/engagingsafetysolutions.com\/esp\/wp-json\/wp\/v2\/product_cat?post=11699"},{"taxonomy":"product_tag","embeddable":true,"href":"https:\/\/engagingsafetysolutions.com\/esp\/wp-json\/wp\/v2\/product_tag?post=11699"}],"curies":[{"name":"wp","href":"https:\/\/api.w.org\/{rel}","templated":true}]}}