{"id":11698,"date":"2020-05-08T00:53:52","date_gmt":"2020-05-08T00:53:52","guid":{"rendered":"https:\/\/engagingsafetysolutions.com\/esp\/product\/violencia-en-el-lugar-de-trabajo\/"},"modified":"2025-08-18T16:44:49","modified_gmt":"2025-08-18T16:44:49","slug":"violencia-en-el-lugar-de-trabajo","status":"publish","type":"product","link":"https:\/\/engagingsafetysolutions.com\/esp\/product\/violencia-en-el-lugar-de-trabajo\/","title":{"rendered":"Violencia en el Lugar de Trabajo"},"content":{"rendered":"<p>El Programa sobre Violencia en el Lugar de Trabajo analiza informaci\u00f3n valiosa sobre c\u00f3mo reconocer, prevenir y manejar la violencia en el lugar de trabajo. Algunas personas creen que una &#8220;cierta cantidad de conflicto&#8221; en el trabajo es normal. Pero con demasiada frecuencia, las discusiones pueden convertirse en insultos, desaf\u00edos y amenazas. A veces, estos conflictos pueden incluso volverse f\u00edsicos y provocar lesiones graves&#8230; incluso la muerte. Todas estas situaciones son ejemplos de &#8220;violencia en el lugar de trabajo&#8221;&#8230; y pueden ocurrir en cualquier entorno laboral. Si lo hacen, puede ser estresante, malo para la moral y francamente peligroso. Entonces, \u00bfcu\u00e1nto conflicto es demasiado? \u00bfY d\u00f3nde trazamos la l\u00ednea? El programa incluye informaci\u00f3n sobre c\u00f3mo definir la violencia en su lugar de trabajo, se\u00f1ales de advertencia de que va a ocurrir violencia, c\u00f3mo manejar el comportamiento agresivo, c\u00f3mo Enfrentar con el comportamiento violento, crear un Programa de Prevenci\u00f3n de la Violencia en el Lugar de Trabajo y m\u00e1s.<\/p>\n","protected":false},"excerpt":{"rendered":"<p>El Programa de Violencia en el Lugar de Trabajo analiza informaci\u00f3n valiosa sobre c\u00f3mo reconocer, prevenir y manejar la violencia en el lugar de trabajo.<\/p>\n","protected":false},"featured_media":13356,"template":"","meta":{"_uag_custom_page_level_css":""},"product_brand":[],"product_cat":[51,32,52],"product_tag":[],"class_list":{"0":"post-11698","1":"product","2":"type-product","3":"status-publish","4":"has-post-thumbnail","6":"product_cat-elearning","7":"product_cat-usb","8":"product_cat-videos-en-demanda","10":"first","11":"instock","12":"sold-individually","13":"taxable","14":"shipping-taxable","15":"purchasable","16":"product-type-variable","17":"has-default-attributes"},"aioseo_notices":[],"uagb_featured_image_src":{"full":["https:\/\/engagingsafetysolutions.com\/esp\/wp-content\/uploads\/gen_405_action_photo.jpg",1920,1080,false],"thumbnail":["https:\/\/engagingsafetysolutions.com\/esp\/wp-content\/uploads\/gen_405_action_photo-150x150.jpg",150,150,true],"medium":["https:\/\/engagingsafetysolutions.com\/esp\/wp-content\/uploads\/gen_405_action_photo-300x169.jpg",300,169,true],"medium_large":["https:\/\/engagingsafetysolutions.com\/esp\/wp-content\/uploads\/gen_405_action_photo-768x432.jpg",768,432,true],"large":["https:\/\/engagingsafetysolutions.com\/esp\/wp-content\/uploads\/gen_405_action_photo-1024x576.jpg",1024,576,true],"1536x1536":["https:\/\/engagingsafetysolutions.com\/esp\/wp-content\/uploads\/gen_405_action_photo-1536x864.jpg",1536,864,true],"2048x2048":["https:\/\/engagingsafetysolutions.com\/esp\/wp-content\/uploads\/gen_405_action_photo.jpg",1920,1080,false],"woocommerce_thumbnail":["https:\/\/engagingsafetysolutions.com\/esp\/wp-content\/uploads\/gen_405_action_photo-300x225.jpg",300,225,true],"woocommerce_single":["https:\/\/engagingsafetysolutions.com\/esp\/wp-content\/uploads\/gen_405_action_photo-640x360.jpg",640,360,true],"woocommerce_gallery_thumbnail":["https:\/\/engagingsafetysolutions.com\/esp\/wp-content\/uploads\/gen_405_action_photo-100x100.jpg",100,100,true],"dgwt-wcas-product-suggestion":["https:\/\/engagingsafetysolutions.com\/esp\/wp-content\/uploads\/gen_405_action_photo-64x36.jpg",64,36,true]},"uagb_author_info":{"display_name":"evagomez","author_link":"https:\/\/engagingsafetysolutions.com\/esp\/author\/"},"uagb_comment_info":0,"uagb_excerpt":"El Programa de Violencia en el Lugar de Trabajo analiza informaci\u00f3n valiosa sobre c\u00f3mo reconocer, prevenir y manejar la violencia en el lugar de trabajo.","_links":{"self":[{"href":"https:\/\/engagingsafetysolutions.com\/esp\/wp-json\/wp\/v2\/product\/11698","targetHints":{"allow":["GET"]}}],"collection":[{"href":"https:\/\/engagingsafetysolutions.com\/esp\/wp-json\/wp\/v2\/product"}],"about":[{"href":"https:\/\/engagingsafetysolutions.com\/esp\/wp-json\/wp\/v2\/types\/product"}],"version-history":[{"count":4,"href":"https:\/\/engagingsafetysolutions.com\/esp\/wp-json\/wp\/v2\/product\/11698\/revisions"}],"predecessor-version":[{"id":14810,"href":"https:\/\/engagingsafetysolutions.com\/esp\/wp-json\/wp\/v2\/product\/11698\/revisions\/14810"}],"wp:featuredmedia":[{"embeddable":true,"href":"https:\/\/engagingsafetysolutions.com\/esp\/wp-json\/wp\/v2\/media\/13356"}],"wp:attachment":[{"href":"https:\/\/engagingsafetysolutions.com\/esp\/wp-json\/wp\/v2\/media?parent=11698"}],"wp:term":[{"taxonomy":"product_brand","embeddable":true,"href":"https:\/\/engagingsafetysolutions.com\/esp\/wp-json\/wp\/v2\/product_brand?post=11698"},{"taxonomy":"product_cat","embeddable":true,"href":"https:\/\/engagingsafetysolutions.com\/esp\/wp-json\/wp\/v2\/product_cat?post=11698"},{"taxonomy":"product_tag","embeddable":true,"href":"https:\/\/engagingsafetysolutions.com\/esp\/wp-json\/wp\/v2\/product_tag?post=11698"}],"curies":[{"name":"wp","href":"https:\/\/api.w.org\/{rel}","templated":true}]}}