{"id":11697,"date":"2020-05-08T00:53:52","date_gmt":"2020-05-08T00:53:52","guid":{"rendered":"https:\/\/engagingsafetysolutions.com\/esp\/product\/uso-de-los-extintores-de-incendios\/"},"modified":"2025-08-18T16:43:56","modified_gmt":"2025-08-18T16:43:56","slug":"uso-de-los-extintores-de-incendios","status":"publish","type":"product","link":"https:\/\/engagingsafetysolutions.com\/esp\/product\/uso-de-los-extintores-de-incendios\/","title":{"rendered":"Uso de los Extintores de Incendios"},"content":{"rendered":"<p>El programa Uso de extintores de incendios analiza diferentes tipos de incendios, analiza c\u00f3mo deben apagarse y explica c\u00f3mo los empleados pueden usar los extintores de manera efectiva y segura si ocurre una emergencia por incendio. Cada a\u00f1o se reportan m\u00e1s de un mill\u00f3n de emergencias por incendios en los EE. UU. Cuando ocurre un incendio en el lugar de trabajo, un empleado a menudo ser\u00e1 el primero en responder y los extintores de incendios se convierten en la primera l\u00ednea de defensa contra \u00e9l. El programa incluye informaci\u00f3n sobre c\u00f3mo arden los incendios, las clases de incendios, los extintores qu\u00edmicos secos y de di\u00f3xido de carbono, los extintores de agua y espuma, el uso de un extintor de incendios y m\u00e1s.<\/p>\n","protected":false},"excerpt":{"rendered":"<p>El programa Uso de extintores de incendios analiza diferentes tipos de incendios, analiza c\u00f3mo deben apagarse y explica c\u00f3mo los empleados pueden usar los extintores de manera efectiva y segura si ocurre una emergencia por incendio. <\/p>\n","protected":false},"featured_media":12496,"template":"","meta":{"_uag_custom_page_level_css":""},"product_brand":[],"product_cat":[68,51,32,52],"product_tag":[],"class_list":{"0":"post-11697","1":"product","2":"type-product","3":"status-publish","4":"has-post-thumbnail","6":"product_cat-dvd-2","7":"product_cat-elearning","8":"product_cat-usb","9":"product_cat-videos-en-demanda","11":"first","12":"instock","13":"sold-individually","14":"taxable","15":"shipping-taxable","16":"purchasable","17":"product-type-variable","18":"has-default-attributes"},"aioseo_notices":[],"uagb_featured_image_src":{"full":["https:\/\/engagingsafetysolutions.com\/esp\/wp-content\/uploads\/smk_294_action_photo.jpg",1421,1075,false],"thumbnail":["https:\/\/engagingsafetysolutions.com\/esp\/wp-content\/uploads\/smk_294_action_photo-150x150.jpg",150,150,true],"medium":["https:\/\/engagingsafetysolutions.com\/esp\/wp-content\/uploads\/smk_294_action_photo-300x227.jpg",300,227,true],"medium_large":["https:\/\/engagingsafetysolutions.com\/esp\/wp-content\/uploads\/smk_294_action_photo-768x581.jpg",768,581,true],"large":["https:\/\/engagingsafetysolutions.com\/esp\/wp-content\/uploads\/smk_294_action_photo-1024x775.jpg",1024,775,true],"1536x1536":["https:\/\/engagingsafetysolutions.com\/esp\/wp-content\/uploads\/smk_294_action_photo.jpg",1421,1075,false],"2048x2048":["https:\/\/engagingsafetysolutions.com\/esp\/wp-content\/uploads\/smk_294_action_photo.jpg",1421,1075,false],"woocommerce_thumbnail":["https:\/\/engagingsafetysolutions.com\/esp\/wp-content\/uploads\/smk_294_action_photo-300x225.jpg",300,225,true],"woocommerce_single":["https:\/\/engagingsafetysolutions.com\/esp\/wp-content\/uploads\/smk_294_action_photo-640x484.jpg",640,484,true],"woocommerce_gallery_thumbnail":["https:\/\/engagingsafetysolutions.com\/esp\/wp-content\/uploads\/smk_294_action_photo-100x100.jpg",100,100,true],"dgwt-wcas-product-suggestion":["https:\/\/engagingsafetysolutions.com\/esp\/wp-content\/uploads\/smk_294_action_photo-64x48.jpg",64,48,true]},"uagb_author_info":{"display_name":"evagomez","author_link":"https:\/\/engagingsafetysolutions.com\/esp\/author\/"},"uagb_comment_info":0,"uagb_excerpt":"El programa Uso de extintores de incendios analiza diferentes tipos de incendios, analiza c\u00f3mo deben apagarse y explica c\u00f3mo los empleados pueden usar los extintores de manera efectiva y segura si ocurre una emergencia por incendio.","_links":{"self":[{"href":"https:\/\/engagingsafetysolutions.com\/esp\/wp-json\/wp\/v2\/product\/11697","targetHints":{"allow":["GET"]}}],"collection":[{"href":"https:\/\/engagingsafetysolutions.com\/esp\/wp-json\/wp\/v2\/product"}],"about":[{"href":"https:\/\/engagingsafetysolutions.com\/esp\/wp-json\/wp\/v2\/types\/product"}],"version-history":[{"count":5,"href":"https:\/\/engagingsafetysolutions.com\/esp\/wp-json\/wp\/v2\/product\/11697\/revisions"}],"predecessor-version":[{"id":14692,"href":"https:\/\/engagingsafetysolutions.com\/esp\/wp-json\/wp\/v2\/product\/11697\/revisions\/14692"}],"wp:featuredmedia":[{"embeddable":true,"href":"https:\/\/engagingsafetysolutions.com\/esp\/wp-json\/wp\/v2\/media\/12496"}],"wp:attachment":[{"href":"https:\/\/engagingsafetysolutions.com\/esp\/wp-json\/wp\/v2\/media?parent=11697"}],"wp:term":[{"taxonomy":"product_brand","embeddable":true,"href":"https:\/\/engagingsafetysolutions.com\/esp\/wp-json\/wp\/v2\/product_brand?post=11697"},{"taxonomy":"product_cat","embeddable":true,"href":"https:\/\/engagingsafetysolutions.com\/esp\/wp-json\/wp\/v2\/product_cat?post=11697"},{"taxonomy":"product_tag","embeddable":true,"href":"https:\/\/engagingsafetysolutions.com\/esp\/wp-json\/wp\/v2\/product_tag?post=11697"}],"curies":[{"name":"wp","href":"https:\/\/api.w.org\/{rel}","templated":true}]}}