{"id":11695,"date":"2020-05-08T00:53:50","date_gmt":"2020-05-08T00:53:50","guid":{"rendered":"https:\/\/engagingsafetysolutions.com\/esp\/product\/tirador-activo-sobrevivir-un-ataque\/"},"modified":"2025-08-18T16:45:42","modified_gmt":"2025-08-18T16:45:42","slug":"tirador-activo-sobrevivir-un-ataque","status":"publish","type":"product","link":"https:\/\/engagingsafetysolutions.com\/esp\/product\/tirador-activo-sobrevivir-un-ataque\/","title":{"rendered":"Tirador Activo: Sobrevivir un Ataque"},"content":{"rendered":"<p>El programa Tirador activo: Sobrevivir a un ataque proporciona explicaciones paso a paso de las t\u00e9cnicas de supervivencia que las agencias de aplicaci\u00f3n de la ley recomiendan para ayudar a las personas a superar un incidente de tirador activo de manera segura. Con demasiada frecuencia en estos d\u00edas, escuchamos sobre incidentes de &#8220;tiradores activos&#8221; &#8230; m\u00faltiples tiroteos en locales nocturnos, zonas p\u00fablicas&#8230; y lugares de trabajo. \u00bfQu\u00e9 deben hacer los empleados para sobrevivir si algo as\u00ed sucede donde trabajan? El programa incluye informaci\u00f3n sobre c\u00f3mo prepararse para lo impredecible, reconocer y sobrevivir a un ataque, huir de un tirador, esconderse de un tirador, luchar contra un tirador, qu\u00e9 hacer cuando llega la polic\u00eda y m\u00e1s.<\/p>\n","protected":false},"excerpt":{"rendered":"<p>El programa Tirador activo: Sobrevivir a un ataque proporciona explicaciones paso a paso de las t\u00e9cnicas de supervivencia que las agencias de aplicaci\u00f3n de la ley recomiendan para ayudar a las personas a superar un incidente de tirador activo de manera segura. <\/p>\n","protected":false},"featured_media":12485,"template":"","meta":{"_uag_custom_page_level_css":""},"product_brand":[],"product_cat":[68,51,32,52],"product_tag":[],"class_list":{"0":"post-11695","1":"product","2":"type-product","3":"status-publish","4":"has-post-thumbnail","6":"product_cat-dvd-2","7":"product_cat-elearning","8":"product_cat-usb","9":"product_cat-videos-en-demanda","11":"first","12":"instock","13":"sold-individually","14":"taxable","15":"shipping-taxable","16":"purchasable","17":"product-type-variable","18":"has-default-attributes"},"aioseo_notices":[],"uagb_featured_image_src":{"full":["https:\/\/engagingsafetysolutions.com\/esp\/wp-content\/uploads\/smk_270_action_photo.jpg",1920,1080,false],"thumbnail":["https:\/\/engagingsafetysolutions.com\/esp\/wp-content\/uploads\/smk_270_action_photo-150x150.jpg",150,150,true],"medium":["https:\/\/engagingsafetysolutions.com\/esp\/wp-content\/uploads\/smk_270_action_photo-300x169.jpg",300,169,true],"medium_large":["https:\/\/engagingsafetysolutions.com\/esp\/wp-content\/uploads\/smk_270_action_photo-768x432.jpg",768,432,true],"large":["https:\/\/engagingsafetysolutions.com\/esp\/wp-content\/uploads\/smk_270_action_photo-1024x576.jpg",1024,576,true],"1536x1536":["https:\/\/engagingsafetysolutions.com\/esp\/wp-content\/uploads\/smk_270_action_photo-1536x864.jpg",1536,864,true],"2048x2048":["https:\/\/engagingsafetysolutions.com\/esp\/wp-content\/uploads\/smk_270_action_photo.jpg",1920,1080,false],"woocommerce_thumbnail":["https:\/\/engagingsafetysolutions.com\/esp\/wp-content\/uploads\/smk_270_action_photo-300x225.jpg",300,225,true],"woocommerce_single":["https:\/\/engagingsafetysolutions.com\/esp\/wp-content\/uploads\/smk_270_action_photo-640x360.jpg",640,360,true],"woocommerce_gallery_thumbnail":["https:\/\/engagingsafetysolutions.com\/esp\/wp-content\/uploads\/smk_270_action_photo-100x100.jpg",100,100,true],"dgwt-wcas-product-suggestion":["https:\/\/engagingsafetysolutions.com\/esp\/wp-content\/uploads\/smk_270_action_photo-64x36.jpg",64,36,true]},"uagb_author_info":{"display_name":"evagomez","author_link":"https:\/\/engagingsafetysolutions.com\/esp\/author\/"},"uagb_comment_info":0,"uagb_excerpt":"El programa Tirador activo: Sobrevivir a un ataque proporciona explicaciones paso a paso de las t\u00e9cnicas de supervivencia que las agencias de aplicaci\u00f3n de la ley recomiendan para ayudar a las personas a superar un incidente de tirador activo de manera segura.","_links":{"self":[{"href":"https:\/\/engagingsafetysolutions.com\/esp\/wp-json\/wp\/v2\/product\/11695","targetHints":{"allow":["GET"]}}],"collection":[{"href":"https:\/\/engagingsafetysolutions.com\/esp\/wp-json\/wp\/v2\/product"}],"about":[{"href":"https:\/\/engagingsafetysolutions.com\/esp\/wp-json\/wp\/v2\/types\/product"}],"version-history":[{"count":5,"href":"https:\/\/engagingsafetysolutions.com\/esp\/wp-json\/wp\/v2\/product\/11695\/revisions"}],"predecessor-version":[{"id":14690,"href":"https:\/\/engagingsafetysolutions.com\/esp\/wp-json\/wp\/v2\/product\/11695\/revisions\/14690"}],"wp:featuredmedia":[{"embeddable":true,"href":"https:\/\/engagingsafetysolutions.com\/esp\/wp-json\/wp\/v2\/media\/12485"}],"wp:attachment":[{"href":"https:\/\/engagingsafetysolutions.com\/esp\/wp-json\/wp\/v2\/media?parent=11695"}],"wp:term":[{"taxonomy":"product_brand","embeddable":true,"href":"https:\/\/engagingsafetysolutions.com\/esp\/wp-json\/wp\/v2\/product_brand?post=11695"},{"taxonomy":"product_cat","embeddable":true,"href":"https:\/\/engagingsafetysolutions.com\/esp\/wp-json\/wp\/v2\/product_cat?post=11695"},{"taxonomy":"product_tag","embeddable":true,"href":"https:\/\/engagingsafetysolutions.com\/esp\/wp-json\/wp\/v2\/product_tag?post=11695"}],"curies":[{"name":"wp","href":"https:\/\/api.w.org\/{rel}","templated":true}]}}